{"id":3823,"date":"2022-11-09T09:27:51","date_gmt":"2022-11-09T08:27:51","guid":{"rendered":"https:\/\/ladraa.com\/product\/veste-argo\/"},"modified":"2024-06-30T07:58:10","modified_gmt":"2024-06-30T06:58:10","slug":"veste-argo","status":"publish","type":"product","link":"https:\/\/ladraa.com\/fr\/produit\/veste-argo\/","title":{"rendered":"Veste Argo"},"content":{"rendered":"","protected":false},"excerpt":{"rendered":"","protected":false},"featured_media":3587,"comment_status":"open","ping_status":"closed","template":"","meta":[],"product_cat":[187],"product_tag":[109,198,110,127,214],"class_list":["post-3823","product","type-product","status-publish","has-post-thumbnail","hentry","product_cat-mds-basics-fr","product_tag-beige-fr","product_tag-camel-fr","product_tag-noir","product_tag-tenue-traditionnelle-marocaine","product_tag-veste-fr","layout-style-2","col-md-4 col-sm-4 col-xs-6","product-has-gallery","product-style-addtocart"],"yoast_head":"<!-- This site is optimized with the Yoast SEO plugin v24.7 - https:\/\/yoast.com\/wordpress\/plugins\/seo\/ -->\n<title>Veste Argo | Habits traditionnels marocains | LADRAA<\/title>\n<meta name=\"description\" content=\"Obtenez Veste Argo, une cr\u00e9ation originale de LADRAA qui combine la mode, l&#039;art et les v\u00eatements traditionnels marocains. Exp\u00e9dition dans le monde entier.\" \/>\n<meta name=\"robots\" content=\"index, follow, max-snippet:-1, max-image-preview:large, max-video-preview:-1\" \/>\n<link rel=\"canonical\" href=\"https:\/\/ladraa.com\/fr\/produit\/veste-argo\/\" \/>\n<meta property=\"og:locale\" content=\"fr_FR\" \/>\n<meta property=\"og:type\" content=\"article\" \/>\n<meta property=\"og:title\" content=\"Veste Argo | Habits traditionnels marocains | LADRAA\" \/>\n<meta property=\"og:description\" content=\"Obtenez Veste Argo, une cr\u00e9ation originale de LADRAA qui combine la mode, l&#039;art et les v\u00eatements traditionnels marocains. Exp\u00e9dition dans le monde entier.\" \/>\n<meta property=\"og:url\" content=\"https:\/\/ladraa.com\/fr\/produit\/veste-argo\/\" \/>\n<meta property=\"og:site_name\" content=\"LADRAA\" \/>\n<meta property=\"article:publisher\" content=\"https:\/\/facebook.com\/Ladraaofficial\" \/>\n<meta property=\"article:modified_time\" content=\"2024-06-30T06:58:10+00:00\" \/>\n<meta property=\"og:image\" content=\"https:\/\/ladraa.com\/wp-content\/uploads\/2022\/11\/dreamy-look-5-2-scaled.jpg\" \/>\n\t<meta property=\"og:image:width\" content=\"2560\" \/>\n\t<meta property=\"og:image:height\" content=\"2560\" \/>\n\t<meta property=\"og:image:type\" content=\"image\/jpeg\" \/>\n<meta name=\"twitter:card\" content=\"summary_large_image\" \/>\n<script type=\"application\/ld+json\" class=\"yoast-schema-graph\">{\"@context\":\"https:\/\/schema.org\",\"@graph\":[{\"@type\":\"WebPage\",\"@id\":\"https:\/\/ladraa.com\/fr\/produit\/veste-argo\/\",\"url\":\"https:\/\/ladraa.com\/fr\/produit\/veste-argo\/\",\"name\":\"Veste Argo | Habits traditionnels marocains | LADRAA\",\"isPartOf\":{\"@id\":\"https:\/\/ladraa.com\/fr\/#website\"},\"primaryImageOfPage\":{\"@id\":\"https:\/\/ladraa.com\/fr\/produit\/veste-argo\/#primaryimage\"},\"image\":{\"@id\":\"https:\/\/ladraa.com\/fr\/produit\/veste-argo\/#primaryimage\"},\"thumbnailUrl\":\"https:\/\/ladraa.com\/wp-content\/uploads\/2022\/11\/dreamy-look-5-2-scaled.jpg\",\"datePublished\":\"2022-11-09T08:27:51+00:00\",\"dateModified\":\"2024-06-30T06:58:10+00:00\",\"description\":\"Obtenez Veste Argo, une cr\u00e9ation originale de LADRAA qui combine la mode, l'art et les v\u00eatements traditionnels marocains. Exp\u00e9dition dans le monde entier.\",\"breadcrumb\":{\"@id\":\"https:\/\/ladraa.com\/fr\/produit\/veste-argo\/#breadcrumb\"},\"inLanguage\":\"fr-FR\",\"potentialAction\":[{\"@type\":\"ReadAction\",\"target\":[\"https:\/\/ladraa.com\/fr\/produit\/veste-argo\/\"]}]},{\"@type\":\"ImageObject\",\"inLanguage\":\"fr-FR\",\"@id\":\"https:\/\/ladraa.com\/fr\/produit\/veste-argo\/#primaryimage\",\"url\":\"https:\/\/ladraa.com\/wp-content\/uploads\/2022\/11\/dreamy-look-5-2-scaled.jpg\",\"contentUrl\":\"https:\/\/ladraa.com\/wp-content\/uploads\/2022\/11\/dreamy-look-5-2-scaled.jpg\",\"width\":2560,\"height\":2560},{\"@type\":\"BreadcrumbList\",\"@id\":\"https:\/\/ladraa.com\/fr\/produit\/veste-argo\/#breadcrumb\",\"itemListElement\":[{\"@type\":\"ListItem\",\"position\":1,\"name\":\"Accueil\",\"item\":\"https:\/\/ladraa.com\/fr\/\"},{\"@type\":\"ListItem\",\"position\":2,\"name\":\"Boutique\",\"item\":\"https:\/\/ladraa.com\/fr\/boutique\/\"},{\"@type\":\"ListItem\",\"position\":3,\"name\":\"Veste Argo\"}]},{\"@type\":\"WebSite\",\"@id\":\"https:\/\/ladraa.com\/fr\/#website\",\"url\":\"https:\/\/ladraa.com\/fr\/\",\"name\":\"LADRAA\",\"description\":\"Moroccan fashion &amp; traditional brand\",\"publisher\":{\"@id\":\"https:\/\/ladraa.com\/fr\/#organization\"},\"potentialAction\":[{\"@type\":\"SearchAction\",\"target\":{\"@type\":\"EntryPoint\",\"urlTemplate\":\"https:\/\/ladraa.com\/fr\/?s={search_term_string}\"},\"query-input\":{\"@type\":\"PropertyValueSpecification\",\"valueRequired\":true,\"valueName\":\"search_term_string\"}}],\"inLanguage\":\"fr-FR\"},{\"@type\":\"Organization\",\"@id\":\"https:\/\/ladraa.com\/fr\/#organization\",\"name\":\"LADRAA\",\"url\":\"https:\/\/ladraa.com\/fr\/\",\"logo\":{\"@type\":\"ImageObject\",\"inLanguage\":\"fr-FR\",\"@id\":\"https:\/\/ladraa.com\/fr\/#\/schema\/logo\/image\/\",\"url\":\"https:\/\/ladraa.com\/wp-content\/uploads\/2022\/04\/Ladraa-Logo-B.png\",\"contentUrl\":\"https:\/\/ladraa.com\/wp-content\/uploads\/2022\/04\/Ladraa-Logo-B.png\",\"width\":3829,\"height\":1427,\"caption\":\"LADRAA\"},\"image\":{\"@id\":\"https:\/\/ladraa.com\/fr\/#\/schema\/logo\/image\/\"},\"sameAs\":[\"https:\/\/facebook.com\/Ladraaofficial\",\"https:\/\/instagram.com\/ladraa_\",\"https:\/\/pinterest.com\/Ladraaofficial\/\"]}]}<\/script>\n<!-- \/ Yoast SEO plugin. -->","yoast_head_json":{"title":"Veste Argo | Habits traditionnels marocains | LADRAA","description":"Obtenez Veste Argo, une cr\u00e9ation originale de LADRAA qui combine la mode, l'art et les v\u00eatements traditionnels marocains. Exp\u00e9dition dans le monde entier.","robots":{"index":"index","follow":"follow","max-snippet":"max-snippet:-1","max-image-preview":"max-image-preview:large","max-video-preview":"max-video-preview:-1"},"canonical":"https:\/\/ladraa.com\/fr\/produit\/veste-argo\/","og_locale":"fr_FR","og_type":"article","og_title":"Veste Argo | Habits traditionnels marocains | LADRAA","og_description":"Obtenez Veste Argo, une cr\u00e9ation originale de LADRAA qui combine la mode, l'art et les v\u00eatements traditionnels marocains. Exp\u00e9dition dans le monde entier.","og_url":"https:\/\/ladraa.com\/fr\/produit\/veste-argo\/","og_site_name":"LADRAA","article_publisher":"https:\/\/facebook.com\/Ladraaofficial","article_modified_time":"2024-06-30T06:58:10+00:00","og_image":[{"width":2560,"height":2560,"url":"https:\/\/ladraa.com\/wp-content\/uploads\/2022\/11\/dreamy-look-5-2-scaled.jpg","type":"image\/jpeg"}],"twitter_card":"summary_large_image","schema":{"@context":"https:\/\/schema.org","@graph":[{"@type":"WebPage","@id":"https:\/\/ladraa.com\/fr\/produit\/veste-argo\/","url":"https:\/\/ladraa.com\/fr\/produit\/veste-argo\/","name":"Veste Argo | Habits traditionnels marocains | LADRAA","isPartOf":{"@id":"https:\/\/ladraa.com\/fr\/#website"},"primaryImageOfPage":{"@id":"https:\/\/ladraa.com\/fr\/produit\/veste-argo\/#primaryimage"},"image":{"@id":"https:\/\/ladraa.com\/fr\/produit\/veste-argo\/#primaryimage"},"thumbnailUrl":"https:\/\/ladraa.com\/wp-content\/uploads\/2022\/11\/dreamy-look-5-2-scaled.jpg","datePublished":"2022-11-09T08:27:51+00:00","dateModified":"2024-06-30T06:58:10+00:00","description":"Obtenez Veste Argo, une cr\u00e9ation originale de LADRAA qui combine la mode, l'art et les v\u00eatements traditionnels marocains. Exp\u00e9dition dans le monde entier.","breadcrumb":{"@id":"https:\/\/ladraa.com\/fr\/produit\/veste-argo\/#breadcrumb"},"inLanguage":"fr-FR","potentialAction":[{"@type":"ReadAction","target":["https:\/\/ladraa.com\/fr\/produit\/veste-argo\/"]}]},{"@type":"ImageObject","inLanguage":"fr-FR","@id":"https:\/\/ladraa.com\/fr\/produit\/veste-argo\/#primaryimage","url":"https:\/\/ladraa.com\/wp-content\/uploads\/2022\/11\/dreamy-look-5-2-scaled.jpg","contentUrl":"https:\/\/ladraa.com\/wp-content\/uploads\/2022\/11\/dreamy-look-5-2-scaled.jpg","width":2560,"height":2560},{"@type":"BreadcrumbList","@id":"https:\/\/ladraa.com\/fr\/produit\/veste-argo\/#breadcrumb","itemListElement":[{"@type":"ListItem","position":1,"name":"Accueil","item":"https:\/\/ladraa.com\/fr\/"},{"@type":"ListItem","position":2,"name":"Boutique","item":"https:\/\/ladraa.com\/fr\/boutique\/"},{"@type":"ListItem","position":3,"name":"Veste Argo"}]},{"@type":"WebSite","@id":"https:\/\/ladraa.com\/fr\/#website","url":"https:\/\/ladraa.com\/fr\/","name":"LADRAA","description":"Moroccan fashion &amp; traditional brand","publisher":{"@id":"https:\/\/ladraa.com\/fr\/#organization"},"potentialAction":[{"@type":"SearchAction","target":{"@type":"EntryPoint","urlTemplate":"https:\/\/ladraa.com\/fr\/?s={search_term_string}"},"query-input":{"@type":"PropertyValueSpecification","valueRequired":true,"valueName":"search_term_string"}}],"inLanguage":"fr-FR"},{"@type":"Organization","@id":"https:\/\/ladraa.com\/fr\/#organization","name":"LADRAA","url":"https:\/\/ladraa.com\/fr\/","logo":{"@type":"ImageObject","inLanguage":"fr-FR","@id":"https:\/\/ladraa.com\/fr\/#\/schema\/logo\/image\/","url":"https:\/\/ladraa.com\/wp-content\/uploads\/2022\/04\/Ladraa-Logo-B.png","contentUrl":"https:\/\/ladraa.com\/wp-content\/uploads\/2022\/04\/Ladraa-Logo-B.png","width":3829,"height":1427,"caption":"LADRAA"},"image":{"@id":"https:\/\/ladraa.com\/fr\/#\/schema\/logo\/image\/"},"sameAs":["https:\/\/facebook.com\/Ladraaofficial","https:\/\/instagram.com\/ladraa_","https:\/\/pinterest.com\/Ladraaofficial\/"]}]}},"_links":{"self":[{"href":"https:\/\/ladraa.com\/fr\/wp-json\/wp\/v2\/product\/3823","targetHints":{"allow":["GET"]}}],"collection":[{"href":"https:\/\/ladraa.com\/fr\/wp-json\/wp\/v2\/product"}],"about":[{"href":"https:\/\/ladraa.com\/fr\/wp-json\/wp\/v2\/types\/product"}],"replies":[{"embeddable":true,"href":"https:\/\/ladraa.com\/fr\/wp-json\/wp\/v2\/comments?post=3823"}],"wp:featuredmedia":[{"embeddable":true,"href":"https:\/\/ladraa.com\/fr\/wp-json\/wp\/v2\/media\/3587"}],"wp:attachment":[{"href":"https:\/\/ladraa.com\/fr\/wp-json\/wp\/v2\/media?parent=3823"}],"wp:term":[{"taxonomy":"product_cat","embeddable":true,"href":"https:\/\/ladraa.com\/fr\/wp-json\/wp\/v2\/product_cat?post=3823"},{"taxonomy":"product_tag","embeddable":true,"href":"https:\/\/ladraa.com\/fr\/wp-json\/wp\/v2\/product_tag?post=3823"}],"curies":[{"name":"wp","href":"https:\/\/api.w.org\/{rel}","templated":true}]}}