{"id":3419,"date":"2022-06-20T18:35:32","date_gmt":"2022-06-20T17:35:32","guid":{"rendered":"https:\/\/ladraa.com\/product\/dfina-chemise-jaouhara-noire-fleuri\/"},"modified":"2022-07-12T17:24:44","modified_gmt":"2022-07-12T16:24:44","slug":"dfina-shirt-jaouhara-floral-black-2","status":"publish","type":"product","link":"https:\/\/ladraa.com\/fr\/produit\/dfina-shirt-jaouhara-floral-black-2\/","title":{"rendered":"Dfina (Chemise) Jaouhara &#8211; Noire Fleuri"},"content":{"rendered":"<p>Dfina, une tenue traditionnelle marocaine. C&#8221;est une chemise \u00e0 col V ouvert sur le devant avec fente sur les c\u00f4t\u00e9s et manches longues. Fermeture avant avec une poche imprim\u00e9e.<\/p>\n<p>La majestueuse Dfina se d\u00e9fait de son solennel, pour \u00e9pouser les tenues plus d\u00e9contract\u00e9es des femmes Ladraa, reines de tous les jours. Tenue de r\u00e9f\u00e9rence de la c\u00e9l\u00e8bre Lalla Massouada, femme de pouvoir chez les M\u00e9rinides; connue pour int\u00e9grer les femmes dans les d\u00e9cisions publiques. La jawhara vert d\u2019eau, et son subtil m\u00e9lange de dorures et d\u2019\u00e9l\u00e9gantes fleurs, devient donc symbole d\u2019\u00e9mancipation et de prise de pouvoir pour celles qui la portent, \u00e9pousant ainsi leurs formes et affirmant leur puissance.<\/p>\n<p>La Dfina (Chemise) Jaouhara &#8211; Noire Fleuri est disponible en trois tailles : Petit (S), Moyen (M) et Large (L).<\/p>\n","protected":false},"excerpt":{"rendered":"<p>Dfina, une tenue traditionnelle marocaine. C&#8221;est une chemise \u00e0 col V ouvert sur le devant avec fente sur les c\u00f4t\u00e9s et manches longues. Fermeture avant avec une poche imprim\u00e9e.<\/p>\n<p>La majestueuse Dfina se d\u00e9fait de son solennel, pour \u00e9pouser les tenues plus d\u00e9contract\u00e9es des femmes Ladraa, reines de tous les jours.<\/p>\n<p>La Dfina (Chemise) Jaouhara &#8211; Noire Fleuri est disponible en trois tailles : Petit (S), Moyen (M) et Large (L).<\/p>\n","protected":false},"featured_media":3280,"comment_status":"open","ping_status":"closed","template":"","meta":[],"product_cat":[104],"product_tag":[133,116,118,110,127],"class_list":["post-3419","product","type-product","status-publish","has-post-thumbnail","hentry","product_cat-rebirth-21-fr","product_tag-chemise","product_tag-dfina-fr","product_tag-fleuri","product_tag-noir","product_tag-tenue-traditionnelle-marocaine","layout-style-2","col-md-4 col-sm-4 col-xs-6","product-has-gallery","product-style-addtocart"],"yoast_head":"<!-- This site is optimized with the Yoast SEO plugin v24.7 - https:\/\/yoast.com\/wordpress\/plugins\/seo\/ -->\n<title>Dfina (Chemise) Jaouhara - Noire Fleuri | Habits traditionnels marocains | LADRAA<\/title>\n<meta name=\"description\" content=\"Obtenez Dfina (Chemise) Jaouhara - Noire Fleuri, une cr\u00e9ation originale de LADRAA qui combine la mode, l&#039;art et les v\u00eatements traditionnels marocains. Exp\u00e9dition dans le monde entier.\" \/>\n<meta name=\"robots\" content=\"index, follow, max-snippet:-1, max-image-preview:large, max-video-preview:-1\" \/>\n<link rel=\"canonical\" href=\"https:\/\/ladraa.com\/fr\/produit\/dfina-shirt-jaouhara-floral-black-2\/\" \/>\n<meta property=\"og:locale\" content=\"fr_FR\" \/>\n<meta property=\"og:type\" content=\"article\" \/>\n<meta property=\"og:title\" content=\"Dfina (Chemise) Jaouhara - Noire Fleuri | Habits traditionnels marocains | LADRAA\" \/>\n<meta property=\"og:description\" content=\"Obtenez Dfina (Chemise) Jaouhara - Noire Fleuri, une cr\u00e9ation originale de LADRAA qui combine la mode, l&#039;art et les v\u00eatements traditionnels marocains. Exp\u00e9dition dans le monde entier.\" \/>\n<meta property=\"og:url\" content=\"https:\/\/ladraa.com\/fr\/produit\/dfina-shirt-jaouhara-floral-black-2\/\" \/>\n<meta property=\"og:site_name\" content=\"LADRAA\" \/>\n<meta property=\"article:publisher\" content=\"https:\/\/facebook.com\/Ladraaofficial\" \/>\n<meta property=\"article:modified_time\" content=\"2022-07-12T16:24:44+00:00\" \/>\n<meta property=\"og:image\" content=\"https:\/\/ladraa.com\/wp-content\/uploads\/2022\/06\/ladraa-caftan-morocco-fashion-design-dress-kimono-beachwear-fashioweek-jellaba-dfina-noir-3.jpg\" \/>\n\t<meta property=\"og:image:width\" content=\"950\" \/>\n\t<meta property=\"og:image:height\" content=\"1425\" \/>\n\t<meta property=\"og:image:type\" content=\"image\/jpeg\" \/>\n<meta name=\"twitter:card\" content=\"summary_large_image\" \/>\n<meta name=\"twitter:label1\" content=\"Dur\u00e9e de lecture estim\u00e9e\" \/>\n\t<meta name=\"twitter:data1\" content=\"1 minute\" \/>\n<script type=\"application\/ld+json\" class=\"yoast-schema-graph\">{\"@context\":\"https:\/\/schema.org\",\"@graph\":[{\"@type\":\"WebPage\",\"@id\":\"https:\/\/ladraa.com\/fr\/produit\/dfina-shirt-jaouhara-floral-black-2\/\",\"url\":\"https:\/\/ladraa.com\/fr\/produit\/dfina-shirt-jaouhara-floral-black-2\/\",\"name\":\"Dfina (Chemise) Jaouhara - Noire Fleuri | Habits traditionnels marocains | LADRAA\",\"isPartOf\":{\"@id\":\"https:\/\/ladraa.com\/fr\/#website\"},\"primaryImageOfPage\":{\"@id\":\"https:\/\/ladraa.com\/fr\/produit\/dfina-shirt-jaouhara-floral-black-2\/#primaryimage\"},\"image\":{\"@id\":\"https:\/\/ladraa.com\/fr\/produit\/dfina-shirt-jaouhara-floral-black-2\/#primaryimage\"},\"thumbnailUrl\":\"https:\/\/ladraa.com\/wp-content\/uploads\/2022\/06\/ladraa-caftan-morocco-fashion-design-dress-kimono-beachwear-fashioweek-jellaba-dfina-noir-3.jpg\",\"datePublished\":\"2022-06-20T17:35:32+00:00\",\"dateModified\":\"2022-07-12T16:24:44+00:00\",\"description\":\"Obtenez Dfina (Chemise) Jaouhara - Noire Fleuri, une cr\u00e9ation originale de LADRAA qui combine la mode, l'art et les v\u00eatements traditionnels marocains. Exp\u00e9dition dans le monde entier.\",\"breadcrumb\":{\"@id\":\"https:\/\/ladraa.com\/fr\/produit\/dfina-shirt-jaouhara-floral-black-2\/#breadcrumb\"},\"inLanguage\":\"fr-FR\",\"potentialAction\":[{\"@type\":\"ReadAction\",\"target\":[\"https:\/\/ladraa.com\/fr\/produit\/dfina-shirt-jaouhara-floral-black-2\/\"]}]},{\"@type\":\"ImageObject\",\"inLanguage\":\"fr-FR\",\"@id\":\"https:\/\/ladraa.com\/fr\/produit\/dfina-shirt-jaouhara-floral-black-2\/#primaryimage\",\"url\":\"https:\/\/ladraa.com\/wp-content\/uploads\/2022\/06\/ladraa-caftan-morocco-fashion-design-dress-kimono-beachwear-fashioweek-jellaba-dfina-noir-3.jpg\",\"contentUrl\":\"https:\/\/ladraa.com\/wp-content\/uploads\/2022\/06\/ladraa-caftan-morocco-fashion-design-dress-kimono-beachwear-fashioweek-jellaba-dfina-noir-3.jpg\",\"width\":950,\"height\":1425,\"caption\":\"ladraa-caftan-morocco-fashion-design-dress-kimono-beachwear-fashioweek-jellaba-dfina-noir-black-\"},{\"@type\":\"BreadcrumbList\",\"@id\":\"https:\/\/ladraa.com\/fr\/produit\/dfina-shirt-jaouhara-floral-black-2\/#breadcrumb\",\"itemListElement\":[{\"@type\":\"ListItem\",\"position\":1,\"name\":\"Accueil\",\"item\":\"https:\/\/ladraa.com\/fr\/\"},{\"@type\":\"ListItem\",\"position\":2,\"name\":\"Boutique\",\"item\":\"https:\/\/ladraa.com\/fr\/boutique\/\"},{\"@type\":\"ListItem\",\"position\":3,\"name\":\"Dfina (Chemise) Jaouhara &#8211; Noire Fleuri\"}]},{\"@type\":\"WebSite\",\"@id\":\"https:\/\/ladraa.com\/fr\/#website\",\"url\":\"https:\/\/ladraa.com\/fr\/\",\"name\":\"LADRAA\",\"description\":\"Moroccan fashion &amp; traditional brand\",\"publisher\":{\"@id\":\"https:\/\/ladraa.com\/fr\/#organization\"},\"potentialAction\":[{\"@type\":\"SearchAction\",\"target\":{\"@type\":\"EntryPoint\",\"urlTemplate\":\"https:\/\/ladraa.com\/fr\/?s={search_term_string}\"},\"query-input\":{\"@type\":\"PropertyValueSpecification\",\"valueRequired\":true,\"valueName\":\"search_term_string\"}}],\"inLanguage\":\"fr-FR\"},{\"@type\":\"Organization\",\"@id\":\"https:\/\/ladraa.com\/fr\/#organization\",\"name\":\"LADRAA\",\"url\":\"https:\/\/ladraa.com\/fr\/\",\"logo\":{\"@type\":\"ImageObject\",\"inLanguage\":\"fr-FR\",\"@id\":\"https:\/\/ladraa.com\/fr\/#\/schema\/logo\/image\/\",\"url\":\"https:\/\/ladraa.com\/wp-content\/uploads\/2022\/04\/Ladraa-Logo-B.png\",\"contentUrl\":\"https:\/\/ladraa.com\/wp-content\/uploads\/2022\/04\/Ladraa-Logo-B.png\",\"width\":3829,\"height\":1427,\"caption\":\"LADRAA\"},\"image\":{\"@id\":\"https:\/\/ladraa.com\/fr\/#\/schema\/logo\/image\/\"},\"sameAs\":[\"https:\/\/facebook.com\/Ladraaofficial\",\"https:\/\/instagram.com\/ladraa_\",\"https:\/\/pinterest.com\/Ladraaofficial\/\"]}]}<\/script>\n<!-- \/ Yoast SEO plugin. -->","yoast_head_json":{"title":"Dfina (Chemise) Jaouhara - Noire Fleuri | Habits traditionnels marocains | LADRAA","description":"Obtenez Dfina (Chemise) Jaouhara - Noire Fleuri, une cr\u00e9ation originale de LADRAA qui combine la mode, l'art et les v\u00eatements traditionnels marocains. Exp\u00e9dition dans le monde entier.","robots":{"index":"index","follow":"follow","max-snippet":"max-snippet:-1","max-image-preview":"max-image-preview:large","max-video-preview":"max-video-preview:-1"},"canonical":"https:\/\/ladraa.com\/fr\/produit\/dfina-shirt-jaouhara-floral-black-2\/","og_locale":"fr_FR","og_type":"article","og_title":"Dfina (Chemise) Jaouhara - Noire Fleuri | Habits traditionnels marocains | LADRAA","og_description":"Obtenez Dfina (Chemise) Jaouhara - Noire Fleuri, une cr\u00e9ation originale de LADRAA qui combine la mode, l'art et les v\u00eatements traditionnels marocains. Exp\u00e9dition dans le monde entier.","og_url":"https:\/\/ladraa.com\/fr\/produit\/dfina-shirt-jaouhara-floral-black-2\/","og_site_name":"LADRAA","article_publisher":"https:\/\/facebook.com\/Ladraaofficial","article_modified_time":"2022-07-12T16:24:44+00:00","og_image":[{"width":950,"height":1425,"url":"https:\/\/ladraa.com\/wp-content\/uploads\/2022\/06\/ladraa-caftan-morocco-fashion-design-dress-kimono-beachwear-fashioweek-jellaba-dfina-noir-3.jpg","type":"image\/jpeg"}],"twitter_card":"summary_large_image","twitter_misc":{"Dur\u00e9e de lecture estim\u00e9e":"1 minute"},"schema":{"@context":"https:\/\/schema.org","@graph":[{"@type":"WebPage","@id":"https:\/\/ladraa.com\/fr\/produit\/dfina-shirt-jaouhara-floral-black-2\/","url":"https:\/\/ladraa.com\/fr\/produit\/dfina-shirt-jaouhara-floral-black-2\/","name":"Dfina (Chemise) Jaouhara - Noire Fleuri | Habits traditionnels marocains | LADRAA","isPartOf":{"@id":"https:\/\/ladraa.com\/fr\/#website"},"primaryImageOfPage":{"@id":"https:\/\/ladraa.com\/fr\/produit\/dfina-shirt-jaouhara-floral-black-2\/#primaryimage"},"image":{"@id":"https:\/\/ladraa.com\/fr\/produit\/dfina-shirt-jaouhara-floral-black-2\/#primaryimage"},"thumbnailUrl":"https:\/\/ladraa.com\/wp-content\/uploads\/2022\/06\/ladraa-caftan-morocco-fashion-design-dress-kimono-beachwear-fashioweek-jellaba-dfina-noir-3.jpg","datePublished":"2022-06-20T17:35:32+00:00","dateModified":"2022-07-12T16:24:44+00:00","description":"Obtenez Dfina (Chemise) Jaouhara - Noire Fleuri, une cr\u00e9ation originale de LADRAA qui combine la mode, l'art et les v\u00eatements traditionnels marocains. Exp\u00e9dition dans le monde entier.","breadcrumb":{"@id":"https:\/\/ladraa.com\/fr\/produit\/dfina-shirt-jaouhara-floral-black-2\/#breadcrumb"},"inLanguage":"fr-FR","potentialAction":[{"@type":"ReadAction","target":["https:\/\/ladraa.com\/fr\/produit\/dfina-shirt-jaouhara-floral-black-2\/"]}]},{"@type":"ImageObject","inLanguage":"fr-FR","@id":"https:\/\/ladraa.com\/fr\/produit\/dfina-shirt-jaouhara-floral-black-2\/#primaryimage","url":"https:\/\/ladraa.com\/wp-content\/uploads\/2022\/06\/ladraa-caftan-morocco-fashion-design-dress-kimono-beachwear-fashioweek-jellaba-dfina-noir-3.jpg","contentUrl":"https:\/\/ladraa.com\/wp-content\/uploads\/2022\/06\/ladraa-caftan-morocco-fashion-design-dress-kimono-beachwear-fashioweek-jellaba-dfina-noir-3.jpg","width":950,"height":1425,"caption":"ladraa-caftan-morocco-fashion-design-dress-kimono-beachwear-fashioweek-jellaba-dfina-noir-black-"},{"@type":"BreadcrumbList","@id":"https:\/\/ladraa.com\/fr\/produit\/dfina-shirt-jaouhara-floral-black-2\/#breadcrumb","itemListElement":[{"@type":"ListItem","position":1,"name":"Accueil","item":"https:\/\/ladraa.com\/fr\/"},{"@type":"ListItem","position":2,"name":"Boutique","item":"https:\/\/ladraa.com\/fr\/boutique\/"},{"@type":"ListItem","position":3,"name":"Dfina (Chemise) Jaouhara &#8211; Noire Fleuri"}]},{"@type":"WebSite","@id":"https:\/\/ladraa.com\/fr\/#website","url":"https:\/\/ladraa.com\/fr\/","name":"LADRAA","description":"Moroccan fashion &amp; traditional brand","publisher":{"@id":"https:\/\/ladraa.com\/fr\/#organization"},"potentialAction":[{"@type":"SearchAction","target":{"@type":"EntryPoint","urlTemplate":"https:\/\/ladraa.com\/fr\/?s={search_term_string}"},"query-input":{"@type":"PropertyValueSpecification","valueRequired":true,"valueName":"search_term_string"}}],"inLanguage":"fr-FR"},{"@type":"Organization","@id":"https:\/\/ladraa.com\/fr\/#organization","name":"LADRAA","url":"https:\/\/ladraa.com\/fr\/","logo":{"@type":"ImageObject","inLanguage":"fr-FR","@id":"https:\/\/ladraa.com\/fr\/#\/schema\/logo\/image\/","url":"https:\/\/ladraa.com\/wp-content\/uploads\/2022\/04\/Ladraa-Logo-B.png","contentUrl":"https:\/\/ladraa.com\/wp-content\/uploads\/2022\/04\/Ladraa-Logo-B.png","width":3829,"height":1427,"caption":"LADRAA"},"image":{"@id":"https:\/\/ladraa.com\/fr\/#\/schema\/logo\/image\/"},"sameAs":["https:\/\/facebook.com\/Ladraaofficial","https:\/\/instagram.com\/ladraa_","https:\/\/pinterest.com\/Ladraaofficial\/"]}]}},"_links":{"self":[{"href":"https:\/\/ladraa.com\/fr\/wp-json\/wp\/v2\/product\/3419","targetHints":{"allow":["GET"]}}],"collection":[{"href":"https:\/\/ladraa.com\/fr\/wp-json\/wp\/v2\/product"}],"about":[{"href":"https:\/\/ladraa.com\/fr\/wp-json\/wp\/v2\/types\/product"}],"replies":[{"embeddable":true,"href":"https:\/\/ladraa.com\/fr\/wp-json\/wp\/v2\/comments?post=3419"}],"wp:featuredmedia":[{"embeddable":true,"href":"https:\/\/ladraa.com\/fr\/wp-json\/wp\/v2\/media\/3280"}],"wp:attachment":[{"href":"https:\/\/ladraa.com\/fr\/wp-json\/wp\/v2\/media?parent=3419"}],"wp:term":[{"taxonomy":"product_cat","embeddable":true,"href":"https:\/\/ladraa.com\/fr\/wp-json\/wp\/v2\/product_cat?post=3419"},{"taxonomy":"product_tag","embeddable":true,"href":"https:\/\/ladraa.com\/fr\/wp-json\/wp\/v2\/product_tag?post=3419"}],"curies":[{"name":"wp","href":"https:\/\/api.w.org\/{rel}","templated":true}]}}