{"id":3403,"date":"2022-06-20T19:09:50","date_gmt":"2022-06-20T18:09:50","guid":{"rendered":"https:\/\/ladraa.com\/product\/lkbira-veste-robe-blanche\/"},"modified":"2024-03-15T11:33:40","modified_gmt":"2024-03-15T11:33:40","slug":"lkbira-jacket-dress-white-2","status":"publish","type":"product","link":"https:\/\/ladraa.com\/fr\/produit\/lkbira-jacket-dress-white-2\/","title":{"rendered":"Lkbira (Veste\/Robe) &#8211; Blanche"},"content":{"rendered":"<p>Lkbira est une robe\/veste courte ouverte des deux c\u00f4t\u00e9s, simple et pratique. Inspir\u00e9e de la tenue marocaine Lkbira, avec une encolure en V d\u00e9gag\u00e9e devant et une encolure bateau imprim\u00e9e dans le dos, demi-manches et fermeture zipp\u00e9e dissimul\u00e9e dans la couture sur le devant style perfecto. La tr\u00e8s punk lkbira d\u00e9ploie son velours pourpre pour \u00e9pouser la silhouette de celle qu\u2019elle v\u00eatit.<\/p>\n<p>Son velours festif sort des cadres limit\u00e9s des mariages et autres c\u00e9l\u00e9brations occasionnels, pour c\u00e9l\u00e9brer au quotidien celle qui se revendique authentique. Cette troisi\u00e8me pi\u00e8ce rejoint les deux premi\u00e8res, pour habiller une femme dont l\u2019ind\u00e9pendance \u00e9pouse l\u2019h\u00e9ritage ancestral et dont la modernit\u00e9 prend racine dans le terroir marocain.<\/p>\n<p>Lkbira (Veste\/Robe) &#8211; Blanche est disponible en trois tailles : Petit (S), Moyen (M) et Large (L).<\/p>\n","protected":false},"excerpt":{"rendered":"<p>Lkbira est une robe\/veste courte ouverte des deux c\u00f4t\u00e9s, simple et pratique. Inspir\u00e9e de la tenue marocaine Lkbira, avec une encolure en V d\u00e9gag\u00e9e devant et une encolure bateau imprim\u00e9e dans le dos, demi-manches et fermeture zipp\u00e9e dissimul\u00e9e dans la couture sur le devant style perfecto.<br \/>\nLkbira (Veste\/Robe) &#8211; Blanche est disponible en trois tailles : Petit (S), Moyen (M) et Large (L).<\/p>\n","protected":false},"featured_media":3281,"comment_status":"open","ping_status":"closed","template":"","meta":[],"product_cat":[104],"product_tag":[138,124,117,127],"class_list":["post-3403","product","type-product","status-publish","has-post-thumbnail","hentry","product_cat-rebirth-21-fr","product_tag-blanc","product_tag-lkbira-fr","product_tag-robe-fr-2","product_tag-tenue-traditionnelle-marocaine","layout-style-2","col-md-4 col-sm-4 col-xs-6","product-has-gallery","product-style-addtocart"],"yoast_head":"<!-- This site is optimized with the Yoast SEO plugin v24.7 - https:\/\/yoast.com\/wordpress\/plugins\/seo\/ -->\n<title>Lkbira (Veste\/Robe) - Blanche | Habits traditionnels marocains | LADRAA<\/title>\n<meta name=\"description\" content=\"Obtenez Lkbira (Veste\/Robe) - Blanche, une cr\u00e9ation originale de LADRAA qui combine la mode, l&#039;art et les v\u00eatements traditionnels marocains. Exp\u00e9dition dans le monde entier.\" \/>\n<meta name=\"robots\" content=\"index, follow, max-snippet:-1, max-image-preview:large, max-video-preview:-1\" \/>\n<link rel=\"canonical\" href=\"https:\/\/ladraa.com\/fr\/produit\/lkbira-jacket-dress-white-2\/\" \/>\n<meta property=\"og:locale\" content=\"fr_FR\" \/>\n<meta property=\"og:type\" content=\"article\" \/>\n<meta property=\"og:title\" content=\"Lkbira (Veste\/Robe) - Blanche | Habits traditionnels marocains | LADRAA\" \/>\n<meta property=\"og:description\" content=\"Obtenez Lkbira (Veste\/Robe) - Blanche, une cr\u00e9ation originale de LADRAA qui combine la mode, l&#039;art et les v\u00eatements traditionnels marocains. Exp\u00e9dition dans le monde entier.\" \/>\n<meta property=\"og:url\" content=\"https:\/\/ladraa.com\/fr\/produit\/lkbira-jacket-dress-white-2\/\" \/>\n<meta property=\"og:site_name\" content=\"LADRAA\" \/>\n<meta property=\"article:publisher\" content=\"https:\/\/facebook.com\/Ladraaofficial\" \/>\n<meta property=\"article:modified_time\" content=\"2024-03-15T11:33:40+00:00\" \/>\n<meta property=\"og:image\" content=\"https:\/\/ladraa.com\/wp-content\/uploads\/2022\/06\/ladraa-caftan-morocco-fashion-design-dress-kimono-beachwear-fashioweek-jellaba-kbira-blanche-1.jpg\" \/>\n\t<meta property=\"og:image:width\" content=\"950\" \/>\n\t<meta property=\"og:image:height\" content=\"1425\" \/>\n\t<meta property=\"og:image:type\" content=\"image\/jpeg\" \/>\n<meta name=\"twitter:card\" content=\"summary_large_image\" \/>\n<meta name=\"twitter:label1\" content=\"Dur\u00e9e de lecture estim\u00e9e\" \/>\n\t<meta name=\"twitter:data1\" content=\"1 minute\" \/>\n<script type=\"application\/ld+json\" class=\"yoast-schema-graph\">{\"@context\":\"https:\/\/schema.org\",\"@graph\":[{\"@type\":\"WebPage\",\"@id\":\"https:\/\/ladraa.com\/fr\/produit\/lkbira-jacket-dress-white-2\/\",\"url\":\"https:\/\/ladraa.com\/fr\/produit\/lkbira-jacket-dress-white-2\/\",\"name\":\"Lkbira (Veste\/Robe) - Blanche | Habits traditionnels marocains | LADRAA\",\"isPartOf\":{\"@id\":\"https:\/\/ladraa.com\/fr\/#website\"},\"primaryImageOfPage\":{\"@id\":\"https:\/\/ladraa.com\/fr\/produit\/lkbira-jacket-dress-white-2\/#primaryimage\"},\"image\":{\"@id\":\"https:\/\/ladraa.com\/fr\/produit\/lkbira-jacket-dress-white-2\/#primaryimage\"},\"thumbnailUrl\":\"https:\/\/ladraa.com\/wp-content\/uploads\/2022\/06\/ladraa-caftan-morocco-fashion-design-dress-kimono-beachwear-fashioweek-jellaba-kbira-blanche-1.jpg\",\"datePublished\":\"2022-06-20T18:09:50+00:00\",\"dateModified\":\"2024-03-15T11:33:40+00:00\",\"description\":\"Obtenez Lkbira (Veste\/Robe) - Blanche, une cr\u00e9ation originale de LADRAA qui combine la mode, l'art et les v\u00eatements traditionnels marocains. Exp\u00e9dition dans le monde entier.\",\"breadcrumb\":{\"@id\":\"https:\/\/ladraa.com\/fr\/produit\/lkbira-jacket-dress-white-2\/#breadcrumb\"},\"inLanguage\":\"fr-FR\",\"potentialAction\":[{\"@type\":\"ReadAction\",\"target\":[\"https:\/\/ladraa.com\/fr\/produit\/lkbira-jacket-dress-white-2\/\"]}]},{\"@type\":\"ImageObject\",\"inLanguage\":\"fr-FR\",\"@id\":\"https:\/\/ladraa.com\/fr\/produit\/lkbira-jacket-dress-white-2\/#primaryimage\",\"url\":\"https:\/\/ladraa.com\/wp-content\/uploads\/2022\/06\/ladraa-caftan-morocco-fashion-design-dress-kimono-beachwear-fashioweek-jellaba-kbira-blanche-1.jpg\",\"contentUrl\":\"https:\/\/ladraa.com\/wp-content\/uploads\/2022\/06\/ladraa-caftan-morocco-fashion-design-dress-kimono-beachwear-fashioweek-jellaba-kbira-blanche-1.jpg\",\"width\":950,\"height\":1425,\"caption\":\"ladraa-caftan-morocco-fashion-design-dress-kimono-beachwear-fashioweek-jellaba-kbira-blanche-jacket-dress-white\"},{\"@type\":\"BreadcrumbList\",\"@id\":\"https:\/\/ladraa.com\/fr\/produit\/lkbira-jacket-dress-white-2\/#breadcrumb\",\"itemListElement\":[{\"@type\":\"ListItem\",\"position\":1,\"name\":\"Accueil\",\"item\":\"https:\/\/ladraa.com\/fr\/\"},{\"@type\":\"ListItem\",\"position\":2,\"name\":\"Boutique\",\"item\":\"https:\/\/ladraa.com\/fr\/boutique\/\"},{\"@type\":\"ListItem\",\"position\":3,\"name\":\"Lkbira (Veste\/Robe) &#8211; Blanche\"}]},{\"@type\":\"WebSite\",\"@id\":\"https:\/\/ladraa.com\/fr\/#website\",\"url\":\"https:\/\/ladraa.com\/fr\/\",\"name\":\"LADRAA\",\"description\":\"Moroccan fashion &amp; traditional brand\",\"publisher\":{\"@id\":\"https:\/\/ladraa.com\/fr\/#organization\"},\"potentialAction\":[{\"@type\":\"SearchAction\",\"target\":{\"@type\":\"EntryPoint\",\"urlTemplate\":\"https:\/\/ladraa.com\/fr\/?s={search_term_string}\"},\"query-input\":{\"@type\":\"PropertyValueSpecification\",\"valueRequired\":true,\"valueName\":\"search_term_string\"}}],\"inLanguage\":\"fr-FR\"},{\"@type\":\"Organization\",\"@id\":\"https:\/\/ladraa.com\/fr\/#organization\",\"name\":\"LADRAA\",\"url\":\"https:\/\/ladraa.com\/fr\/\",\"logo\":{\"@type\":\"ImageObject\",\"inLanguage\":\"fr-FR\",\"@id\":\"https:\/\/ladraa.com\/fr\/#\/schema\/logo\/image\/\",\"url\":\"https:\/\/ladraa.com\/wp-content\/uploads\/2022\/04\/Ladraa-Logo-B.png\",\"contentUrl\":\"https:\/\/ladraa.com\/wp-content\/uploads\/2022\/04\/Ladraa-Logo-B.png\",\"width\":3829,\"height\":1427,\"caption\":\"LADRAA\"},\"image\":{\"@id\":\"https:\/\/ladraa.com\/fr\/#\/schema\/logo\/image\/\"},\"sameAs\":[\"https:\/\/facebook.com\/Ladraaofficial\",\"https:\/\/instagram.com\/ladraa_\",\"https:\/\/pinterest.com\/Ladraaofficial\/\"]}]}<\/script>\n<!-- \/ Yoast SEO plugin. -->","yoast_head_json":{"title":"Lkbira (Veste\/Robe) - Blanche | Habits traditionnels marocains | LADRAA","description":"Obtenez Lkbira (Veste\/Robe) - Blanche, une cr\u00e9ation originale de LADRAA qui combine la mode, l'art et les v\u00eatements traditionnels marocains. Exp\u00e9dition dans le monde entier.","robots":{"index":"index","follow":"follow","max-snippet":"max-snippet:-1","max-image-preview":"max-image-preview:large","max-video-preview":"max-video-preview:-1"},"canonical":"https:\/\/ladraa.com\/fr\/produit\/lkbira-jacket-dress-white-2\/","og_locale":"fr_FR","og_type":"article","og_title":"Lkbira (Veste\/Robe) - Blanche | Habits traditionnels marocains | LADRAA","og_description":"Obtenez Lkbira (Veste\/Robe) - Blanche, une cr\u00e9ation originale de LADRAA qui combine la mode, l'art et les v\u00eatements traditionnels marocains. Exp\u00e9dition dans le monde entier.","og_url":"https:\/\/ladraa.com\/fr\/produit\/lkbira-jacket-dress-white-2\/","og_site_name":"LADRAA","article_publisher":"https:\/\/facebook.com\/Ladraaofficial","article_modified_time":"2024-03-15T11:33:40+00:00","og_image":[{"width":950,"height":1425,"url":"https:\/\/ladraa.com\/wp-content\/uploads\/2022\/06\/ladraa-caftan-morocco-fashion-design-dress-kimono-beachwear-fashioweek-jellaba-kbira-blanche-1.jpg","type":"image\/jpeg"}],"twitter_card":"summary_large_image","twitter_misc":{"Dur\u00e9e de lecture estim\u00e9e":"1 minute"},"schema":{"@context":"https:\/\/schema.org","@graph":[{"@type":"WebPage","@id":"https:\/\/ladraa.com\/fr\/produit\/lkbira-jacket-dress-white-2\/","url":"https:\/\/ladraa.com\/fr\/produit\/lkbira-jacket-dress-white-2\/","name":"Lkbira (Veste\/Robe) - Blanche | Habits traditionnels marocains | LADRAA","isPartOf":{"@id":"https:\/\/ladraa.com\/fr\/#website"},"primaryImageOfPage":{"@id":"https:\/\/ladraa.com\/fr\/produit\/lkbira-jacket-dress-white-2\/#primaryimage"},"image":{"@id":"https:\/\/ladraa.com\/fr\/produit\/lkbira-jacket-dress-white-2\/#primaryimage"},"thumbnailUrl":"https:\/\/ladraa.com\/wp-content\/uploads\/2022\/06\/ladraa-caftan-morocco-fashion-design-dress-kimono-beachwear-fashioweek-jellaba-kbira-blanche-1.jpg","datePublished":"2022-06-20T18:09:50+00:00","dateModified":"2024-03-15T11:33:40+00:00","description":"Obtenez Lkbira (Veste\/Robe) - Blanche, une cr\u00e9ation originale de LADRAA qui combine la mode, l'art et les v\u00eatements traditionnels marocains. Exp\u00e9dition dans le monde entier.","breadcrumb":{"@id":"https:\/\/ladraa.com\/fr\/produit\/lkbira-jacket-dress-white-2\/#breadcrumb"},"inLanguage":"fr-FR","potentialAction":[{"@type":"ReadAction","target":["https:\/\/ladraa.com\/fr\/produit\/lkbira-jacket-dress-white-2\/"]}]},{"@type":"ImageObject","inLanguage":"fr-FR","@id":"https:\/\/ladraa.com\/fr\/produit\/lkbira-jacket-dress-white-2\/#primaryimage","url":"https:\/\/ladraa.com\/wp-content\/uploads\/2022\/06\/ladraa-caftan-morocco-fashion-design-dress-kimono-beachwear-fashioweek-jellaba-kbira-blanche-1.jpg","contentUrl":"https:\/\/ladraa.com\/wp-content\/uploads\/2022\/06\/ladraa-caftan-morocco-fashion-design-dress-kimono-beachwear-fashioweek-jellaba-kbira-blanche-1.jpg","width":950,"height":1425,"caption":"ladraa-caftan-morocco-fashion-design-dress-kimono-beachwear-fashioweek-jellaba-kbira-blanche-jacket-dress-white"},{"@type":"BreadcrumbList","@id":"https:\/\/ladraa.com\/fr\/produit\/lkbira-jacket-dress-white-2\/#breadcrumb","itemListElement":[{"@type":"ListItem","position":1,"name":"Accueil","item":"https:\/\/ladraa.com\/fr\/"},{"@type":"ListItem","position":2,"name":"Boutique","item":"https:\/\/ladraa.com\/fr\/boutique\/"},{"@type":"ListItem","position":3,"name":"Lkbira (Veste\/Robe) &#8211; Blanche"}]},{"@type":"WebSite","@id":"https:\/\/ladraa.com\/fr\/#website","url":"https:\/\/ladraa.com\/fr\/","name":"LADRAA","description":"Moroccan fashion &amp; traditional brand","publisher":{"@id":"https:\/\/ladraa.com\/fr\/#organization"},"potentialAction":[{"@type":"SearchAction","target":{"@type":"EntryPoint","urlTemplate":"https:\/\/ladraa.com\/fr\/?s={search_term_string}"},"query-input":{"@type":"PropertyValueSpecification","valueRequired":true,"valueName":"search_term_string"}}],"inLanguage":"fr-FR"},{"@type":"Organization","@id":"https:\/\/ladraa.com\/fr\/#organization","name":"LADRAA","url":"https:\/\/ladraa.com\/fr\/","logo":{"@type":"ImageObject","inLanguage":"fr-FR","@id":"https:\/\/ladraa.com\/fr\/#\/schema\/logo\/image\/","url":"https:\/\/ladraa.com\/wp-content\/uploads\/2022\/04\/Ladraa-Logo-B.png","contentUrl":"https:\/\/ladraa.com\/wp-content\/uploads\/2022\/04\/Ladraa-Logo-B.png","width":3829,"height":1427,"caption":"LADRAA"},"image":{"@id":"https:\/\/ladraa.com\/fr\/#\/schema\/logo\/image\/"},"sameAs":["https:\/\/facebook.com\/Ladraaofficial","https:\/\/instagram.com\/ladraa_","https:\/\/pinterest.com\/Ladraaofficial\/"]}]}},"_links":{"self":[{"href":"https:\/\/ladraa.com\/fr\/wp-json\/wp\/v2\/product\/3403","targetHints":{"allow":["GET"]}}],"collection":[{"href":"https:\/\/ladraa.com\/fr\/wp-json\/wp\/v2\/product"}],"about":[{"href":"https:\/\/ladraa.com\/fr\/wp-json\/wp\/v2\/types\/product"}],"replies":[{"embeddable":true,"href":"https:\/\/ladraa.com\/fr\/wp-json\/wp\/v2\/comments?post=3403"}],"wp:featuredmedia":[{"embeddable":true,"href":"https:\/\/ladraa.com\/fr\/wp-json\/wp\/v2\/media\/3281"}],"wp:attachment":[{"href":"https:\/\/ladraa.com\/fr\/wp-json\/wp\/v2\/media?parent=3403"}],"wp:term":[{"taxonomy":"product_cat","embeddable":true,"href":"https:\/\/ladraa.com\/fr\/wp-json\/wp\/v2\/product_cat?post=3403"},{"taxonomy":"product_tag","embeddable":true,"href":"https:\/\/ladraa.com\/fr\/wp-json\/wp\/v2\/product_tag?post=3403"}],"curies":[{"name":"wp","href":"https:\/\/api.w.org\/{rel}","templated":true}]}}