{"id":3391,"date":"2022-06-20T19:09:50","date_gmt":"2022-06-20T18:09:50","guid":{"rendered":"https:\/\/ladraa.com\/product\/khrib-robe-veste-mauve-dore\/"},"modified":"2022-07-12T17:21:01","modified_gmt":"2022-07-12T16:21:01","slug":"khrib-dress-jacket-purple-gold","status":"publish","type":"product","link":"https:\/\/ladraa.com\/fr\/produit\/khrib-dress-jacket-purple-gold\/","title":{"rendered":"Khrib (Robe-Veste) &#8211; Mauve Dor\u00e9"},"content":{"rendered":"<p>La coupe de la Khrib robe-veste est inspir\u00e9e du caftan marocain Khrib. R\u00e9alis\u00e9 avec du tissu de brocard, court avec demi-manche boutonn\u00e9e et plis lat\u00e9raux avec poche lat\u00e9rale. Objet de toutes les convoitises, lkhrib signifie litt\u00e9ralement \u00ab celui qui ruine \u00bb. Il a longtemps \u00e9t\u00e9 la tenue de pr\u00e9dilection des femmes et filles de commer\u00e7ants fortun\u00e9s de F\u00e8s.<\/p>\n<p>Pour la petite anecdote : Ces femmes-l\u00e0 ont \u00e9t\u00e9 parmi les premi\u00e8res \u00e0 b\u00e9n\u00e9ficier de la scolarisation au Maroc, avec pour objectif de perfectionner leurs aptitudes de ma\u00eetresses de maison. Mais il n\u2019en fallut pas plus pour que certaines saisissent cette occasion pour s\u2019\u00e9manciper et constituer ainsi une premi\u00e8re g\u00e9n\u00e9ration de femmes fortes, \u00e9minentes intellectuelles et actrices majeures d\u2019un bouleversement important de la soci\u00e9t\u00e9 conservatrice fassie. Chez Ladraa, le caftan se fait veste\/robe et le brocart devient l\u2019apparat des femmes intelligentes et libres, qui dansent avec les normes sociales, au lieu de les subir.<\/p>\n<p>Khrib (Robe\/Veste) &#8211; Mauve Dor\u00e9 est disponible en trois tailles : Petit (S), Moyen (M) et Large (L).<\/p>\n","protected":false},"excerpt":{"rendered":"<p>La coupe de la Khrib robe-veste est inspir\u00e9e du caftan marocain Khrib. R\u00e9alis\u00e9 avec du tissu de brocard, court avec demi-manche boutonn\u00e9e et plis lat\u00e9raux avec poche lat\u00e9rale. Objet de toutes les convoitises, lkhrib signifie litt\u00e9ralement \u00ab celui qui ruine \u00bb. Il a longtemps \u00e9t\u00e9 la tenue de pr\u00e9dilection des femmes et filles de commer\u00e7ants fortun\u00e9s de F\u00e8s.<br \/>\nKhrib (Robe\/Veste) &#8211; Mauve Dor\u00e9 est disponible en trois tailles : Petit (S), Moyen (M) et Large (L).<\/p>\n","protected":false},"featured_media":3294,"comment_status":"open","ping_status":"closed","template":"","meta":[],"product_cat":[104],"product_tag":[123,131,119,117,127,126],"class_list":["post-3391","product","type-product","status-publish","has-post-thumbnail","hentry","product_cat-rebirth-21-fr","product_tag-khrib-fr","product_tag-mauve","product_tag-or","product_tag-robe-fr-2","product_tag-tenue-traditionnelle-marocaine","product_tag-veste","layout-style-2","col-md-4 col-sm-4 col-xs-6","product-has-gallery","product-style-addtocart"],"yoast_head":"<!-- This site is optimized with the Yoast SEO plugin v24.7 - https:\/\/yoast.com\/wordpress\/plugins\/seo\/ -->\n<title>Khrib (Robe-Veste) - Mauve Dor\u00e9 | Habits traditionnels marocains | LADRAA<\/title>\n<meta name=\"description\" content=\"Obtenez Khrib (Robe-Veste) - Mauve Dor\u00e9, une cr\u00e9ation originale de LADRAA qui combine la mode, l&#039;art et les v\u00eatements traditionnels marocains. Exp\u00e9dition dans le monde entier.\" \/>\n<meta name=\"robots\" content=\"index, follow, max-snippet:-1, max-image-preview:large, max-video-preview:-1\" \/>\n<link rel=\"canonical\" href=\"https:\/\/ladraa.com\/fr\/produit\/khrib-dress-jacket-purple-gold\/\" \/>\n<meta property=\"og:locale\" content=\"fr_FR\" \/>\n<meta property=\"og:type\" content=\"article\" \/>\n<meta property=\"og:title\" content=\"Khrib (Robe-Veste) - Mauve Dor\u00e9 | Habits traditionnels marocains | LADRAA\" \/>\n<meta property=\"og:description\" content=\"Obtenez Khrib (Robe-Veste) - Mauve Dor\u00e9, une cr\u00e9ation originale de LADRAA qui combine la mode, l&#039;art et les v\u00eatements traditionnels marocains. Exp\u00e9dition dans le monde entier.\" \/>\n<meta property=\"og:url\" content=\"https:\/\/ladraa.com\/fr\/produit\/khrib-dress-jacket-purple-gold\/\" \/>\n<meta property=\"og:site_name\" content=\"LADRAA\" \/>\n<meta property=\"article:publisher\" content=\"https:\/\/facebook.com\/Ladraaofficial\" \/>\n<meta property=\"article:modified_time\" content=\"2022-07-12T16:21:01+00:00\" \/>\n<meta property=\"og:image\" content=\"https:\/\/ladraa.com\/wp-content\/uploads\/2022\/06\/ladraa-caftan-morocco-fashion-design-dress-kimono-beachwear-fashioweek-jellaba-khrib-blanc-5.jpg\" \/>\n\t<meta property=\"og:image:width\" content=\"950\" \/>\n\t<meta property=\"og:image:height\" content=\"1425\" \/>\n\t<meta property=\"og:image:type\" content=\"image\/jpeg\" \/>\n<meta name=\"twitter:card\" content=\"summary_large_image\" \/>\n<meta name=\"twitter:label1\" content=\"Dur\u00e9e de lecture estim\u00e9e\" \/>\n\t<meta name=\"twitter:data1\" content=\"1 minute\" \/>\n<script type=\"application\/ld+json\" class=\"yoast-schema-graph\">{\"@context\":\"https:\/\/schema.org\",\"@graph\":[{\"@type\":\"WebPage\",\"@id\":\"https:\/\/ladraa.com\/fr\/produit\/khrib-dress-jacket-purple-gold\/\",\"url\":\"https:\/\/ladraa.com\/fr\/produit\/khrib-dress-jacket-purple-gold\/\",\"name\":\"Khrib (Robe-Veste) - Mauve Dor\u00e9 | Habits traditionnels marocains | LADRAA\",\"isPartOf\":{\"@id\":\"https:\/\/ladraa.com\/fr\/#website\"},\"primaryImageOfPage\":{\"@id\":\"https:\/\/ladraa.com\/fr\/produit\/khrib-dress-jacket-purple-gold\/#primaryimage\"},\"image\":{\"@id\":\"https:\/\/ladraa.com\/fr\/produit\/khrib-dress-jacket-purple-gold\/#primaryimage\"},\"thumbnailUrl\":\"https:\/\/ladraa.com\/wp-content\/uploads\/2022\/06\/ladraa-caftan-morocco-fashion-design-dress-kimono-beachwear-fashioweek-jellaba-khrib-blanc-5.jpg\",\"datePublished\":\"2022-06-20T18:09:50+00:00\",\"dateModified\":\"2022-07-12T16:21:01+00:00\",\"description\":\"Obtenez Khrib (Robe-Veste) - Mauve Dor\u00e9, une cr\u00e9ation originale de LADRAA qui combine la mode, l'art et les v\u00eatements traditionnels marocains. Exp\u00e9dition dans le monde entier.\",\"breadcrumb\":{\"@id\":\"https:\/\/ladraa.com\/fr\/produit\/khrib-dress-jacket-purple-gold\/#breadcrumb\"},\"inLanguage\":\"fr-FR\",\"potentialAction\":[{\"@type\":\"ReadAction\",\"target\":[\"https:\/\/ladraa.com\/fr\/produit\/khrib-dress-jacket-purple-gold\/\"]}]},{\"@type\":\"ImageObject\",\"inLanguage\":\"fr-FR\",\"@id\":\"https:\/\/ladraa.com\/fr\/produit\/khrib-dress-jacket-purple-gold\/#primaryimage\",\"url\":\"https:\/\/ladraa.com\/wp-content\/uploads\/2022\/06\/ladraa-caftan-morocco-fashion-design-dress-kimono-beachwear-fashioweek-jellaba-khrib-blanc-5.jpg\",\"contentUrl\":\"https:\/\/ladraa.com\/wp-content\/uploads\/2022\/06\/ladraa-caftan-morocco-fashion-design-dress-kimono-beachwear-fashioweek-jellaba-khrib-blanc-5.jpg\",\"width\":950,\"height\":1425,\"caption\":\"ladraa-caftan-morocco-fashion-design-dress-kimono-beachwear-fashioweek-jellaba-khrib-blanc-Dress-Jacket\"},{\"@type\":\"BreadcrumbList\",\"@id\":\"https:\/\/ladraa.com\/fr\/produit\/khrib-dress-jacket-purple-gold\/#breadcrumb\",\"itemListElement\":[{\"@type\":\"ListItem\",\"position\":1,\"name\":\"Accueil\",\"item\":\"https:\/\/ladraa.com\/fr\/\"},{\"@type\":\"ListItem\",\"position\":2,\"name\":\"Boutique\",\"item\":\"https:\/\/ladraa.com\/fr\/boutique\/\"},{\"@type\":\"ListItem\",\"position\":3,\"name\":\"Khrib (Robe-Veste) &#8211; Mauve Dor\u00e9\"}]},{\"@type\":\"WebSite\",\"@id\":\"https:\/\/ladraa.com\/fr\/#website\",\"url\":\"https:\/\/ladraa.com\/fr\/\",\"name\":\"LADRAA\",\"description\":\"Moroccan fashion &amp; traditional brand\",\"publisher\":{\"@id\":\"https:\/\/ladraa.com\/fr\/#organization\"},\"potentialAction\":[{\"@type\":\"SearchAction\",\"target\":{\"@type\":\"EntryPoint\",\"urlTemplate\":\"https:\/\/ladraa.com\/fr\/?s={search_term_string}\"},\"query-input\":{\"@type\":\"PropertyValueSpecification\",\"valueRequired\":true,\"valueName\":\"search_term_string\"}}],\"inLanguage\":\"fr-FR\"},{\"@type\":\"Organization\",\"@id\":\"https:\/\/ladraa.com\/fr\/#organization\",\"name\":\"LADRAA\",\"url\":\"https:\/\/ladraa.com\/fr\/\",\"logo\":{\"@type\":\"ImageObject\",\"inLanguage\":\"fr-FR\",\"@id\":\"https:\/\/ladraa.com\/fr\/#\/schema\/logo\/image\/\",\"url\":\"https:\/\/ladraa.com\/wp-content\/uploads\/2022\/04\/Ladraa-Logo-B.png\",\"contentUrl\":\"https:\/\/ladraa.com\/wp-content\/uploads\/2022\/04\/Ladraa-Logo-B.png\",\"width\":3829,\"height\":1427,\"caption\":\"LADRAA\"},\"image\":{\"@id\":\"https:\/\/ladraa.com\/fr\/#\/schema\/logo\/image\/\"},\"sameAs\":[\"https:\/\/facebook.com\/Ladraaofficial\",\"https:\/\/instagram.com\/ladraa_\",\"https:\/\/pinterest.com\/Ladraaofficial\/\"]}]}<\/script>\n<!-- \/ Yoast SEO plugin. -->","yoast_head_json":{"title":"Khrib (Robe-Veste) - Mauve Dor\u00e9 | Habits traditionnels marocains | LADRAA","description":"Obtenez Khrib (Robe-Veste) - Mauve Dor\u00e9, une cr\u00e9ation originale de LADRAA qui combine la mode, l'art et les v\u00eatements traditionnels marocains. Exp\u00e9dition dans le monde entier.","robots":{"index":"index","follow":"follow","max-snippet":"max-snippet:-1","max-image-preview":"max-image-preview:large","max-video-preview":"max-video-preview:-1"},"canonical":"https:\/\/ladraa.com\/fr\/produit\/khrib-dress-jacket-purple-gold\/","og_locale":"fr_FR","og_type":"article","og_title":"Khrib (Robe-Veste) - Mauve Dor\u00e9 | Habits traditionnels marocains | LADRAA","og_description":"Obtenez Khrib (Robe-Veste) - Mauve Dor\u00e9, une cr\u00e9ation originale de LADRAA qui combine la mode, l'art et les v\u00eatements traditionnels marocains. Exp\u00e9dition dans le monde entier.","og_url":"https:\/\/ladraa.com\/fr\/produit\/khrib-dress-jacket-purple-gold\/","og_site_name":"LADRAA","article_publisher":"https:\/\/facebook.com\/Ladraaofficial","article_modified_time":"2022-07-12T16:21:01+00:00","og_image":[{"width":950,"height":1425,"url":"https:\/\/ladraa.com\/wp-content\/uploads\/2022\/06\/ladraa-caftan-morocco-fashion-design-dress-kimono-beachwear-fashioweek-jellaba-khrib-blanc-5.jpg","type":"image\/jpeg"}],"twitter_card":"summary_large_image","twitter_misc":{"Dur\u00e9e de lecture estim\u00e9e":"1 minute"},"schema":{"@context":"https:\/\/schema.org","@graph":[{"@type":"WebPage","@id":"https:\/\/ladraa.com\/fr\/produit\/khrib-dress-jacket-purple-gold\/","url":"https:\/\/ladraa.com\/fr\/produit\/khrib-dress-jacket-purple-gold\/","name":"Khrib (Robe-Veste) - Mauve Dor\u00e9 | Habits traditionnels marocains | LADRAA","isPartOf":{"@id":"https:\/\/ladraa.com\/fr\/#website"},"primaryImageOfPage":{"@id":"https:\/\/ladraa.com\/fr\/produit\/khrib-dress-jacket-purple-gold\/#primaryimage"},"image":{"@id":"https:\/\/ladraa.com\/fr\/produit\/khrib-dress-jacket-purple-gold\/#primaryimage"},"thumbnailUrl":"https:\/\/ladraa.com\/wp-content\/uploads\/2022\/06\/ladraa-caftan-morocco-fashion-design-dress-kimono-beachwear-fashioweek-jellaba-khrib-blanc-5.jpg","datePublished":"2022-06-20T18:09:50+00:00","dateModified":"2022-07-12T16:21:01+00:00","description":"Obtenez Khrib (Robe-Veste) - Mauve Dor\u00e9, une cr\u00e9ation originale de LADRAA qui combine la mode, l'art et les v\u00eatements traditionnels marocains. Exp\u00e9dition dans le monde entier.","breadcrumb":{"@id":"https:\/\/ladraa.com\/fr\/produit\/khrib-dress-jacket-purple-gold\/#breadcrumb"},"inLanguage":"fr-FR","potentialAction":[{"@type":"ReadAction","target":["https:\/\/ladraa.com\/fr\/produit\/khrib-dress-jacket-purple-gold\/"]}]},{"@type":"ImageObject","inLanguage":"fr-FR","@id":"https:\/\/ladraa.com\/fr\/produit\/khrib-dress-jacket-purple-gold\/#primaryimage","url":"https:\/\/ladraa.com\/wp-content\/uploads\/2022\/06\/ladraa-caftan-morocco-fashion-design-dress-kimono-beachwear-fashioweek-jellaba-khrib-blanc-5.jpg","contentUrl":"https:\/\/ladraa.com\/wp-content\/uploads\/2022\/06\/ladraa-caftan-morocco-fashion-design-dress-kimono-beachwear-fashioweek-jellaba-khrib-blanc-5.jpg","width":950,"height":1425,"caption":"ladraa-caftan-morocco-fashion-design-dress-kimono-beachwear-fashioweek-jellaba-khrib-blanc-Dress-Jacket"},{"@type":"BreadcrumbList","@id":"https:\/\/ladraa.com\/fr\/produit\/khrib-dress-jacket-purple-gold\/#breadcrumb","itemListElement":[{"@type":"ListItem","position":1,"name":"Accueil","item":"https:\/\/ladraa.com\/fr\/"},{"@type":"ListItem","position":2,"name":"Boutique","item":"https:\/\/ladraa.com\/fr\/boutique\/"},{"@type":"ListItem","position":3,"name":"Khrib (Robe-Veste) &#8211; Mauve Dor\u00e9"}]},{"@type":"WebSite","@id":"https:\/\/ladraa.com\/fr\/#website","url":"https:\/\/ladraa.com\/fr\/","name":"LADRAA","description":"Moroccan fashion &amp; traditional brand","publisher":{"@id":"https:\/\/ladraa.com\/fr\/#organization"},"potentialAction":[{"@type":"SearchAction","target":{"@type":"EntryPoint","urlTemplate":"https:\/\/ladraa.com\/fr\/?s={search_term_string}"},"query-input":{"@type":"PropertyValueSpecification","valueRequired":true,"valueName":"search_term_string"}}],"inLanguage":"fr-FR"},{"@type":"Organization","@id":"https:\/\/ladraa.com\/fr\/#organization","name":"LADRAA","url":"https:\/\/ladraa.com\/fr\/","logo":{"@type":"ImageObject","inLanguage":"fr-FR","@id":"https:\/\/ladraa.com\/fr\/#\/schema\/logo\/image\/","url":"https:\/\/ladraa.com\/wp-content\/uploads\/2022\/04\/Ladraa-Logo-B.png","contentUrl":"https:\/\/ladraa.com\/wp-content\/uploads\/2022\/04\/Ladraa-Logo-B.png","width":3829,"height":1427,"caption":"LADRAA"},"image":{"@id":"https:\/\/ladraa.com\/fr\/#\/schema\/logo\/image\/"},"sameAs":["https:\/\/facebook.com\/Ladraaofficial","https:\/\/instagram.com\/ladraa_","https:\/\/pinterest.com\/Ladraaofficial\/"]}]}},"_links":{"self":[{"href":"https:\/\/ladraa.com\/fr\/wp-json\/wp\/v2\/product\/3391","targetHints":{"allow":["GET"]}}],"collection":[{"href":"https:\/\/ladraa.com\/fr\/wp-json\/wp\/v2\/product"}],"about":[{"href":"https:\/\/ladraa.com\/fr\/wp-json\/wp\/v2\/types\/product"}],"replies":[{"embeddable":true,"href":"https:\/\/ladraa.com\/fr\/wp-json\/wp\/v2\/comments?post=3391"}],"wp:featuredmedia":[{"embeddable":true,"href":"https:\/\/ladraa.com\/fr\/wp-json\/wp\/v2\/media\/3294"}],"wp:attachment":[{"href":"https:\/\/ladraa.com\/fr\/wp-json\/wp\/v2\/media?parent=3391"}],"wp:term":[{"taxonomy":"product_cat","embeddable":true,"href":"https:\/\/ladraa.com\/fr\/wp-json\/wp\/v2\/product_cat?post=3391"},{"taxonomy":"product_tag","embeddable":true,"href":"https:\/\/ladraa.com\/fr\/wp-json\/wp\/v2\/product_tag?post=3391"}],"curies":[{"name":"wp","href":"https:\/\/api.w.org\/{rel}","templated":true}]}}