{"id":3385,"date":"2022-07-05T00:12:01","date_gmt":"2022-07-04T23:12:01","guid":{"rendered":"https:\/\/ladraa.com\/product\/robe-portefeuille\/"},"modified":"2022-07-12T17:13:21","modified_gmt":"2022-07-12T16:13:21","slug":"robe-portefeuille","status":"publish","type":"product","link":"https:\/\/ladraa.com\/fr\/produit\/robe-portefeuille\/","title":{"rendered":"Robe portefeuille"},"content":{"rendered":"<p>Robe portefeuille attirante par sa couleur pop malgr\u00e9 la simplicit\u00e9 de sa coupe, se porte ouverte ou ferm\u00e9. Un d\u00e9tail ressort : l\u2019attache en soie r\u00e9alis\u00e9e par les artisans de soie marocains. Une cr\u00e9ation de Ladraa.<\/p>\n<p>Tissu: Cr\u00eape de soie double face<br \/>\nRobe portefeuille est disponible en une taille : Taille standard<br \/>\nCouleur : orange, rouge et mauve<\/p>\n","protected":false},"excerpt":{"rendered":"<p>Robe portefeuille attirante par sa couleur pop malgr\u00e9 la simplicit\u00e9 de sa coupe, se porte ouverte ou ferm\u00e9. Un d\u00e9tail ressort : l\u2019attache en soie r\u00e9alis\u00e9e par les artisans de soie marocains. Une cr\u00e9ation de Ladraa.<br \/>\nTissu: Cr\u00eape de soie double face<br \/>\nRobe portefeuille est disponible en une taille : Taille standard<br \/>\nCouleur : orange, rouge et mauve<\/p>\n","protected":false},"featured_media":3340,"comment_status":"open","ping_status":"closed","template":"","meta":[],"product_cat":[105],"product_tag":[131,128,115,117,132,127],"class_list":["post-3385","product","type-product","status-publish","has-post-thumbnail","hentry","product_cat-pieces-uniques","product_tag-mauve","product_tag-orange-fr","product_tag-portefeuille","product_tag-robe-fr-2","product_tag-rouge","product_tag-tenue-traditionnelle-marocaine","layout-style-2","col-md-4 col-sm-4 col-xs-6","product-has-gallery","product-style-addtocart"],"yoast_head":"<!-- This site is optimized with the Yoast SEO plugin v24.7 - https:\/\/yoast.com\/wordpress\/plugins\/seo\/ -->\n<title>Robe portefeuille | Habits traditionnels marocains | LADRAA<\/title>\n<meta name=\"description\" content=\"Obtenez Robe portefeuille, une cr\u00e9ation originale de LADRAA qui combine la mode, l&#039;art et les v\u00eatements traditionnels marocains. Exp\u00e9dition dans le monde entier.\" \/>\n<meta name=\"robots\" content=\"index, follow, max-snippet:-1, max-image-preview:large, max-video-preview:-1\" \/>\n<link rel=\"canonical\" href=\"https:\/\/ladraa.com\/fr\/produit\/robe-portefeuille\/\" \/>\n<meta property=\"og:locale\" content=\"fr_FR\" \/>\n<meta property=\"og:type\" content=\"article\" \/>\n<meta property=\"og:title\" content=\"Robe portefeuille | Habits traditionnels marocains | LADRAA\" \/>\n<meta property=\"og:description\" content=\"Obtenez Robe portefeuille, une cr\u00e9ation originale de LADRAA qui combine la mode, l&#039;art et les v\u00eatements traditionnels marocains. Exp\u00e9dition dans le monde entier.\" \/>\n<meta property=\"og:url\" content=\"https:\/\/ladraa.com\/fr\/produit\/robe-portefeuille\/\" \/>\n<meta property=\"og:site_name\" content=\"LADRAA\" \/>\n<meta property=\"article:publisher\" content=\"https:\/\/facebook.com\/Ladraaofficial\" \/>\n<meta property=\"article:modified_time\" content=\"2022-07-12T16:13:21+00:00\" \/>\n<meta property=\"og:image\" content=\"https:\/\/ladraa.com\/wp-content\/uploads\/2022\/07\/ladraa-caftan-morocco-fashion-design-dress-kimono-beachwear-fashioweek-jellaba-unique-crush-robe-1.jpg\" \/>\n\t<meta property=\"og:image:width\" content=\"950\" \/>\n\t<meta property=\"og:image:height\" content=\"1425\" \/>\n\t<meta property=\"og:image:type\" content=\"image\/jpeg\" \/>\n<meta name=\"twitter:card\" content=\"summary_large_image\" \/>\n<script type=\"application\/ld+json\" class=\"yoast-schema-graph\">{\"@context\":\"https:\/\/schema.org\",\"@graph\":[{\"@type\":\"WebPage\",\"@id\":\"https:\/\/ladraa.com\/fr\/produit\/robe-portefeuille\/\",\"url\":\"https:\/\/ladraa.com\/fr\/produit\/robe-portefeuille\/\",\"name\":\"Robe portefeuille | Habits traditionnels marocains | LADRAA\",\"isPartOf\":{\"@id\":\"https:\/\/ladraa.com\/fr\/#website\"},\"primaryImageOfPage\":{\"@id\":\"https:\/\/ladraa.com\/fr\/produit\/robe-portefeuille\/#primaryimage\"},\"image\":{\"@id\":\"https:\/\/ladraa.com\/fr\/produit\/robe-portefeuille\/#primaryimage\"},\"thumbnailUrl\":\"https:\/\/ladraa.com\/wp-content\/uploads\/2022\/07\/ladraa-caftan-morocco-fashion-design-dress-kimono-beachwear-fashioweek-jellaba-unique-crush-robe-1.jpg\",\"datePublished\":\"2022-07-04T23:12:01+00:00\",\"dateModified\":\"2022-07-12T16:13:21+00:00\",\"description\":\"Obtenez Robe portefeuille, une cr\u00e9ation originale de LADRAA qui combine la mode, l'art et les v\u00eatements traditionnels marocains. Exp\u00e9dition dans le monde entier.\",\"breadcrumb\":{\"@id\":\"https:\/\/ladraa.com\/fr\/produit\/robe-portefeuille\/#breadcrumb\"},\"inLanguage\":\"fr-FR\",\"potentialAction\":[{\"@type\":\"ReadAction\",\"target\":[\"https:\/\/ladraa.com\/fr\/produit\/robe-portefeuille\/\"]}]},{\"@type\":\"ImageObject\",\"inLanguage\":\"fr-FR\",\"@id\":\"https:\/\/ladraa.com\/fr\/produit\/robe-portefeuille\/#primaryimage\",\"url\":\"https:\/\/ladraa.com\/wp-content\/uploads\/2022\/07\/ladraa-caftan-morocco-fashion-design-dress-kimono-beachwear-fashioweek-jellaba-unique-crush-robe-1.jpg\",\"contentUrl\":\"https:\/\/ladraa.com\/wp-content\/uploads\/2022\/07\/ladraa-caftan-morocco-fashion-design-dress-kimono-beachwear-fashioweek-jellaba-unique-crush-robe-1.jpg\",\"width\":950,\"height\":1425,\"caption\":\"ladraa-caftan-morocco-fashion-design-dress-kimono-beachwear-fashioweek-jellaba-unique-crush-robe\"},{\"@type\":\"BreadcrumbList\",\"@id\":\"https:\/\/ladraa.com\/fr\/produit\/robe-portefeuille\/#breadcrumb\",\"itemListElement\":[{\"@type\":\"ListItem\",\"position\":1,\"name\":\"Accueil\",\"item\":\"https:\/\/ladraa.com\/fr\/\"},{\"@type\":\"ListItem\",\"position\":2,\"name\":\"Boutique\",\"item\":\"https:\/\/ladraa.com\/fr\/boutique\/\"},{\"@type\":\"ListItem\",\"position\":3,\"name\":\"Robe portefeuille\"}]},{\"@type\":\"WebSite\",\"@id\":\"https:\/\/ladraa.com\/fr\/#website\",\"url\":\"https:\/\/ladraa.com\/fr\/\",\"name\":\"LADRAA\",\"description\":\"Moroccan fashion &amp; traditional brand\",\"publisher\":{\"@id\":\"https:\/\/ladraa.com\/fr\/#organization\"},\"potentialAction\":[{\"@type\":\"SearchAction\",\"target\":{\"@type\":\"EntryPoint\",\"urlTemplate\":\"https:\/\/ladraa.com\/fr\/?s={search_term_string}\"},\"query-input\":{\"@type\":\"PropertyValueSpecification\",\"valueRequired\":true,\"valueName\":\"search_term_string\"}}],\"inLanguage\":\"fr-FR\"},{\"@type\":\"Organization\",\"@id\":\"https:\/\/ladraa.com\/fr\/#organization\",\"name\":\"LADRAA\",\"url\":\"https:\/\/ladraa.com\/fr\/\",\"logo\":{\"@type\":\"ImageObject\",\"inLanguage\":\"fr-FR\",\"@id\":\"https:\/\/ladraa.com\/fr\/#\/schema\/logo\/image\/\",\"url\":\"https:\/\/ladraa.com\/wp-content\/uploads\/2022\/04\/Ladraa-Logo-B.png\",\"contentUrl\":\"https:\/\/ladraa.com\/wp-content\/uploads\/2022\/04\/Ladraa-Logo-B.png\",\"width\":3829,\"height\":1427,\"caption\":\"LADRAA\"},\"image\":{\"@id\":\"https:\/\/ladraa.com\/fr\/#\/schema\/logo\/image\/\"},\"sameAs\":[\"https:\/\/facebook.com\/Ladraaofficial\",\"https:\/\/instagram.com\/ladraa_\",\"https:\/\/pinterest.com\/Ladraaofficial\/\"]}]}<\/script>\n<!-- \/ Yoast SEO plugin. -->","yoast_head_json":{"title":"Robe portefeuille | Habits traditionnels marocains | LADRAA","description":"Obtenez Robe portefeuille, une cr\u00e9ation originale de LADRAA qui combine la mode, l'art et les v\u00eatements traditionnels marocains. Exp\u00e9dition dans le monde entier.","robots":{"index":"index","follow":"follow","max-snippet":"max-snippet:-1","max-image-preview":"max-image-preview:large","max-video-preview":"max-video-preview:-1"},"canonical":"https:\/\/ladraa.com\/fr\/produit\/robe-portefeuille\/","og_locale":"fr_FR","og_type":"article","og_title":"Robe portefeuille | Habits traditionnels marocains | LADRAA","og_description":"Obtenez Robe portefeuille, une cr\u00e9ation originale de LADRAA qui combine la mode, l'art et les v\u00eatements traditionnels marocains. Exp\u00e9dition dans le monde entier.","og_url":"https:\/\/ladraa.com\/fr\/produit\/robe-portefeuille\/","og_site_name":"LADRAA","article_publisher":"https:\/\/facebook.com\/Ladraaofficial","article_modified_time":"2022-07-12T16:13:21+00:00","og_image":[{"width":950,"height":1425,"url":"https:\/\/ladraa.com\/wp-content\/uploads\/2022\/07\/ladraa-caftan-morocco-fashion-design-dress-kimono-beachwear-fashioweek-jellaba-unique-crush-robe-1.jpg","type":"image\/jpeg"}],"twitter_card":"summary_large_image","schema":{"@context":"https:\/\/schema.org","@graph":[{"@type":"WebPage","@id":"https:\/\/ladraa.com\/fr\/produit\/robe-portefeuille\/","url":"https:\/\/ladraa.com\/fr\/produit\/robe-portefeuille\/","name":"Robe portefeuille | Habits traditionnels marocains | LADRAA","isPartOf":{"@id":"https:\/\/ladraa.com\/fr\/#website"},"primaryImageOfPage":{"@id":"https:\/\/ladraa.com\/fr\/produit\/robe-portefeuille\/#primaryimage"},"image":{"@id":"https:\/\/ladraa.com\/fr\/produit\/robe-portefeuille\/#primaryimage"},"thumbnailUrl":"https:\/\/ladraa.com\/wp-content\/uploads\/2022\/07\/ladraa-caftan-morocco-fashion-design-dress-kimono-beachwear-fashioweek-jellaba-unique-crush-robe-1.jpg","datePublished":"2022-07-04T23:12:01+00:00","dateModified":"2022-07-12T16:13:21+00:00","description":"Obtenez Robe portefeuille, une cr\u00e9ation originale de LADRAA qui combine la mode, l'art et les v\u00eatements traditionnels marocains. Exp\u00e9dition dans le monde entier.","breadcrumb":{"@id":"https:\/\/ladraa.com\/fr\/produit\/robe-portefeuille\/#breadcrumb"},"inLanguage":"fr-FR","potentialAction":[{"@type":"ReadAction","target":["https:\/\/ladraa.com\/fr\/produit\/robe-portefeuille\/"]}]},{"@type":"ImageObject","inLanguage":"fr-FR","@id":"https:\/\/ladraa.com\/fr\/produit\/robe-portefeuille\/#primaryimage","url":"https:\/\/ladraa.com\/wp-content\/uploads\/2022\/07\/ladraa-caftan-morocco-fashion-design-dress-kimono-beachwear-fashioweek-jellaba-unique-crush-robe-1.jpg","contentUrl":"https:\/\/ladraa.com\/wp-content\/uploads\/2022\/07\/ladraa-caftan-morocco-fashion-design-dress-kimono-beachwear-fashioweek-jellaba-unique-crush-robe-1.jpg","width":950,"height":1425,"caption":"ladraa-caftan-morocco-fashion-design-dress-kimono-beachwear-fashioweek-jellaba-unique-crush-robe"},{"@type":"BreadcrumbList","@id":"https:\/\/ladraa.com\/fr\/produit\/robe-portefeuille\/#breadcrumb","itemListElement":[{"@type":"ListItem","position":1,"name":"Accueil","item":"https:\/\/ladraa.com\/fr\/"},{"@type":"ListItem","position":2,"name":"Boutique","item":"https:\/\/ladraa.com\/fr\/boutique\/"},{"@type":"ListItem","position":3,"name":"Robe portefeuille"}]},{"@type":"WebSite","@id":"https:\/\/ladraa.com\/fr\/#website","url":"https:\/\/ladraa.com\/fr\/","name":"LADRAA","description":"Moroccan fashion &amp; traditional brand","publisher":{"@id":"https:\/\/ladraa.com\/fr\/#organization"},"potentialAction":[{"@type":"SearchAction","target":{"@type":"EntryPoint","urlTemplate":"https:\/\/ladraa.com\/fr\/?s={search_term_string}"},"query-input":{"@type":"PropertyValueSpecification","valueRequired":true,"valueName":"search_term_string"}}],"inLanguage":"fr-FR"},{"@type":"Organization","@id":"https:\/\/ladraa.com\/fr\/#organization","name":"LADRAA","url":"https:\/\/ladraa.com\/fr\/","logo":{"@type":"ImageObject","inLanguage":"fr-FR","@id":"https:\/\/ladraa.com\/fr\/#\/schema\/logo\/image\/","url":"https:\/\/ladraa.com\/wp-content\/uploads\/2022\/04\/Ladraa-Logo-B.png","contentUrl":"https:\/\/ladraa.com\/wp-content\/uploads\/2022\/04\/Ladraa-Logo-B.png","width":3829,"height":1427,"caption":"LADRAA"},"image":{"@id":"https:\/\/ladraa.com\/fr\/#\/schema\/logo\/image\/"},"sameAs":["https:\/\/facebook.com\/Ladraaofficial","https:\/\/instagram.com\/ladraa_","https:\/\/pinterest.com\/Ladraaofficial\/"]}]}},"_links":{"self":[{"href":"https:\/\/ladraa.com\/fr\/wp-json\/wp\/v2\/product\/3385","targetHints":{"allow":["GET"]}}],"collection":[{"href":"https:\/\/ladraa.com\/fr\/wp-json\/wp\/v2\/product"}],"about":[{"href":"https:\/\/ladraa.com\/fr\/wp-json\/wp\/v2\/types\/product"}],"replies":[{"embeddable":true,"href":"https:\/\/ladraa.com\/fr\/wp-json\/wp\/v2\/comments?post=3385"}],"wp:featuredmedia":[{"embeddable":true,"href":"https:\/\/ladraa.com\/fr\/wp-json\/wp\/v2\/media\/3340"}],"wp:attachment":[{"href":"https:\/\/ladraa.com\/fr\/wp-json\/wp\/v2\/media?parent=3385"}],"wp:term":[{"taxonomy":"product_cat","embeddable":true,"href":"https:\/\/ladraa.com\/fr\/wp-json\/wp\/v2\/product_cat?post=3385"},{"taxonomy":"product_tag","embeddable":true,"href":"https:\/\/ladraa.com\/fr\/wp-json\/wp\/v2\/product_tag?post=3385"}],"curies":[{"name":"wp","href":"https:\/\/api.w.org\/{rel}","templated":true}]}}