{"id":3464,"date":"2022-06-16T19:52:10","date_gmt":"2022-06-16T18:52:10","guid":{"rendered":"https:\/\/ladraa.com\/sur-mesure\/"},"modified":"2022-07-18T11:03:56","modified_gmt":"2022-07-18T10:03:56","slug":"sur-mesure","status":"publish","type":"page","link":"https:\/\/ladraa.com\/fr\/sur-mesure\/","title":{"rendered":"Sur Mesure"},"content":{"rendered":"<p>[vc_row][vc_column]\n\t\t\t<!-- START Tailor made REVOLUTION SLIDER 6.5.19 --><p class=\"rs-p-wp-fix\"><\/p>\n\t\t\t<rs-module-wrap id=\"rev_slider_3_1_wrapper\" data-source=\"gallery\" style=\"visibility:hidden;background:#f1f2f4;padding:0;\">\n\t\t\t\t<rs-module id=\"rev_slider_3_1\" style=\"\" data-version=\"6.5.19\">\n\t\t\t\t\t<rs-slides>\n\t\t\t\t\t\t<rs-slide style=\"position: absolute;\" data-key=\"rs-8\" data-title=\"White Sneakers\" data-thumb=\"\/\/ladraa.com\/wp-content\/uploads\/2022\/06\/ladraa-caftan-morocco-fashion-design-dress-kimono-beachwear-fashioweek-jellaba-tailormade-slider-1-100x50.png\" data-in=\"o:0;\" data-out=\"a:false;\">\n\t\t\t\t\t\t\t<img loading=\"lazy\" decoding=\"async\" src=\"\/\/ladraa.com\/wp-content\/plugins\/revslider\/public\/assets\/assets\/dummy.png\" alt=\"ladraa-caftan-morocco-fashion-design-dress-kimono-beachwear-fashioweek-jellaba-tailormade\" title=\"ladraa-caftan-morocco-fashion-design-dress-kimono-beachwear-fashioweek-jellaba-tailormade-slider-1\" width=\"2500\" height=\"1500\" class=\"rev-slidebg tp-rs-img rs-lazyload\" data-lazyload=\"\/\/ladraa.com\/wp-content\/uploads\/2022\/06\/ladraa-caftan-morocco-fashion-design-dress-kimono-beachwear-fashioweek-jellaba-tailormade-slider-1.png\" data-no-retina>\n<!---->\t\t\t\t\t\t<\/rs-slide>\n\t\t\t\t\t\t<rs-slide style=\"position: absolute;\" data-key=\"rs-7\" data-title=\"New Arrilvals\" data-thumb=\"\/\/ladraa.com\/wp-content\/uploads\/2022\/06\/ladraa-caftan-morocco-fashion-design-dress-kimono-beachwear-fashioweek-jellaba-tailormade-slider-2-100x50.jpg\" data-in=\"o:0;\" data-out=\"a:false;\">\n\t\t\t\t\t\t\t<img loading=\"lazy\" decoding=\"async\" src=\"\/\/ladraa.com\/wp-content\/plugins\/revslider\/public\/assets\/assets\/dummy.png\" alt=\"ladraa-caftan-morocco-fashion-design-dress-kimono-beachwear-fashioweek-jellaba-tailormade\" title=\"ladraa-caftan-morocco-fashion-design-dress-kimono-beachwear-fashioweek-jellaba-tailormade-slider-2\" width=\"2500\" height=\"1500\" class=\"rev-slidebg tp-rs-img rs-lazyload\" data-lazyload=\"\/\/ladraa.com\/wp-content\/uploads\/2022\/06\/ladraa-caftan-morocco-fashion-design-dress-kimono-beachwear-fashioweek-jellaba-tailormade-slider-2.jpg\" data-no-retina>\n<!---->\t\t\t\t\t\t<\/rs-slide>\n\t\t\t\t\t\t<rs-slide style=\"position: absolute;\" data-key=\"rs-9\" data-title=\"Linen Collection\" data-thumb=\"\/\/ladraa.com\/wp-content\/uploads\/2022\/06\/ladraa-caftan-morocco-fashion-design-dress-kimono-beachwear-fashioweek-jellaba-tailormade-slider-3-100x50.png\" data-in=\"o:0;\" data-out=\"a:false;\">\n\t\t\t\t\t\t\t<img loading=\"lazy\" decoding=\"async\" src=\"\/\/ladraa.com\/wp-content\/plugins\/revslider\/public\/assets\/assets\/dummy.png\" alt=\"ladraa-caftan-morocco-fashion-design-dress-kimono-beachwear-fashioweek-jellaba-tailormade\" title=\"ladraa-caftan-morocco-fashion-design-dress-kimono-beachwear-fashioweek-jellaba-tailormade-slider-3\" width=\"2500\" height=\"1500\" class=\"rev-slidebg tp-rs-img rs-lazyload\" data-lazyload=\"\/\/ladraa.com\/wp-content\/uploads\/2022\/06\/ladraa-caftan-morocco-fashion-design-dress-kimono-beachwear-fashioweek-jellaba-tailormade-slider-3.png\" data-no-retina>\n<!---->\t\t\t\t\t\t<\/rs-slide>\n\t\t\t\t\t<\/rs-slides>\n\t\t\t\t\t<rs-static-layers><!--\n\n\t\t\t\t\t\t\t--><h1\n\t\t\t\t\t\t\t\tid=\"slider-3-slide-3-layer-5\" \n\t\t\t\t\t\t\t\tclass=\"rs-layer sofia-pro-font sober_title_layer rs-layer-static\"\n\t\t\t\t\t\t\t\tdata-type=\"text\"\n\t\t\t\t\t\t\t\tdata-rsp_ch=\"on\"\n\t\t\t\t\t\t\t\tdata-xy=\"x:c;y:m;\"\n\t\t\t\t\t\t\t\tdata-text=\"w:nowrap,nowrap,nowrap,normal;s:64,64,64,50;l:90,90,90,50;fw:900,300,300,400;a:center;\"\n\t\t\t\t\t\t\t\tdata-dim=\"w:auto,auto,auto,361px;\"\n\t\t\t\t\t\t\t\tdata-onslides=\"s:1;\"\n\t\t\t\t\t\t\t\tdata-border=\"bos:solid;boc:#ffffff;bow:0,0,3px,0;\"\n\t\t\t\t\t\t\t\tdata-frame_0=\"y:-50px;\"\n\t\t\t\t\t\t\t\tdata-frame_1=\"e:power4.out;st:1000;sp:1200;\"\n\t\t\t\t\t\t\t\tdata-frame_999=\"st:w;sp:900;auto:true;\"\n\t\t\t\t\t\t\t\tdata-frame_999_mask=\"u:t;\"\n\t\t\t\t\t\t\t\tstyle=\"z-index:10;font-family:'Roboto';\"\n\t\t\t\t\t\t\t>TAILOR MADE \n\t\t\t\t\t\t\t<\/h1><!--\n\n\t\t\t\t\t\t\t--><h2\n\t\t\t\t\t\t\t\tid=\"slider-3-slide-3-layer-7\" \n\t\t\t\t\t\t\t\tclass=\"rs-layer sofia-pro-font sober_title_layer rs-layer-static\"\n\t\t\t\t\t\t\t\tdata-type=\"text\"\n\t\t\t\t\t\t\t\tdata-rsp_ch=\"on\"\n\t\t\t\t\t\t\t\tdata-xy=\"x:c;y:m;yo:100px,13px,21px,80px;\"\n\t\t\t\t\t\t\t\tdata-text=\"w:normal,normal,normal,normal;s:48,48,40,30;l:50,50,50,40;fw:900,300,300,400;a:center;\"\n\t\t\t\t\t\t\t\tdata-dim=\"w:1126px,912px,686px,361px;\"\n\t\t\t\t\t\t\t\tdata-onslides=\"s:1;\"\n\t\t\t\t\t\t\t\tdata-frame_0=\"y:-50px;\"\n\t\t\t\t\t\t\t\tdata-frame_1=\"e:power4.out;st:1000;sp:1200;\"\n\t\t\t\t\t\t\t\tdata-frame_999=\"st:w;sp:900;auto:true;\"\n\t\t\t\t\t\t\t\tdata-frame_999_mask=\"u:t;\"\n\t\t\t\t\t\t\t\tstyle=\"z-index:9;font-family:'Roboto';\"\n\t\t\t\t\t\t\t>Making the inaccessible accessible \n\t\t\t\t\t\t\t<\/h2><!--\n\n\t\t\t\t\t\t\t--><p\n\t\t\t\t\t\t\t\tid=\"slider-3-slide-3-layer-9\" \n\t\t\t\t\t\t\t\tclass=\"rs-layer rs-layer-static\"\n\t\t\t\t\t\t\t\tdata-type=\"text\"\n\t\t\t\t\t\t\t\tdata-rsp_ch=\"on\"\n\t\t\t\t\t\t\t\tdata-xy=\"x:c;y:m;yo:205px,524px,648px,205px;\"\n\t\t\t\t\t\t\t\tdata-text=\"w:normal;s:24,21,22,20;l:30,29,28,25;fw:300;a:center;\"\n\t\t\t\t\t\t\t\tdata-dim=\"w:1090px,889px,765px,396px;\"\n\t\t\t\t\t\t\t\tdata-onslides=\"s:1;\"\n\t\t\t\t\t\t\t\tdata-frame_999=\"o:0;st:w;\"\n\t\t\t\t\t\t\t\tstyle=\"z-index:11;font-family:'Roboto';\"\n\t\t\t\t\t\t\t>Our tailored Haute couture line aspires to revolutionize the modern high fashion industry. Ladraa is an artist and designer that works tirelessly day and night, creating relevant pieces for a hive range audience, and granting their most brilliant wishes.  \n\t\t\t\t\t\t\t<\/p><!--\n\n\t\t\t\t\t\t\t--><rs-layer\n\t\t\t\t\t\t\t\tid=\"slider-3-slide-3-layer-10\" \n\t\t\t\t\t\t\t\tclass=\"rs-layer-static\"\n\t\t\t\t\t\t\t\tdata-type=\"shape\"\n\t\t\t\t\t\t\t\tdata-rsp_ch=\"on\"\n\t\t\t\t\t\t\t\tdata-xy=\"x:c;y:m;\"\n\t\t\t\t\t\t\t\tdata-text=\"w:normal;s:20,11,8,4;l:0,14,10,6;\"\n\t\t\t\t\t\t\t\tdata-dim=\"w:100%;h:100%;\"\n\t\t\t\t\t\t\t\tdata-basealign=\"slide\"\n\t\t\t\t\t\t\t\tdata-onslides=\"s:1;\"\n\t\t\t\t\t\t\t\tdata-frame_999=\"o:0;st:w;\"\n\t\t\t\t\t\t\t\tstyle=\"z-index:8;background-color:rgba(0,0,0,0.3);\"\n\t\t\t\t\t\t\t> \n\t\t\t\t\t\t\t<\/rs-layer><!--\n\t\t\t\t\t--><\/rs-static-layers>\n\t\t\t\t<\/rs-module>\n\t\t\t\t<script>\n\t\t\t\t\tsetREVStartSize({c: 'rev_slider_3_1',rl:[1240,1024,778,480],el:[980,768,960,720],gw:[1720,1024,778,480],gh:[980,768,960,720],type:'standard',justify:'',layout:'fullscreen',offsetContainer:'#wpadminbar, #topbar',offset:'',mh:\"0\"});if (window.RS_MODULES!==undefined && window.RS_MODULES.modules!==undefined && window.RS_MODULES.modules[\"revslider31\"]!==undefined) {window.RS_MODULES.modules[\"revslider31\"].once = false;window.revapi3 = undefined;if (window.RS_MODULES.checkMinimal!==undefined) window.RS_MODULES.checkMinimal()}\n\t\t\t\t<\/script>\n\t\t\t<\/rs-module-wrap>\n\t\t\t<!-- END REVOLUTION SLIDER -->\n[\/vc_column][\/vc_row][vc_row full_width=&#8221;stretch_row&#8221; full_height=&#8221;yes&#8221; disable_element=&#8221;yes&#8221; css=&#8221;.vc_custom_1656605005991{background-image: url(http:\/\/ladraa.com\/wp-content\/uploads\/2022\/06\/ladraa-caftan-morocco-fashion-design-dress-kimono-beachwear-fashioweek-jellaba-tailor-made-slide.jpg?id=2772) !important;}&#8221;][vc_column width=&#8221;2\/3&#8243; offset=&#8221;vc_col-lg-offset-2 vc_col-lg-8 vc_col-md-offset-0 vc_col-md-12 vc_col-sm-offset-0&#8243;]<div class=\"sober-empty-space \" aria-hidden=\"true\"><div class=\"sober-empty-space__xs visible-xs\" style=\"height:120px\"><\/div><div class=\"sober-empty-space__sm visible-sm\" style=\"height:30px\"><\/div><div class=\"sober-empty-space__md visible-md\" style=\"height:30px\"><\/div><div class=\"sober-empty-space__lg visible-lg\" style=\"height:30px\"><\/div><\/div>[vc_column_text]<\/p>\n<h1 style=\"text-align: center; color: #fff;\">SUR MESURE<\/h1>\n<p>[\/vc_column_text][vc_separator color=&#8221;white&#8221; border_width=&#8221;3&#8243; el_width=&#8221;30&#8243; css=&#8221;.vc_custom_1653583685140{padding-top: 10px !important;padding-bottom: 10px !important;}&#8221;][vc_column_text]<\/p>\n<h2 style=\"text-align: center; color: #fff;\">Rendre accessible l\u2019inaccessible<\/h2>\n<p>[\/vc_column_text][vc_empty_space height=&#8221;10px&#8221;][vc_column_text]<\/p>\n<p style=\"text-align: center; color: #ffffff;\">Notre ligne de haute couture sur mesure aspire \u00e0 r\u00e9volutionner l&#8217;industrie moderne de la haute couture. Ladraa est un artiste et designer qui travaille sans rel\u00e2che jour et nuit, cr\u00e9ant des pi\u00e8ces pertinentes pour un public vari\u00e9 et exau\u00e7ant leurs souhaits les plus brillants. Lors de votre premi\u00e8re visite \u00e0 l&#8217;atelier de Ladraa, nous \u00e9coutons, prenons vos mesures et notons vos directives. Notre objectif est de rester fid\u00e8le \u00e0 vos fantasmes et pr\u00e9f\u00e9rences, en tenant compte de votre morphologie unique et en vous offrant la meilleure exp\u00e9rience. Notre passion pour la haute couture fait de notre responsabilit\u00e9 de nourrir une client\u00e8le qui souhaite cr\u00e9er son propre style, embrasser son sens unique de la mode et donner naissance \u00e0 son propre style.<\/p>\n<p>[\/vc_column_text][\/vc_column][\/vc_row][vc_row full_width=&#8221;stretch_row&#8221; gap=&#8221;30&#8243;][vc_column]<div class=\"sober-empty-space \" style=\"height: 40px\"><\/div>[vc_column_text]<\/p>\n<p style=\"text-align: center;\">Lors de votre premi\u00e8re visite \u00e0 l&#8217;atelier de Ladraa, nous \u00e9coutons, prenons vos mesures et notons vos directives. Notre objectif est de rester fid\u00e8le \u00e0 vos fantasmes et pr\u00e9f\u00e9rences, en tenant compte de votre morphologie unique et en vous offrant la meilleure exp\u00e9rience. Notre passion pour la haute couture fait de notre responsabilit\u00e9 de nourrir une client\u00e8le qui souhaite cr\u00e9er son propre style, embrasser son sens unique de la mode et donner naissance \u00e0 son propre style.<\/p>\n<p>[\/vc_column_text]<div class=\"sober-empty-space \" style=\"height: 20px\"><\/div>[\/vc_column][\/vc_row][vc_row gap=&#8221;30&#8243; equal_height=&#8221;yes&#8221; content_placement=&#8221;middle&#8221;][vc_column width=&#8221;1\/3&#8243;][\/vc_column][vc_column width=&#8221;1\/3&#8243;][vc_column_text]<\/p>\n<h2 style=\"text-align: center;\">CONTACTEZ NOUS<\/h2>\n<p>[\/vc_column_text][vc_empty_space height=&#8221;20px&#8221;][vc_column_text]<\/p>\n<p style=\"text-align: center;\">Contactez-nous via le formulaire ci-dessous, nous vous appellerons pour planifier une heure et une date pour votre session individuelle avec LADRAA.<\/p>\n<p>[\/vc_column_text][vc_empty_space height=&#8221;20px&#8221;]\n<div class=\"wpcf7 no-js\" id=\"wpcf7-f3442-o1\" lang=\"fr-FR\" dir=\"ltr\">\n<div class=\"screen-reader-response\"><p role=\"status\" aria-live=\"polite\" aria-atomic=\"true\"><\/p> <ul><\/ul><\/div>\n<form action=\"\/fr\/wp-json\/wp\/v2\/pages\/3464#wpcf7-f3442-o1\" method=\"post\" class=\"wpcf7-form init\" aria-label=\"Formulaire de contact\" novalidate=\"novalidate\" data-status=\"init\">\n<div style=\"display: none;\">\n<input type=\"hidden\" name=\"_wpcf7\" value=\"3442\" \/>\n<input type=\"hidden\" name=\"_wpcf7_version\" value=\"5.7.4\" \/>\n<input type=\"hidden\" name=\"_wpcf7_locale\" value=\"fr_FR\" \/>\n<input type=\"hidden\" name=\"_wpcf7_unit_tag\" value=\"wpcf7-f3442-o1\" \/>\n<input type=\"hidden\" name=\"_wpcf7_container_post\" value=\"0\" \/>\n<input type=\"hidden\" name=\"_wpcf7_posted_data_hash\" value=\"\" \/>\n<input type=\"hidden\" name=\"_wpcf7_recaptcha_response\" value=\"\" \/>\n<\/div>\n<p><span class=\"wpcf7-form-control-wrap\" data-name=\"your-name\"><input size=\"40\" class=\"wpcf7-form-control wpcf7-text wpcf7-validates-as-required\" aria-required=\"true\" aria-invalid=\"false\" placeholder=\"Nom\" value=\"\" type=\"text\" name=\"your-name\" \/><\/span>\n<\/p>\n<p><span class=\"wpcf7-form-control-wrap\" data-name=\"your-email\"><input size=\"40\" class=\"wpcf7-form-control wpcf7-text wpcf7-email wpcf7-validates-as-required wpcf7-validates-as-email\" aria-required=\"true\" aria-invalid=\"false\" placeholder=\"Email\" value=\"\" type=\"email\" name=\"your-email\" \/><\/span>\n<\/p>\n<p><span class=\"wpcf7-form-control-wrap\" data-name=\"your-phone\"><input size=\"40\" class=\"wpcf7-form-control wpcf7-text wpcf7-tel wpcf7-validates-as-required wpcf7-validates-as-tel\" aria-required=\"true\" aria-invalid=\"false\" placeholder=\"T\u00e9l\u00e9phone\" value=\"\" type=\"tel\" name=\"your-phone\" \/><\/span>\n<\/p>\n<p><span class=\"wpcf7-form-control-wrap\" data-name=\"your-message\"><textarea cols=\"40\" rows=\"10\" class=\"wpcf7-form-control wpcf7-textarea\" aria-invalid=\"false\" placeholder=\"Message\" name=\"your-message\"><\/textarea><\/span>\n<\/p>\n<p><input class=\"wpcf7-form-control has-spinner wpcf7-submit button\" type=\"submit\" value=\"Envoyer\" \/>\n<\/p><div class=\"wpcf7-response-output\" aria-hidden=\"true\"><\/div>\n<\/form>\n<\/div>\n[\/vc_column][vc_column width=&#8221;1\/3&#8243;][\/vc_column][\/vc_row]<\/p>\n","protected":false},"excerpt":{"rendered":"<p>[vc_row][vc_column][\/vc_column][\/vc_row][vc_row full_width=&#8221;stretch_row&#8221; full_height=&#8221;yes&#8221; disable_element=&#8221;yes&#8221; css=&#8221;.vc_custom_1656605005991{background-image: url(http:\/\/ladraa.com\/wp-content\/uploads\/2022\/06\/ladraa-caftan-morocco-fashion-design-dress-kimono-beachwear-fashioweek-jellaba-tailor-made-slide.jpg?id=2772) !important;}&#8221;][vc_column width=&#8221;2\/3&#8243; offset=&#8221;vc_col-lg-offset-2 vc_col-lg-8 vc_col-md-offset-0 vc_col-md-12 vc_col-sm-offset-0&#8243;][vc_column_text] SUR MESURE&hellip;<\/p>\n","protected":false},"author":2,"featured_media":0,"parent":0,"menu_order":0,"comment_status":"closed","ping_status":"closed","template":"templates\/homepage.php","meta":{"footnotes":""},"class_list":["post-3464","page","type-page","status-publish","hentry"],"yoast_head":"<!-- This site is optimized with the Yoast SEO plugin v24.7 - https:\/\/yoast.com\/wordpress\/plugins\/seo\/ -->\n<title>Sur Mesure | Habits traditionnels marocains | LADRAA<\/title>\n<meta name=\"description\" content=\"D\u00e9couvrez Sur Mesure par LADRAA, marque originale qui combine la mode, l&#039;art et les v\u00eatements traditionnels marocains.\" \/>\n<meta name=\"robots\" content=\"index, follow, max-snippet:-1, max-image-preview:large, max-video-preview:-1\" \/>\n<link rel=\"canonical\" href=\"https:\/\/ladraa.com\/fr\/sur-mesure\/\" \/>\n<meta property=\"og:locale\" content=\"fr_FR\" \/>\n<meta property=\"og:type\" content=\"article\" \/>\n<meta property=\"og:title\" content=\"Sur Mesure | Habits traditionnels marocains | LADRAA\" \/>\n<meta property=\"og:description\" content=\"D\u00e9couvrez Sur Mesure par LADRAA, marque originale qui combine la mode, l&#039;art et les v\u00eatements traditionnels marocains.\" \/>\n<meta property=\"og:url\" content=\"https:\/\/ladraa.com\/fr\/sur-mesure\/\" \/>\n<meta property=\"og:site_name\" content=\"LADRAA\" \/>\n<meta property=\"article:publisher\" content=\"https:\/\/facebook.com\/Ladraaofficial\" \/>\n<meta property=\"article:modified_time\" content=\"2022-07-18T10:03:56+00:00\" \/>\n<meta name=\"twitter:card\" content=\"summary_large_image\" \/>\n<meta name=\"twitter:label1\" content=\"Dur\u00e9e de lecture estim\u00e9e\" \/>\n\t<meta name=\"twitter:data1\" content=\"2 minutes\" \/>\n<script type=\"application\/ld+json\" class=\"yoast-schema-graph\">{\"@context\":\"https:\/\/schema.org\",\"@graph\":[{\"@type\":\"WebPage\",\"@id\":\"https:\/\/ladraa.com\/fr\/sur-mesure\/\",\"url\":\"https:\/\/ladraa.com\/fr\/sur-mesure\/\",\"name\":\"Sur Mesure | Habits traditionnels marocains | LADRAA\",\"isPartOf\":{\"@id\":\"https:\/\/ladraa.com\/fr\/#website\"},\"datePublished\":\"2022-06-16T18:52:10+00:00\",\"dateModified\":\"2022-07-18T10:03:56+00:00\",\"description\":\"D\u00e9couvrez Sur Mesure par LADRAA, marque originale qui combine la mode, l'art et les v\u00eatements traditionnels marocains.\",\"breadcrumb\":{\"@id\":\"https:\/\/ladraa.com\/fr\/sur-mesure\/#breadcrumb\"},\"inLanguage\":\"fr-FR\",\"potentialAction\":[{\"@type\":\"ReadAction\",\"target\":[\"https:\/\/ladraa.com\/fr\/sur-mesure\/\"]}]},{\"@type\":\"BreadcrumbList\",\"@id\":\"https:\/\/ladraa.com\/fr\/sur-mesure\/#breadcrumb\",\"itemListElement\":[{\"@type\":\"ListItem\",\"position\":1,\"name\":\"Accueil\",\"item\":\"https:\/\/ladraa.com\/fr\/\"},{\"@type\":\"ListItem\",\"position\":2,\"name\":\"Sur Mesure\"}]},{\"@type\":\"WebSite\",\"@id\":\"https:\/\/ladraa.com\/fr\/#website\",\"url\":\"https:\/\/ladraa.com\/fr\/\",\"name\":\"LADRAA\",\"description\":\"Moroccan fashion &amp; traditional brand\",\"publisher\":{\"@id\":\"https:\/\/ladraa.com\/fr\/#organization\"},\"potentialAction\":[{\"@type\":\"SearchAction\",\"target\":{\"@type\":\"EntryPoint\",\"urlTemplate\":\"https:\/\/ladraa.com\/fr\/?s={search_term_string}\"},\"query-input\":{\"@type\":\"PropertyValueSpecification\",\"valueRequired\":true,\"valueName\":\"search_term_string\"}}],\"inLanguage\":\"fr-FR\"},{\"@type\":\"Organization\",\"@id\":\"https:\/\/ladraa.com\/fr\/#organization\",\"name\":\"LADRAA\",\"url\":\"https:\/\/ladraa.com\/fr\/\",\"logo\":{\"@type\":\"ImageObject\",\"inLanguage\":\"fr-FR\",\"@id\":\"https:\/\/ladraa.com\/fr\/#\/schema\/logo\/image\/\",\"url\":\"https:\/\/ladraa.com\/wp-content\/uploads\/2022\/04\/Ladraa-Logo-B.png\",\"contentUrl\":\"https:\/\/ladraa.com\/wp-content\/uploads\/2022\/04\/Ladraa-Logo-B.png\",\"width\":3829,\"height\":1427,\"caption\":\"LADRAA\"},\"image\":{\"@id\":\"https:\/\/ladraa.com\/fr\/#\/schema\/logo\/image\/\"},\"sameAs\":[\"https:\/\/facebook.com\/Ladraaofficial\",\"https:\/\/instagram.com\/ladraa_\",\"https:\/\/pinterest.com\/Ladraaofficial\/\"]}]}<\/script>\n<!-- \/ Yoast SEO plugin. -->","yoast_head_json":{"title":"Sur Mesure | Habits traditionnels marocains | LADRAA","description":"D\u00e9couvrez Sur Mesure par LADRAA, marque originale qui combine la mode, l'art et les v\u00eatements traditionnels marocains.","robots":{"index":"index","follow":"follow","max-snippet":"max-snippet:-1","max-image-preview":"max-image-preview:large","max-video-preview":"max-video-preview:-1"},"canonical":"https:\/\/ladraa.com\/fr\/sur-mesure\/","og_locale":"fr_FR","og_type":"article","og_title":"Sur Mesure | Habits traditionnels marocains | LADRAA","og_description":"D\u00e9couvrez Sur Mesure par LADRAA, marque originale qui combine la mode, l'art et les v\u00eatements traditionnels marocains.","og_url":"https:\/\/ladraa.com\/fr\/sur-mesure\/","og_site_name":"LADRAA","article_publisher":"https:\/\/facebook.com\/Ladraaofficial","article_modified_time":"2022-07-18T10:03:56+00:00","twitter_card":"summary_large_image","twitter_misc":{"Dur\u00e9e de lecture estim\u00e9e":"2 minutes"},"schema":{"@context":"https:\/\/schema.org","@graph":[{"@type":"WebPage","@id":"https:\/\/ladraa.com\/fr\/sur-mesure\/","url":"https:\/\/ladraa.com\/fr\/sur-mesure\/","name":"Sur Mesure | Habits traditionnels marocains | LADRAA","isPartOf":{"@id":"https:\/\/ladraa.com\/fr\/#website"},"datePublished":"2022-06-16T18:52:10+00:00","dateModified":"2022-07-18T10:03:56+00:00","description":"D\u00e9couvrez Sur Mesure par LADRAA, marque originale qui combine la mode, l'art et les v\u00eatements traditionnels marocains.","breadcrumb":{"@id":"https:\/\/ladraa.com\/fr\/sur-mesure\/#breadcrumb"},"inLanguage":"fr-FR","potentialAction":[{"@type":"ReadAction","target":["https:\/\/ladraa.com\/fr\/sur-mesure\/"]}]},{"@type":"BreadcrumbList","@id":"https:\/\/ladraa.com\/fr\/sur-mesure\/#breadcrumb","itemListElement":[{"@type":"ListItem","position":1,"name":"Accueil","item":"https:\/\/ladraa.com\/fr\/"},{"@type":"ListItem","position":2,"name":"Sur Mesure"}]},{"@type":"WebSite","@id":"https:\/\/ladraa.com\/fr\/#website","url":"https:\/\/ladraa.com\/fr\/","name":"LADRAA","description":"Moroccan fashion &amp; traditional brand","publisher":{"@id":"https:\/\/ladraa.com\/fr\/#organization"},"potentialAction":[{"@type":"SearchAction","target":{"@type":"EntryPoint","urlTemplate":"https:\/\/ladraa.com\/fr\/?s={search_term_string}"},"query-input":{"@type":"PropertyValueSpecification","valueRequired":true,"valueName":"search_term_string"}}],"inLanguage":"fr-FR"},{"@type":"Organization","@id":"https:\/\/ladraa.com\/fr\/#organization","name":"LADRAA","url":"https:\/\/ladraa.com\/fr\/","logo":{"@type":"ImageObject","inLanguage":"fr-FR","@id":"https:\/\/ladraa.com\/fr\/#\/schema\/logo\/image\/","url":"https:\/\/ladraa.com\/wp-content\/uploads\/2022\/04\/Ladraa-Logo-B.png","contentUrl":"https:\/\/ladraa.com\/wp-content\/uploads\/2022\/04\/Ladraa-Logo-B.png","width":3829,"height":1427,"caption":"LADRAA"},"image":{"@id":"https:\/\/ladraa.com\/fr\/#\/schema\/logo\/image\/"},"sameAs":["https:\/\/facebook.com\/Ladraaofficial","https:\/\/instagram.com\/ladraa_","https:\/\/pinterest.com\/Ladraaofficial\/"]}]}},"_links":{"self":[{"href":"https:\/\/ladraa.com\/fr\/wp-json\/wp\/v2\/pages\/3464","targetHints":{"allow":["GET"]}}],"collection":[{"href":"https:\/\/ladraa.com\/fr\/wp-json\/wp\/v2\/pages"}],"about":[{"href":"https:\/\/ladraa.com\/fr\/wp-json\/wp\/v2\/types\/page"}],"author":[{"embeddable":true,"href":"https:\/\/ladraa.com\/fr\/wp-json\/wp\/v2\/users\/2"}],"replies":[{"embeddable":true,"href":"https:\/\/ladraa.com\/fr\/wp-json\/wp\/v2\/comments?post=3464"}],"version-history":[{"count":9,"href":"https:\/\/ladraa.com\/fr\/wp-json\/wp\/v2\/pages\/3464\/revisions"}],"predecessor-version":[{"id":3547,"href":"https:\/\/ladraa.com\/fr\/wp-json\/wp\/v2\/pages\/3464\/revisions\/3547"}],"wp:attachment":[{"href":"https:\/\/ladraa.com\/fr\/wp-json\/wp\/v2\/media?parent=3464"}],"curies":[{"name":"wp","href":"https:\/\/api.w.org\/{rel}","templated":true}]}}