{"id":3459,"date":"2022-06-16T15:46:09","date_gmt":"2022-06-16T14:46:09","guid":{"rendered":"https:\/\/ladraa.com\/printemps-ete\/"},"modified":"2022-07-18T11:03:42","modified_gmt":"2022-07-18T10:03:42","slug":"printemps-ete","status":"publish","type":"page","link":"https:\/\/ladraa.com\/fr\/printemps-ete\/","title":{"rendered":"Printemps \u00c9t\u00e9"},"content":{"rendered":"<p>[vc_row][vc_column]\n\t\t\t<!-- START Spring Summer REVOLUTION SLIDER 6.5.19 --><p class=\"rs-p-wp-fix\"><\/p>\n\t\t\t<rs-module-wrap id=\"rev_slider_5_1_wrapper\" data-source=\"gallery\" style=\"visibility:hidden;background:#f1f2f4;padding:0;\">\n\t\t\t\t<rs-module id=\"rev_slider_5_1\" style=\"\" data-version=\"6.5.19\">\n\t\t\t\t\t<rs-slides>\n\t\t\t\t\t\t<rs-slide style=\"position: absolute;\" data-key=\"rs-13\" data-title=\"White Sneakers\" data-thumb=\"\/\/ladraa.com\/wp-content\/uploads\/2022\/06\/ladraa-caftan-morocco-fashion-design-dress-kimono-beachwear-fashioweek-jellaba-spring-summer-slider-1-100x50.jpg\" data-in=\"o:0;\" data-out=\"a:false;\">\n\t\t\t\t\t\t\t<img loading=\"lazy\" decoding=\"async\" src=\"\/\/ladraa.com\/wp-content\/plugins\/revslider\/public\/assets\/assets\/dummy.png\" alt=\"ladraa-caftan-morocco-fashion-design-dress-kimono-beachwear-fashioweek-jellaba-spring summer\" title=\"ladraa-caftan-morocco-fashion-design-dress-kimono-beachwear-fashioweek-jellaba-spring summer-slider-1\" width=\"1720\" height=\"980\" class=\"rev-slidebg tp-rs-img rs-lazyload\" data-lazyload=\"\/\/ladraa.com\/wp-content\/uploads\/2022\/06\/ladraa-caftan-morocco-fashion-design-dress-kimono-beachwear-fashioweek-jellaba-spring-summer-slider-1.jpg\" data-no-retina>\n<!--\n\t\t\t\t\t\t\t--><rs-layer\n\t\t\t\t\t\t\t\tid=\"slider-5-slide-13-layer-0\" \n\t\t\t\t\t\t\t\tdata-type=\"image\"\n\t\t\t\t\t\t\t\tdata-rsp_ch=\"on\"\n\t\t\t\t\t\t\t\tdata-xy=\"xo:50px,29px,22px,-112px;yo:140px,83px,63px,-203px;\"\n\t\t\t\t\t\t\t\tdata-text=\"w:normal;s:20,11,8,4;l:0,14,10,6;\"\n\t\t\t\t\t\t\t\tdata-dim=\"w:300px,178px,135px,681px;h:180px,107px,81px,1211px;\"\n\t\t\t\t\t\t\t\tdata-vbility=\"f,f,f,t\"\n\t\t\t\t\t\t\t\tdata-frame_999=\"o:0;st:w;\"\n\t\t\t\t\t\t\t\tstyle=\"z-index:5;\"\n\t\t\t\t\t\t\t><img loading=\"lazy\" decoding=\"async\" src=\"\/\/ladraa.com\/wp-content\/plugins\/revslider\/public\/assets\/assets\/dummy.png\" alt=\"ladraa-caftan-morocco-fashion-design-dress-kimono-beachwear-fashioweek-jellaba\" class=\"tp-rs-img rs-lazyload\" width=\"1080\" height=\"1920\" data-lazyload=\"\/\/ladraa.com\/wp-content\/uploads\/2022\/06\/ladraa-caftan-morocco-fashion-design-dress-kimono-beachwear-fashioweek-jellaba-mobile-slider-10.jpg\" data-no-retina> \n\t\t\t\t\t\t\t<\/rs-layer><!--\n-->\t\t\t\t\t\t<\/rs-slide>\n\t\t\t\t\t\t<rs-slide style=\"position: absolute;\" data-key=\"rs-14\" data-title=\"White Sneakers\" data-thumb=\"\/\/ladraa.com\/wp-content\/uploads\/2022\/06\/ladraa-caftan-morocco-fashion-design-dress-kimono-beachwear-fashioweek-jellaba-spring-summer-slider-1-100x50.jpg\" data-in=\"o:0;\" data-out=\"a:false;\">\n\t\t\t\t\t\t\t<img loading=\"lazy\" decoding=\"async\" src=\"\/\/ladraa.com\/wp-content\/plugins\/revslider\/public\/assets\/assets\/dummy.png\" alt=\"ladraa-caftan-morocco-fashion-design-dress-kimono-beachwear-fashioweek-jellaba-spring summer\" title=\"ladraa-caftan-morocco-fashion-design-dress-kimono-beachwear-fashioweek-jellaba-spring summer-slider-1\" width=\"1720\" height=\"980\" class=\"rev-slidebg tp-rs-img rs-lazyload\" data-lazyload=\"\/\/ladraa.com\/wp-content\/uploads\/2022\/06\/ladraa-caftan-morocco-fashion-design-dress-kimono-beachwear-fashioweek-jellaba-spring-summer-slider-1.jpg\" data-no-retina>\n<!--\n\t\t\t\t\t\t\t--><rs-layer\n\t\t\t\t\t\t\t\tid=\"slider-5-slide-14-layer-0\" \n\t\t\t\t\t\t\t\tdata-type=\"image\"\n\t\t\t\t\t\t\t\tdata-rsp_ch=\"on\"\n\t\t\t\t\t\t\t\tdata-xy=\"xo:50px,29px,22px,-112px;yo:140px,83px,63px,-203px;\"\n\t\t\t\t\t\t\t\tdata-text=\"w:normal;s:20,11,8,4;l:0,14,10,6;\"\n\t\t\t\t\t\t\t\tdata-dim=\"w:300px,178px,135px,681px;h:180px,107px,81px,1211px;\"\n\t\t\t\t\t\t\t\tdata-vbility=\"f,f,f,t\"\n\t\t\t\t\t\t\t\tdata-frame_999=\"o:0;st:w;\"\n\t\t\t\t\t\t\t\tstyle=\"z-index:5;\"\n\t\t\t\t\t\t\t><img loading=\"lazy\" decoding=\"async\" src=\"\/\/ladraa.com\/wp-content\/plugins\/revslider\/public\/assets\/assets\/dummy.png\" alt=\"ladraa-caftan-morocco-fashion-design-dress-kimono-beachwear-fashioweek-jellaba\" class=\"tp-rs-img rs-lazyload\" width=\"1080\" height=\"1920\" data-lazyload=\"\/\/ladraa.com\/wp-content\/uploads\/2022\/06\/ladraa-caftan-morocco-fashion-design-dress-kimono-beachwear-fashioweek-jellaba-mobile-slider-9.jpg\" data-no-retina> \n\t\t\t\t\t\t\t<\/rs-layer><!--\n-->\t\t\t\t\t\t<\/rs-slide>\n\t\t\t\t\t<\/rs-slides>\n\t\t\t\t\t<rs-static-layers><!--\n\n\t\t\t\t\t\t\t--><h1\n\t\t\t\t\t\t\t\tid=\"slider-5-slide-5-layer-5\" \n\t\t\t\t\t\t\t\tclass=\"rs-layer sofia-pro-font sober_title_layer rs-layer-static\"\n\t\t\t\t\t\t\t\tdata-type=\"text\"\n\t\t\t\t\t\t\t\tdata-rsp_ch=\"on\"\n\t\t\t\t\t\t\t\tdata-xy=\"x:c;y:m;yo:-181px,-181px,-181px,-120px;\"\n\t\t\t\t\t\t\t\tdata-text=\"w:nowrap,nowrap,nowrap,normal;s:64,64,64,45;l:90,90,90,50;fw:900,300,300,400;a:center;\"\n\t\t\t\t\t\t\t\tdata-dim=\"w:auto,auto,auto,361px;\"\n\t\t\t\t\t\t\t\tdata-onslides=\"s:1;\"\n\t\t\t\t\t\t\t\tdata-border=\"bos:solid;boc:#ffffff;bow:0,0,3px,0;\"\n\t\t\t\t\t\t\t\tdata-frame_0=\"y:-50px;\"\n\t\t\t\t\t\t\t\tdata-frame_1=\"e:power4.out;st:1000;sp:1200;\"\n\t\t\t\t\t\t\t\tdata-frame_999=\"st:w;sp:900;auto:true;\"\n\t\t\t\t\t\t\t\tdata-frame_999_mask=\"u:t;\"\n\t\t\t\t\t\t\t\tstyle=\"z-index:10;font-family:'Roboto';\"\n\t\t\t\t\t\t\t>SPRING SUMMER COLLECTION \n\t\t\t\t\t\t\t<\/h1><!--\n\n\t\t\t\t\t\t\t--><h2\n\t\t\t\t\t\t\t\tid=\"slider-5-slide-5-layer-7\" \n\t\t\t\t\t\t\t\tclass=\"rs-layer sofia-pro-font sober_title_layer rs-layer-static\"\n\t\t\t\t\t\t\t\tdata-type=\"text\"\n\t\t\t\t\t\t\t\tdata-rsp_ch=\"on\"\n\t\t\t\t\t\t\t\tdata-xy=\"x:c;xo:1px,0,0,0;y:m;yo:60px,13px,21px,149px;\"\n\t\t\t\t\t\t\t\tdata-text=\"w:normal,normal,normal,normal;s:48,48,40,26;l:50,50,50,40;fw:900,300,300,400;a:center;\"\n\t\t\t\t\t\t\t\tdata-dim=\"w:1126px,912px,686px,361px;\"\n\t\t\t\t\t\t\t\tdata-onslides=\"s:1;\"\n\t\t\t\t\t\t\t\tdata-frame_0=\"y:-50px;\"\n\t\t\t\t\t\t\t\tdata-frame_1=\"e:power4.out;st:1000;sp:1200;\"\n\t\t\t\t\t\t\t\tdata-frame_999=\"st:w;sp:900;auto:true;\"\n\t\t\t\t\t\t\t\tdata-frame_999_mask=\"u:t;\"\n\t\t\t\t\t\t\t\tstyle=\"z-index:9;font-family:'Roboto';\"\n\t\t\t\t\t\t\t>Ladraa took upon himself to alter this dream, to allow us to see reality in a free state of mind, in a more humane perspective. To escape the classical, uniform and capitalist dream towards a more personal conception and a customized piece of art. \n\t\t\t\t\t\t\t<\/h2><!--\n\n\t\t\t\t\t\t\t--><rs-layer\n\t\t\t\t\t\t\t\tid=\"slider-5-slide-5-layer-10\" \n\t\t\t\t\t\t\t\tclass=\"rs-layer-static\"\n\t\t\t\t\t\t\t\tdata-type=\"shape\"\n\t\t\t\t\t\t\t\tdata-rsp_ch=\"on\"\n\t\t\t\t\t\t\t\tdata-xy=\"x:c;y:m;\"\n\t\t\t\t\t\t\t\tdata-text=\"w:normal;s:20,11,8,4;l:0,14,10,6;\"\n\t\t\t\t\t\t\t\tdata-dim=\"w:100%;h:100%;\"\n\t\t\t\t\t\t\t\tdata-basealign=\"slide\"\n\t\t\t\t\t\t\t\tdata-onslides=\"s:1;\"\n\t\t\t\t\t\t\t\tdata-frame_999=\"o:0;st:w;\"\n\t\t\t\t\t\t\t\tstyle=\"z-index:8;background-color:rgba(0,0,0,0.3);\"\n\t\t\t\t\t\t\t> \n\t\t\t\t\t\t\t<\/rs-layer><!--\n\t\t\t\t\t--><\/rs-static-layers>\n\t\t\t\t<\/rs-module>\n\t\t\t\t<script>\n\t\t\t\t\tsetREVStartSize({c: 'rev_slider_5_1',rl:[1240,1024,778,480],el:[980,768,960,720],gw:[1720,1024,778,480],gh:[980,768,960,720],type:'standard',justify:'',layout:'fullscreen',offsetContainer:'#wpadminbar, #topbar',offset:'',mh:\"0\"});if (window.RS_MODULES!==undefined && window.RS_MODULES.modules!==undefined && window.RS_MODULES.modules[\"revslider51\"]!==undefined) {window.RS_MODULES.modules[\"revslider51\"].once = false;window.revapi5 = undefined;if (window.RS_MODULES.checkMinimal!==undefined) window.RS_MODULES.checkMinimal()}\n\t\t\t\t<\/script>\n\t\t\t<\/rs-module-wrap>\n\t\t\t<!-- END REVOLUTION SLIDER -->\n[\/vc_column][\/vc_row][vc_row full_width=&#8221;stretch_row&#8221; full_height=&#8221;yes&#8221; disable_element=&#8221;yes&#8221; css=&#8221;.vc_custom_1656618372872{background-image: url(http:\/\/ladraa.com\/wp-content\/uploads\/2022\/06\/ladraa-caftan-morocco-fashion-design-dress-kimono-beachwear-fashioweek-jellaba-spring-summer-slider-1.jpg?id=2849) !important;}&#8221;][vc_column width=&#8221;2\/3&#8243; offset=&#8221;vc_col-lg-offset-2 vc_col-lg-8 vc_col-md-offset-0 vc_col-md-12 vc_col-sm-offset-0&#8243;]<div class=\"sober-empty-space \" aria-hidden=\"true\"><div class=\"sober-empty-space__xs visible-xs\" style=\"height:120px\"><\/div><div class=\"sober-empty-space__sm visible-sm\" style=\"height:30px\"><\/div><div class=\"sober-empty-space__md visible-md\" style=\"height:30px\"><\/div><div class=\"sober-empty-space__lg visible-lg\" style=\"height:30px\"><\/div><\/div>[vc_column_text]<\/p>\n<h1 style=\"text-align: center; color: #fff;\">COLLECTION PRINTEMPS \u00c9T\u00c9<\/h1>\n<p>[\/vc_column_text][vc_separator color=&#8221;white&#8221; border_width=&#8221;3&#8243; el_width=&#8221;30&#8243; css=&#8221;.vc_custom_1653583685140{padding-top: 10px !important;padding-bottom: 10px !important;}&#8221;][vc_column_text]<\/p>\n<h2 style=\"text-align: center; color: #ffffff;\">Ladraa s&#8217;est charg\u00e9 de modifier ce r\u00eave, de nous permettre de voir la r\u00e9alit\u00e9 dans un \u00e9tat d&#8217;esprit libre, dans une perspective plus humaine. S&#8217;\u00e9chapper du r\u00eave classique, uniforme et capitaliste vers une conception plus personnelle et une \u0153uvre d&#8217;art personnalis\u00e9e.<\/h2>\n<p>[\/vc_column_text][vc_empty_space height=&#8221;10px&#8221;][vc_empty_space height=&#8221;30px&#8221;][\/vc_column][\/vc_row][vc_row][vc_column][vc_empty_space height=&#8221;60px&#8221;][\/vc_column][\/vc_row][vc_row full_width=&#8221;stretch_row&#8221; gap=&#8221;30&#8243; equal_height=&#8221;yes&#8221; content_placement=&#8221;middle&#8221;][vc_column width=&#8221;1\/2&#8243;][vc_column_text]<\/p>\n<h2 style=\"text-align: center;\"><b><i>N&#8217;est-ce pas le premier principe de toute \u0153uvre d&#8217;art?<\/i><\/b><\/h2>\n<p>[\/vc_column_text][vc_separator color=&#8221;black&#8221; border_width=&#8221;3&#8243; el_width=&#8221;20&#8243; css=&#8221;.vc_custom_1654089782055{padding-top: 10px !important;padding-bottom: 10px !important;}&#8221;][vc_empty_space height=&#8221;10px&#8221;][vc_column_text]<\/p>\n<p style=\"text-align: justify;\">Un principe qui anime naturellement le prodigieux. Une nouvelle g\u00e9n\u00e9ration de femmes et d&#8217;hommes, qui c\u00e9l\u00e8bre leurs individualit\u00e9s et leurs unicit\u00e9s en ne se conformant pas \u00e0 ce qui est dict\u00e9 comme beau.<\/p>\n<p style=\"text-align: justify;\">C&#8217;est un voyage vers la d\u00e9construction, la construction et la reconstruction de la beaut\u00e9, une remise en cause de la normalit\u00e9 dans un monde anormal et enfin, une v\u00e9ritable invitation \u00e0 embrasser votre individualit\u00e9, accepter votre unicit\u00e9, ouvrir VOS bras au beau, extraordinaire, incroyable, int\u00e9ressant est l&#8217;Unique individu.<\/p>\n<p>[\/vc_column_text][vc_column_text]<\/p>\n<blockquote>\n<h3 class=\"wpb_heading wpb_singleimage_heading\" style=\"text-align: center;\">Vous \u00eates&#8230; LE R\u00caVE.<\/h3>\n<\/blockquote>\n<p>[\/vc_column_text][vc_empty_space height=&#8221;20px&#8221;][vc_column_text]<\/p>\n<p style=\"text-align: justify;\">Cette collection Printemps \/ \u00c9t\u00e9 Ladraa 2020, c\u00e9l\u00e8bre la morphologie. Une collection d\u00e9di\u00e9e au mouvement \u00e9nerg\u00e9tique et dynamique de du corps, une force en mouvement. Les contours du corps sont audacieusement \u00e9loign\u00e9. La broderie relient des pi\u00e8ces de tissus, c\u00e9l\u00e9brant le corps, en ayant une sensibilit\u00e9 acquit aux formes, et en r\u00e9pondent au besoin de la morphologie.<\/p>\n<p>L&#8217;asym\u00e9trie et les d\u00e9coupes g\u00e9om\u00e9triques autour du corps transforment l&#8217;affichage de la peau \u00e0 un motif, un exercice de sensualit\u00e9 plut\u00f4t qu&#8217;affichage simple de la sexualit\u00e9. R\u00e9sultats d&#8217;un voyage \u00e0 travers l&#8217;Afrique du Nord dans de nouvelles approches de l&#8217;artisanat, de la couleur et des textiles et de l&#8217;id\u00e9e abstraite de l&#8217;artisanat. Pour \u00e9voquer un sentiment de changement avec l&#8217;artisanat, la sensualit\u00e9 &#8211; tous pr\u00e9sents, mais repens\u00e9s pour aujourd&#8217;hui, pour cr\u00e9er un nouveau m\u00e9lange avec un accent sur les v\u00eatements de jour.[\/vc_column_text][\/vc_column][vc_column width=&#8221;1\/2&#8243;][vc_single_image image=&#8221;2750&#8243; img_size=&#8221;full&#8221; alignment=&#8221;center&#8221;][\/vc_column][\/vc_row][vc_row][vc_column][vc_empty_space height=&#8221;20px&#8221;][vc_media_grid element_width=&#8221;3&#8243; item=&#8221;masonryGrid_Default&#8221; initial_loading_animation=&#8221;none&#8221; grid_id=&#8221;vc_gid:1656618134612-dc23b10f-2e8e-10&#8243; include=&#8221;2748,2749,2851,2754,2751,2852,2753,2759&#8243;][\/vc_column][\/vc_row][vc_row][vc_column][vc_empty_space height=&#8221;60px&#8221;][\/vc_column][\/vc_row]<\/p>\n","protected":false},"excerpt":{"rendered":"<p>[vc_row][vc_column][\/vc_column][\/vc_row][vc_row full_width=&#8221;stretch_row&#8221; full_height=&#8221;yes&#8221; disable_element=&#8221;yes&#8221; css=&#8221;.vc_custom_1656618372872{background-image: url(http:\/\/ladraa.com\/wp-content\/uploads\/2022\/06\/ladraa-caftan-morocco-fashion-design-dress-kimono-beachwear-fashioweek-jellaba-spring-summer-slider-1.jpg?id=2849) !important;}&#8221;][vc_column width=&#8221;2\/3&#8243; offset=&#8221;vc_col-lg-offset-2 vc_col-lg-8 vc_col-md-offset-0 vc_col-md-12 vc_col-sm-offset-0&#8243;][vc_column_text] COLLECTION PRINTEMPS&hellip;<\/p>\n","protected":false},"author":2,"featured_media":0,"parent":0,"menu_order":0,"comment_status":"closed","ping_status":"closed","template":"templates\/homepage.php","meta":{"footnotes":""},"class_list":["post-3459","page","type-page","status-publish","hentry"],"yoast_head":"<!-- This site is optimized with the Yoast SEO plugin v24.7 - https:\/\/yoast.com\/wordpress\/plugins\/seo\/ -->\n<title>Printemps \u00c9t\u00e9 | Habits traditionnels marocains | LADRAA<\/title>\n<meta name=\"description\" content=\"D\u00e9couvrez Printemps \u00c9t\u00e9 par LADRAA, marque originale qui combine la mode, l&#039;art et les v\u00eatements traditionnels marocains.\" \/>\n<meta name=\"robots\" content=\"index, follow, max-snippet:-1, max-image-preview:large, max-video-preview:-1\" \/>\n<link rel=\"canonical\" href=\"https:\/\/ladraa.com\/fr\/printemps-ete\/\" \/>\n<meta property=\"og:locale\" content=\"fr_FR\" \/>\n<meta property=\"og:type\" content=\"article\" \/>\n<meta property=\"og:title\" content=\"Printemps \u00c9t\u00e9 | Habits traditionnels marocains | LADRAA\" \/>\n<meta property=\"og:description\" content=\"D\u00e9couvrez Printemps \u00c9t\u00e9 par LADRAA, marque originale qui combine la mode, l&#039;art et les v\u00eatements traditionnels marocains.\" \/>\n<meta property=\"og:url\" content=\"https:\/\/ladraa.com\/fr\/printemps-ete\/\" \/>\n<meta property=\"og:site_name\" content=\"LADRAA\" \/>\n<meta property=\"article:publisher\" content=\"https:\/\/facebook.com\/Ladraaofficial\" \/>\n<meta property=\"article:modified_time\" content=\"2022-07-18T10:03:42+00:00\" \/>\n<meta name=\"twitter:card\" content=\"summary_large_image\" \/>\n<meta name=\"twitter:label1\" content=\"Dur\u00e9e de lecture estim\u00e9e\" \/>\n\t<meta name=\"twitter:data1\" content=\"3 minutes\" \/>\n<script type=\"application\/ld+json\" class=\"yoast-schema-graph\">{\"@context\":\"https:\/\/schema.org\",\"@graph\":[{\"@type\":\"WebPage\",\"@id\":\"https:\/\/ladraa.com\/fr\/printemps-ete\/\",\"url\":\"https:\/\/ladraa.com\/fr\/printemps-ete\/\",\"name\":\"Printemps \u00c9t\u00e9 | Habits traditionnels marocains | LADRAA\",\"isPartOf\":{\"@id\":\"https:\/\/ladraa.com\/fr\/#website\"},\"datePublished\":\"2022-06-16T14:46:09+00:00\",\"dateModified\":\"2022-07-18T10:03:42+00:00\",\"description\":\"D\u00e9couvrez Printemps \u00c9t\u00e9 par LADRAA, marque originale qui combine la mode, l'art et les v\u00eatements traditionnels marocains.\",\"breadcrumb\":{\"@id\":\"https:\/\/ladraa.com\/fr\/printemps-ete\/#breadcrumb\"},\"inLanguage\":\"fr-FR\",\"potentialAction\":[{\"@type\":\"ReadAction\",\"target\":[\"https:\/\/ladraa.com\/fr\/printemps-ete\/\"]}]},{\"@type\":\"BreadcrumbList\",\"@id\":\"https:\/\/ladraa.com\/fr\/printemps-ete\/#breadcrumb\",\"itemListElement\":[{\"@type\":\"ListItem\",\"position\":1,\"name\":\"Accueil\",\"item\":\"https:\/\/ladraa.com\/fr\/\"},{\"@type\":\"ListItem\",\"position\":2,\"name\":\"Printemps \u00c9t\u00e9\"}]},{\"@type\":\"WebSite\",\"@id\":\"https:\/\/ladraa.com\/fr\/#website\",\"url\":\"https:\/\/ladraa.com\/fr\/\",\"name\":\"LADRAA\",\"description\":\"Moroccan fashion &amp; traditional brand\",\"publisher\":{\"@id\":\"https:\/\/ladraa.com\/fr\/#organization\"},\"potentialAction\":[{\"@type\":\"SearchAction\",\"target\":{\"@type\":\"EntryPoint\",\"urlTemplate\":\"https:\/\/ladraa.com\/fr\/?s={search_term_string}\"},\"query-input\":{\"@type\":\"PropertyValueSpecification\",\"valueRequired\":true,\"valueName\":\"search_term_string\"}}],\"inLanguage\":\"fr-FR\"},{\"@type\":\"Organization\",\"@id\":\"https:\/\/ladraa.com\/fr\/#organization\",\"name\":\"LADRAA\",\"url\":\"https:\/\/ladraa.com\/fr\/\",\"logo\":{\"@type\":\"ImageObject\",\"inLanguage\":\"fr-FR\",\"@id\":\"https:\/\/ladraa.com\/fr\/#\/schema\/logo\/image\/\",\"url\":\"https:\/\/ladraa.com\/wp-content\/uploads\/2022\/04\/Ladraa-Logo-B.png\",\"contentUrl\":\"https:\/\/ladraa.com\/wp-content\/uploads\/2022\/04\/Ladraa-Logo-B.png\",\"width\":3829,\"height\":1427,\"caption\":\"LADRAA\"},\"image\":{\"@id\":\"https:\/\/ladraa.com\/fr\/#\/schema\/logo\/image\/\"},\"sameAs\":[\"https:\/\/facebook.com\/Ladraaofficial\",\"https:\/\/instagram.com\/ladraa_\",\"https:\/\/pinterest.com\/Ladraaofficial\/\"]}]}<\/script>\n<!-- \/ Yoast SEO plugin. -->","yoast_head_json":{"title":"Printemps \u00c9t\u00e9 | Habits traditionnels marocains | LADRAA","description":"D\u00e9couvrez Printemps \u00c9t\u00e9 par LADRAA, marque originale qui combine la mode, l'art et les v\u00eatements traditionnels marocains.","robots":{"index":"index","follow":"follow","max-snippet":"max-snippet:-1","max-image-preview":"max-image-preview:large","max-video-preview":"max-video-preview:-1"},"canonical":"https:\/\/ladraa.com\/fr\/printemps-ete\/","og_locale":"fr_FR","og_type":"article","og_title":"Printemps \u00c9t\u00e9 | Habits traditionnels marocains | LADRAA","og_description":"D\u00e9couvrez Printemps \u00c9t\u00e9 par LADRAA, marque originale qui combine la mode, l'art et les v\u00eatements traditionnels marocains.","og_url":"https:\/\/ladraa.com\/fr\/printemps-ete\/","og_site_name":"LADRAA","article_publisher":"https:\/\/facebook.com\/Ladraaofficial","article_modified_time":"2022-07-18T10:03:42+00:00","twitter_card":"summary_large_image","twitter_misc":{"Dur\u00e9e de lecture estim\u00e9e":"3 minutes"},"schema":{"@context":"https:\/\/schema.org","@graph":[{"@type":"WebPage","@id":"https:\/\/ladraa.com\/fr\/printemps-ete\/","url":"https:\/\/ladraa.com\/fr\/printemps-ete\/","name":"Printemps \u00c9t\u00e9 | Habits traditionnels marocains | LADRAA","isPartOf":{"@id":"https:\/\/ladraa.com\/fr\/#website"},"datePublished":"2022-06-16T14:46:09+00:00","dateModified":"2022-07-18T10:03:42+00:00","description":"D\u00e9couvrez Printemps \u00c9t\u00e9 par LADRAA, marque originale qui combine la mode, l'art et les v\u00eatements traditionnels marocains.","breadcrumb":{"@id":"https:\/\/ladraa.com\/fr\/printemps-ete\/#breadcrumb"},"inLanguage":"fr-FR","potentialAction":[{"@type":"ReadAction","target":["https:\/\/ladraa.com\/fr\/printemps-ete\/"]}]},{"@type":"BreadcrumbList","@id":"https:\/\/ladraa.com\/fr\/printemps-ete\/#breadcrumb","itemListElement":[{"@type":"ListItem","position":1,"name":"Accueil","item":"https:\/\/ladraa.com\/fr\/"},{"@type":"ListItem","position":2,"name":"Printemps \u00c9t\u00e9"}]},{"@type":"WebSite","@id":"https:\/\/ladraa.com\/fr\/#website","url":"https:\/\/ladraa.com\/fr\/","name":"LADRAA","description":"Moroccan fashion &amp; traditional brand","publisher":{"@id":"https:\/\/ladraa.com\/fr\/#organization"},"potentialAction":[{"@type":"SearchAction","target":{"@type":"EntryPoint","urlTemplate":"https:\/\/ladraa.com\/fr\/?s={search_term_string}"},"query-input":{"@type":"PropertyValueSpecification","valueRequired":true,"valueName":"search_term_string"}}],"inLanguage":"fr-FR"},{"@type":"Organization","@id":"https:\/\/ladraa.com\/fr\/#organization","name":"LADRAA","url":"https:\/\/ladraa.com\/fr\/","logo":{"@type":"ImageObject","inLanguage":"fr-FR","@id":"https:\/\/ladraa.com\/fr\/#\/schema\/logo\/image\/","url":"https:\/\/ladraa.com\/wp-content\/uploads\/2022\/04\/Ladraa-Logo-B.png","contentUrl":"https:\/\/ladraa.com\/wp-content\/uploads\/2022\/04\/Ladraa-Logo-B.png","width":3829,"height":1427,"caption":"LADRAA"},"image":{"@id":"https:\/\/ladraa.com\/fr\/#\/schema\/logo\/image\/"},"sameAs":["https:\/\/facebook.com\/Ladraaofficial","https:\/\/instagram.com\/ladraa_","https:\/\/pinterest.com\/Ladraaofficial\/"]}]}},"_links":{"self":[{"href":"https:\/\/ladraa.com\/fr\/wp-json\/wp\/v2\/pages\/3459","targetHints":{"allow":["GET"]}}],"collection":[{"href":"https:\/\/ladraa.com\/fr\/wp-json\/wp\/v2\/pages"}],"about":[{"href":"https:\/\/ladraa.com\/fr\/wp-json\/wp\/v2\/types\/page"}],"author":[{"embeddable":true,"href":"https:\/\/ladraa.com\/fr\/wp-json\/wp\/v2\/users\/2"}],"replies":[{"embeddable":true,"href":"https:\/\/ladraa.com\/fr\/wp-json\/wp\/v2\/comments?post=3459"}],"version-history":[{"count":9,"href":"https:\/\/ladraa.com\/fr\/wp-json\/wp\/v2\/pages\/3459\/revisions"}],"predecessor-version":[{"id":3542,"href":"https:\/\/ladraa.com\/fr\/wp-json\/wp\/v2\/pages\/3459\/revisions\/3542"}],"wp:attachment":[{"href":"https:\/\/ladraa.com\/fr\/wp-json\/wp\/v2\/media?parent=3459"}],"curies":[{"name":"wp","href":"https:\/\/api.w.org\/{rel}","templated":true}]}}