{"id":3455,"date":"2022-06-21T13:31:18","date_gmt":"2022-06-21T12:31:18","guid":{"rendered":"https:\/\/ladraa.com\/politique-de-retours-et-paiements\/"},"modified":"2022-07-14T15:07:29","modified_gmt":"2022-07-14T14:07:29","slug":"politique-de-retours-et-paiements","status":"publish","type":"page","link":"https:\/\/ladraa.com\/fr\/politique-de-retours-et-paiements\/","title":{"rendered":"Politique de Retours et Paiements"},"content":{"rendered":"\r\n\r\n\r\n<h3>Aper\u00e7u<\/h3>\r\n\r\n\r\n\r\n<p>Nos produits sont non remboursables et non \u00e9changeables.<\/p>\r\n<h2>Les \u00e9changes<\/h2>\r\n<p>Nous n&#8217;\u00e9changeons les marchandises que si elles sont d\u00e9fectueuses ou endommag\u00e9es. Dans les circonstances o\u00f9 vous consid\u00e9rez qu&#8217;un produit est d\u00e9fectueux, vous devez nous contacter rapidement \u00e0 <a href=\"mailto:contact@ladraa.com\">contact@ladraa.com<\/a> avec les d\u00e9tails du produit et du d\u00e9faut.<\/p>\r\n<p>Notre politique d&#8217;\u00e9change dure 30 jours. Si 30 jours se sont \u00e9coul\u00e9s depuis votre achat, nous ne pouvons pas vous offrir un \u00e9change.<\/p>\r\n\r\n\r\n\r\n<p>Pour \u00eatre admissible \u00e0 un retour, votre article doit \u00eatre inutilis\u00e9 et dans le m\u00eame \u00e9tat que vous l&#8217;avez re\u00e7u. Il doit \u00e9galement \u00eatre dans son emballage d&#8217;origine.<\/p>\r\n<p>Vous pouvez envoyer l&#8217;article que vous consid\u00e9rez comme d\u00e9fectueux \u00e0 :<br \/><strong>15 Boulevard Khouribga<\/strong><br \/><strong>R\u00e9sidence Nasr A, Appt 45, 6\u00e8me \u00e9tage<\/strong><br \/><strong>20000 Casablanca &#8211; Maroc<br \/><\/strong><\/p>\r\n<p>D\u00e8s r\u00e9ception du produit retourn\u00e9, nous l&#8217;examinerons enti\u00e8rement et vous informerons par e-mail, dans un d\u00e9lai raisonnable, si vous avez droit \u00e0 un remplacement en raison du d\u00e9faut. Si vous \u00eates \u00e9ligible, nous vous enverrons un produit de remplacement.<\/p>\r\n\r\n\r\n\r\n\r\n\r\n<p>Veuillez ne pas nous renvoyer votre achat \u00e0 moins que vous nous en informiez d&#8217;abord par e-mail.<\/p>\r\n<p>Les articles sold\u00e9s ne peuvent pas \u00eatre \u00e9chang\u00e9s.<\/p>\r\n\r\n\r\n\r\n\r\n\r\n<h2>Paiements<\/h2>\r\n\r\n\r\n\r\n<p>Nous acceptons les moyens de paiement suivants : VIREMENT BANCAIRE, PAYPAL, et A LA LIVRAISON, ce dernier uniquement au Maroc.<\/p>\r\n<p>Veuillez noter que dans les rares cas o\u00f9 le paiement n&#8217;a pas \u00e9t\u00e9 trait\u00e9 instantan\u00e9ment, votre commande sera mise en attente pendant 14 jours pendant que nous attendons de recevoir le paiement.<\/p>\r\n<p>Au-del\u00e0 de ce d\u00e9lai, votre commande sera annul\u00e9e et les articles remis en stock.<\/p>\r\n\r\n\r\n\r\n\r\n\r\n\r\n\r\n<h2>Exp\u00e9dition &amp; Retours<\/h2>\r\n<p>Nos produits sont exp\u00e9di\u00e9s depuis le Maroc, g\u00e9n\u00e9ralement, votre commande sera trait\u00e9e dans un d\u00e9lai de 1 \u00e0 3 jours apr\u00e8s r\u00e9ception de votre paiement.<\/p>\r\n<p>Les frais de livraison sont offerts au Maroc.<\/p>\r\n<p>Votre envoi arrivera via AMANA. Les d\u00e9tails d&#8217;exp\u00e9dition de votre colis vous seront envoy\u00e9s par e-mail lorsque votre commande et vos articles seront exp\u00e9di\u00e9s.<\/p>\r\n\r\n\r\n\r\n<p>Pour retourner votre produit, vous devez envoyer votre produit \u00e0 :<\/p>\r\n<p><strong>15 Boulevard Khouribga<\/strong><br \/><strong>R\u00e9sidence Nasr A, Appt 45, 6\u00e8me \u00e9tage<\/strong><br \/><strong>20000 Casablanca &#8211; Maroc<\/strong><\/p>\r\n\r\n\r\n\r\n<p>Vous serez responsable de payer vos propres frais d&#8217;exp\u00e9dition pour le retour de votre article. Les frais d&#8217;exp\u00e9dition ne sont pas remboursables.<\/p>\r\n\r\n\r\n\r\n<p>Selon l&#8217;endroit o\u00f9 vous vivez, le temps n\u00e9cessaire pour que votre produit \u00e9chang\u00e9 vous parvienne peut varier.<\/p>\r\n\r\n\r\n\r\n<p>Si vous retournez des articles plus chers, vous pouvez envisager d&#8217;utiliser un service d&#8217;exp\u00e9dition tra\u00e7able ou de souscrire une assurance d&#8217;exp\u00e9dition. Nous ne garantissons pas que nous recevrons votre article retourn\u00e9.<\/p>\r\n\r\n\r\n\r\n<h2>Besoin d&#8217;aide ?<\/h2>\r\n\r\n\r\n\r\n<p>Contactez-nous \u00e0 <a href=\"mailto:contact@ladraa.com\">contact@ladraa.com<\/a> pour toute question relative \u00e0 l&#8217;exp\u00e9dition et aux retours.<\/p>\r\n","protected":false},"excerpt":{"rendered":"<p>Aper\u00e7u Nos produits sont non remboursables et non \u00e9changeables. Les \u00e9changes Nous n&#8217;\u00e9changeons les marchandises&hellip;<\/p>\n","protected":false},"author":2,"featured_media":0,"parent":0,"menu_order":0,"comment_status":"closed","ping_status":"closed","template":"","meta":{"footnotes":""},"class_list":["post-3455","page","type-page","status-publish","hentry"],"yoast_head":"<!-- This site is optimized with the Yoast SEO plugin v24.7 - https:\/\/yoast.com\/wordpress\/plugins\/seo\/ -->\n<title>Politique de Retours et Paiements | Habits traditionnels marocains | LADRAA<\/title>\n<meta name=\"description\" content=\"D\u00e9couvrez Politique de Retours et Paiements par LADRAA, marque originale qui combine la mode, l&#039;art et les v\u00eatements traditionnels marocains.\" \/>\n<meta name=\"robots\" content=\"index, follow, max-snippet:-1, max-image-preview:large, max-video-preview:-1\" \/>\n<link rel=\"canonical\" href=\"https:\/\/ladraa.com\/fr\/politique-de-retours-et-paiements\/\" \/>\n<meta property=\"og:locale\" content=\"fr_FR\" \/>\n<meta property=\"og:type\" content=\"article\" \/>\n<meta property=\"og:title\" content=\"Politique de Retours et Paiements | Habits traditionnels marocains | LADRAA\" \/>\n<meta property=\"og:description\" content=\"D\u00e9couvrez Politique de Retours et Paiements par LADRAA, marque originale qui combine la mode, l&#039;art et les v\u00eatements traditionnels marocains.\" \/>\n<meta property=\"og:url\" content=\"https:\/\/ladraa.com\/fr\/politique-de-retours-et-paiements\/\" \/>\n<meta property=\"og:site_name\" content=\"LADRAA\" \/>\n<meta property=\"article:publisher\" content=\"https:\/\/facebook.com\/Ladraaofficial\" \/>\n<meta property=\"article:modified_time\" content=\"2022-07-14T14:07:29+00:00\" \/>\n<meta name=\"twitter:card\" content=\"summary_large_image\" \/>\n<meta name=\"twitter:label1\" content=\"Dur\u00e9e de lecture estim\u00e9e\" \/>\n\t<meta name=\"twitter:data1\" content=\"2 minutes\" \/>\n<script type=\"application\/ld+json\" class=\"yoast-schema-graph\">{\"@context\":\"https:\/\/schema.org\",\"@graph\":[{\"@type\":\"WebPage\",\"@id\":\"https:\/\/ladraa.com\/fr\/politique-de-retours-et-paiements\/\",\"url\":\"https:\/\/ladraa.com\/fr\/politique-de-retours-et-paiements\/\",\"name\":\"Politique de Retours et Paiements | Habits traditionnels marocains | LADRAA\",\"isPartOf\":{\"@id\":\"https:\/\/ladraa.com\/fr\/#website\"},\"datePublished\":\"2022-06-21T12:31:18+00:00\",\"dateModified\":\"2022-07-14T14:07:29+00:00\",\"description\":\"D\u00e9couvrez Politique de Retours et Paiements par LADRAA, marque originale qui combine la mode, l'art et les v\u00eatements traditionnels marocains.\",\"breadcrumb\":{\"@id\":\"https:\/\/ladraa.com\/fr\/politique-de-retours-et-paiements\/#breadcrumb\"},\"inLanguage\":\"fr-FR\",\"potentialAction\":[{\"@type\":\"ReadAction\",\"target\":[\"https:\/\/ladraa.com\/fr\/politique-de-retours-et-paiements\/\"]}]},{\"@type\":\"BreadcrumbList\",\"@id\":\"https:\/\/ladraa.com\/fr\/politique-de-retours-et-paiements\/#breadcrumb\",\"itemListElement\":[{\"@type\":\"ListItem\",\"position\":1,\"name\":\"Accueil\",\"item\":\"https:\/\/ladraa.com\/fr\/\"},{\"@type\":\"ListItem\",\"position\":2,\"name\":\"Politique de Retours et Paiements\"}]},{\"@type\":\"WebSite\",\"@id\":\"https:\/\/ladraa.com\/fr\/#website\",\"url\":\"https:\/\/ladraa.com\/fr\/\",\"name\":\"LADRAA\",\"description\":\"Moroccan fashion &amp; traditional brand\",\"publisher\":{\"@id\":\"https:\/\/ladraa.com\/fr\/#organization\"},\"potentialAction\":[{\"@type\":\"SearchAction\",\"target\":{\"@type\":\"EntryPoint\",\"urlTemplate\":\"https:\/\/ladraa.com\/fr\/?s={search_term_string}\"},\"query-input\":{\"@type\":\"PropertyValueSpecification\",\"valueRequired\":true,\"valueName\":\"search_term_string\"}}],\"inLanguage\":\"fr-FR\"},{\"@type\":\"Organization\",\"@id\":\"https:\/\/ladraa.com\/fr\/#organization\",\"name\":\"LADRAA\",\"url\":\"https:\/\/ladraa.com\/fr\/\",\"logo\":{\"@type\":\"ImageObject\",\"inLanguage\":\"fr-FR\",\"@id\":\"https:\/\/ladraa.com\/fr\/#\/schema\/logo\/image\/\",\"url\":\"https:\/\/ladraa.com\/wp-content\/uploads\/2022\/04\/Ladraa-Logo-B.png\",\"contentUrl\":\"https:\/\/ladraa.com\/wp-content\/uploads\/2022\/04\/Ladraa-Logo-B.png\",\"width\":3829,\"height\":1427,\"caption\":\"LADRAA\"},\"image\":{\"@id\":\"https:\/\/ladraa.com\/fr\/#\/schema\/logo\/image\/\"},\"sameAs\":[\"https:\/\/facebook.com\/Ladraaofficial\",\"https:\/\/instagram.com\/ladraa_\",\"https:\/\/pinterest.com\/Ladraaofficial\/\"]}]}<\/script>\n<!-- \/ Yoast SEO plugin. -->","yoast_head_json":{"title":"Politique de Retours et Paiements | Habits traditionnels marocains | LADRAA","description":"D\u00e9couvrez Politique de Retours et Paiements par LADRAA, marque originale qui combine la mode, l'art et les v\u00eatements traditionnels marocains.","robots":{"index":"index","follow":"follow","max-snippet":"max-snippet:-1","max-image-preview":"max-image-preview:large","max-video-preview":"max-video-preview:-1"},"canonical":"https:\/\/ladraa.com\/fr\/politique-de-retours-et-paiements\/","og_locale":"fr_FR","og_type":"article","og_title":"Politique de Retours et Paiements | Habits traditionnels marocains | LADRAA","og_description":"D\u00e9couvrez Politique de Retours et Paiements par LADRAA, marque originale qui combine la mode, l'art et les v\u00eatements traditionnels marocains.","og_url":"https:\/\/ladraa.com\/fr\/politique-de-retours-et-paiements\/","og_site_name":"LADRAA","article_publisher":"https:\/\/facebook.com\/Ladraaofficial","article_modified_time":"2022-07-14T14:07:29+00:00","twitter_card":"summary_large_image","twitter_misc":{"Dur\u00e9e de lecture estim\u00e9e":"2 minutes"},"schema":{"@context":"https:\/\/schema.org","@graph":[{"@type":"WebPage","@id":"https:\/\/ladraa.com\/fr\/politique-de-retours-et-paiements\/","url":"https:\/\/ladraa.com\/fr\/politique-de-retours-et-paiements\/","name":"Politique de Retours et Paiements | Habits traditionnels marocains | LADRAA","isPartOf":{"@id":"https:\/\/ladraa.com\/fr\/#website"},"datePublished":"2022-06-21T12:31:18+00:00","dateModified":"2022-07-14T14:07:29+00:00","description":"D\u00e9couvrez Politique de Retours et Paiements par LADRAA, marque originale qui combine la mode, l'art et les v\u00eatements traditionnels marocains.","breadcrumb":{"@id":"https:\/\/ladraa.com\/fr\/politique-de-retours-et-paiements\/#breadcrumb"},"inLanguage":"fr-FR","potentialAction":[{"@type":"ReadAction","target":["https:\/\/ladraa.com\/fr\/politique-de-retours-et-paiements\/"]}]},{"@type":"BreadcrumbList","@id":"https:\/\/ladraa.com\/fr\/politique-de-retours-et-paiements\/#breadcrumb","itemListElement":[{"@type":"ListItem","position":1,"name":"Accueil","item":"https:\/\/ladraa.com\/fr\/"},{"@type":"ListItem","position":2,"name":"Politique de Retours et Paiements"}]},{"@type":"WebSite","@id":"https:\/\/ladraa.com\/fr\/#website","url":"https:\/\/ladraa.com\/fr\/","name":"LADRAA","description":"Moroccan fashion &amp; traditional brand","publisher":{"@id":"https:\/\/ladraa.com\/fr\/#organization"},"potentialAction":[{"@type":"SearchAction","target":{"@type":"EntryPoint","urlTemplate":"https:\/\/ladraa.com\/fr\/?s={search_term_string}"},"query-input":{"@type":"PropertyValueSpecification","valueRequired":true,"valueName":"search_term_string"}}],"inLanguage":"fr-FR"},{"@type":"Organization","@id":"https:\/\/ladraa.com\/fr\/#organization","name":"LADRAA","url":"https:\/\/ladraa.com\/fr\/","logo":{"@type":"ImageObject","inLanguage":"fr-FR","@id":"https:\/\/ladraa.com\/fr\/#\/schema\/logo\/image\/","url":"https:\/\/ladraa.com\/wp-content\/uploads\/2022\/04\/Ladraa-Logo-B.png","contentUrl":"https:\/\/ladraa.com\/wp-content\/uploads\/2022\/04\/Ladraa-Logo-B.png","width":3829,"height":1427,"caption":"LADRAA"},"image":{"@id":"https:\/\/ladraa.com\/fr\/#\/schema\/logo\/image\/"},"sameAs":["https:\/\/facebook.com\/Ladraaofficial","https:\/\/instagram.com\/ladraa_","https:\/\/pinterest.com\/Ladraaofficial\/"]}]}},"_links":{"self":[{"href":"https:\/\/ladraa.com\/fr\/wp-json\/wp\/v2\/pages\/3455","targetHints":{"allow":["GET"]}}],"collection":[{"href":"https:\/\/ladraa.com\/fr\/wp-json\/wp\/v2\/pages"}],"about":[{"href":"https:\/\/ladraa.com\/fr\/wp-json\/wp\/v2\/types\/page"}],"author":[{"embeddable":true,"href":"https:\/\/ladraa.com\/fr\/wp-json\/wp\/v2\/users\/2"}],"replies":[{"embeddable":true,"href":"https:\/\/ladraa.com\/fr\/wp-json\/wp\/v2\/comments?post=3455"}],"version-history":[{"count":3,"href":"https:\/\/ladraa.com\/fr\/wp-json\/wp\/v2\/pages\/3455\/revisions"}],"predecessor-version":[{"id":3458,"href":"https:\/\/ladraa.com\/fr\/wp-json\/wp\/v2\/pages\/3455\/revisions\/3458"}],"wp:attachment":[{"href":"https:\/\/ladraa.com\/fr\/wp-json\/wp\/v2\/media?parent=3455"}],"curies":[{"name":"wp","href":"https:\/\/api.w.org\/{rel}","templated":true}]}}