{"id":3438,"date":"2022-06-01T09:09:45","date_gmt":"2022-06-01T08:09:45","guid":{"rendered":"https:\/\/ladraa.com\/caftan\/"},"modified":"2022-07-15T17:43:56","modified_gmt":"2022-07-15T16:43:56","slug":"caftan","status":"publish","type":"page","link":"https:\/\/ladraa.com\/fr\/caftan\/","title":{"rendered":"Caftan"},"content":{"rendered":"<p>[vc_row][vc_column]\n\t\t\t<!-- START Caftan REVOLUTION SLIDER 6.5.19 --><p class=\"rs-p-wp-fix\"><\/p>\n\t\t\t<rs-module-wrap id=\"rev_slider_6_1_wrapper\" data-source=\"gallery\" style=\"visibility:hidden;background:#f1f2f4;padding:0;\">\n\t\t\t\t<rs-module id=\"rev_slider_6_1\" style=\"\" data-version=\"6.5.19\">\n\t\t\t\t\t<rs-slides>\n\t\t\t\t\t\t<rs-slide style=\"position: absolute;\" data-key=\"rs-16\" data-title=\"White Sneakers\" data-thumb=\"\/\/ladraa.com\/wp-content\/uploads\/2022\/06\/ladraa-caftan-morocco-fashion-design-dress-kimono-beachwear-fashioweek-jellaba-tailormade-slider-1-100x50.png\" data-in=\"o:0;\" data-out=\"a:false;\">\n\t\t\t\t\t\t\t<img loading=\"lazy\" decoding=\"async\" src=\"\/\/ladraa.com\/wp-content\/plugins\/revslider\/public\/assets\/assets\/dummy.png\" alt=\"ladraa-caftan-morocco-fashion-design-dress-kimono-beachwear-fashioweek-jellaba-tailormade\" title=\"ladraa-caftan-morocco-fashion-design-dress-kimono-beachwear-fashioweek-jellaba-tailormade-slider-1\" width=\"2500\" height=\"1500\" class=\"rev-slidebg tp-rs-img rs-lazyload\" data-lazyload=\"\/\/ladraa.com\/wp-content\/uploads\/2022\/06\/ladraa-caftan-morocco-fashion-design-dress-kimono-beachwear-fashioweek-jellaba-tailormade-slider-1.png\" data-no-retina>\n<!--\n\t\t\t\t\t\t\t--><rs-layer\n\t\t\t\t\t\t\t\tid=\"slider-6-slide-16-layer-0\" \n\t\t\t\t\t\t\t\tdata-type=\"image\"\n\t\t\t\t\t\t\t\tdata-rsp_ch=\"on\"\n\t\t\t\t\t\t\t\tdata-xy=\"x:l,l,l,c;xo:50px,29px,22px,0;y:t,t,t,m;yo:65px,38px,28px,0;\"\n\t\t\t\t\t\t\t\tdata-text=\"w:normal;s:20,11,8,4;l:0,14,10,6;\"\n\t\t\t\t\t\t\t\tdata-dim=\"w:300px,178px,135px,583px;h:180px,107px,81px,874px;\"\n\t\t\t\t\t\t\t\tdata-vbility=\"f,f,f,t\"\n\t\t\t\t\t\t\t\tdata-frame_999=\"o:0;st:w;\"\n\t\t\t\t\t\t\t\tstyle=\"z-index:5;\"\n\t\t\t\t\t\t\t><img loading=\"lazy\" decoding=\"async\" src=\"\/\/ladraa.com\/wp-content\/plugins\/revslider\/public\/assets\/assets\/dummy.png\" alt=\"ladraa-caftan-morocco-fashion-design-dress-kimono-beachwear-fashioweek-jellaba-haute couture\" class=\"tp-rs-img rs-lazyload\" width=\"1707\" height=\"2560\" data-lazyload=\"\/\/ladraa.com\/wp-content\/uploads\/2022\/06\/ladraa-caftan-morocco-fashion-design-dress-kimono-beachwear-fashioweek-jellaba-haute-couture-38.jpg\" data-no-retina> \n\t\t\t\t\t\t\t<\/rs-layer><!--\n-->\t\t\t\t\t\t<\/rs-slide>\n\t\t\t\t\t\t<rs-slide style=\"position: absolute;\" data-key=\"rs-15\" data-title=\"New Arrilvals\" data-thumb=\"\/\/ladraa.com\/wp-content\/uploads\/2022\/06\/ladraa-caftan-morocco-fashion-design-dress-kimono-beachwear-fashioweek-jellaba-tailormade-slider-2-100x50.jpg\" data-in=\"o:0;\" data-out=\"a:false;\">\n\t\t\t\t\t\t\t<img loading=\"lazy\" decoding=\"async\" src=\"\/\/ladraa.com\/wp-content\/plugins\/revslider\/public\/assets\/assets\/dummy.png\" alt=\"ladraa-caftan-morocco-fashion-design-dress-kimono-beachwear-fashioweek-jellaba-tailormade\" title=\"ladraa-caftan-morocco-fashion-design-dress-kimono-beachwear-fashioweek-jellaba-tailormade-slider-2\" width=\"2500\" height=\"1500\" class=\"rev-slidebg tp-rs-img rs-lazyload\" data-lazyload=\"\/\/ladraa.com\/wp-content\/uploads\/2022\/06\/ladraa-caftan-morocco-fashion-design-dress-kimono-beachwear-fashioweek-jellaba-tailormade-slider-2.jpg\" data-no-retina>\n<!--\n\t\t\t\t\t\t\t--><rs-layer\n\t\t\t\t\t\t\t\tid=\"slider-6-slide-15-layer-1\" \n\t\t\t\t\t\t\t\tdata-type=\"image\"\n\t\t\t\t\t\t\t\tdata-rsp_ch=\"on\"\n\t\t\t\t\t\t\t\tdata-xy=\"x:l,l,l,c;xo:50px,29px,22px,0;y:t,t,t,m;yo:50px,29px,22px,0;\"\n\t\t\t\t\t\t\t\tdata-text=\"w:normal;s:20,11,8,4;l:0,14,10,6;\"\n\t\t\t\t\t\t\t\tdata-dim=\"w:300px,178px,135px,583px;h:180px,107px,81px,874px;\"\n\t\t\t\t\t\t\t\tdata-vbility=\"f,f,f,t\"\n\t\t\t\t\t\t\t\tdata-frame_999=\"o:0;st:w;\"\n\t\t\t\t\t\t\t\tstyle=\"z-index:5;\"\n\t\t\t\t\t\t\t><img loading=\"lazy\" decoding=\"async\" src=\"\/\/ladraa.com\/wp-content\/plugins\/revslider\/public\/assets\/assets\/dummy.png\" alt=\"ladraa-caftan-morocco-fashion-design-dress-kimono-beachwear-fashioweek-jellaba-haute couture\" class=\"tp-rs-img rs-lazyload\" width=\"1707\" height=\"2560\" data-lazyload=\"\/\/ladraa.com\/wp-content\/uploads\/2022\/06\/ladraa-caftan-morocco-fashion-design-dress-kimono-beachwear-fashioweek-jellaba-haute-couture-1-scaled.jpg\" data-no-retina> \n\t\t\t\t\t\t\t<\/rs-layer><!--\n-->\t\t\t\t\t\t<\/rs-slide>\n\t\t\t\t\t\t<rs-slide style=\"position: absolute;\" data-key=\"rs-17\" data-title=\"Linen Collection\" data-thumb=\"\/\/ladraa.com\/wp-content\/uploads\/2022\/06\/ladraa-caftan-morocco-fashion-design-dress-kimono-beachwear-fashioweek-jellaba-tailormade-slider-3-100x50.png\" data-in=\"o:0;\" data-out=\"a:false;\">\n\t\t\t\t\t\t\t<img loading=\"lazy\" decoding=\"async\" src=\"\/\/ladraa.com\/wp-content\/plugins\/revslider\/public\/assets\/assets\/dummy.png\" alt=\"ladraa-caftan-morocco-fashion-design-dress-kimono-beachwear-fashioweek-jellaba-tailormade\" title=\"ladraa-caftan-morocco-fashion-design-dress-kimono-beachwear-fashioweek-jellaba-tailormade-slider-3\" width=\"2500\" height=\"1500\" class=\"rev-slidebg tp-rs-img rs-lazyload\" data-lazyload=\"\/\/ladraa.com\/wp-content\/uploads\/2022\/06\/ladraa-caftan-morocco-fashion-design-dress-kimono-beachwear-fashioweek-jellaba-tailormade-slider-3.png\" data-no-retina>\n<!--\n\t\t\t\t\t\t\t--><rs-layer\n\t\t\t\t\t\t\t\tid=\"slider-6-slide-17-layer-2\" \n\t\t\t\t\t\t\t\tdata-type=\"image\"\n\t\t\t\t\t\t\t\tdata-rsp_ch=\"on\"\n\t\t\t\t\t\t\t\tdata-xy=\"x:l,l,l,c;xo:50px,29px,22px,0;y:t,t,t,m;yo:50px,29px,22px,0;\"\n\t\t\t\t\t\t\t\tdata-text=\"w:normal;s:20,11,8,4;l:0,14,10,6;\"\n\t\t\t\t\t\t\t\tdata-dim=\"w:300px,178px,135px,583px;h:180px,107px,81px,874px;\"\n\t\t\t\t\t\t\t\tdata-vbility=\"f,f,f,t\"\n\t\t\t\t\t\t\t\tdata-frame_999=\"o:0;st:w;\"\n\t\t\t\t\t\t\t\tstyle=\"z-index:5;\"\n\t\t\t\t\t\t\t><img loading=\"lazy\" decoding=\"async\" src=\"\/\/ladraa.com\/wp-content\/plugins\/revslider\/public\/assets\/assets\/dummy.png\" alt=\"ladraa-caftan-morocco-fashion-design-dress-kimono-beachwear-fashioweek-jellaba-haute couture\" class=\"tp-rs-img rs-lazyload\" width=\"1707\" height=\"2560\" data-lazyload=\"\/\/ladraa.com\/wp-content\/uploads\/2022\/06\/ladraa-caftan-morocco-fashion-design-dress-kimono-beachwear-fashioweek-jellaba-haute-couture-37.jpg\" data-no-retina> \n\t\t\t\t\t\t\t<\/rs-layer><!--\n-->\t\t\t\t\t\t<\/rs-slide>\n\t\t\t\t\t<\/rs-slides>\n\t\t\t\t\t<rs-static-layers><!--\n\n\t\t\t\t\t\t\t--><h1\n\t\t\t\t\t\t\t\tid=\"slider-6-slide-6-layer-5\" \n\t\t\t\t\t\t\t\tclass=\"rs-layer sofia-pro-font sober_title_layer rs-layer-static\"\n\t\t\t\t\t\t\t\tdata-type=\"text\"\n\t\t\t\t\t\t\t\tdata-rsp_ch=\"on\"\n\t\t\t\t\t\t\t\tdata-xy=\"x:c;y:m;\"\n\t\t\t\t\t\t\t\tdata-text=\"w:nowrap,nowrap,nowrap,normal;s:64,64,64,50;l:90,90,90,50;fw:900,300,300,400;a:center;\"\n\t\t\t\t\t\t\t\tdata-dim=\"w:auto,auto,auto,361px;\"\n\t\t\t\t\t\t\t\tdata-onslides=\"s:1;\"\n\t\t\t\t\t\t\t\tdata-border=\"bos:solid;boc:#ffffff;bow:0,0,3px,0;\"\n\t\t\t\t\t\t\t\tdata-frame_0=\"y:-50px;\"\n\t\t\t\t\t\t\t\tdata-frame_1=\"e:power4.out;st:1000;sp:1200;\"\n\t\t\t\t\t\t\t\tdata-frame_999=\"st:w;sp:900;auto:true;\"\n\t\t\t\t\t\t\t\tdata-frame_999_mask=\"u:t;\"\n\t\t\t\t\t\t\t\tstyle=\"z-index:10;font-family:'Roboto';\"\n\t\t\t\t\t\t\t>CAFTAN \n\t\t\t\t\t\t\t<\/h1><!--\n\n\t\t\t\t\t\t\t--><h2\n\t\t\t\t\t\t\t\tid=\"slider-6-slide-6-layer-7\" \n\t\t\t\t\t\t\t\tclass=\"rs-layer sofia-pro-font sober_title_layer rs-layer-static\"\n\t\t\t\t\t\t\t\tdata-type=\"text\"\n\t\t\t\t\t\t\t\tdata-rsp_ch=\"on\"\n\t\t\t\t\t\t\t\tdata-xy=\"x:c;y:m;yo:100px,13px,21px,80px;\"\n\t\t\t\t\t\t\t\tdata-text=\"w:normal,normal,normal,normal;s:48,48,40,30;l:50,50,50,40;fw:900,300,300,400;a:center;\"\n\t\t\t\t\t\t\t\tdata-dim=\"w:1126px,912px,686px,361px;\"\n\t\t\t\t\t\t\t\tdata-onslides=\"s:1;\"\n\t\t\t\t\t\t\t\tdata-frame_0=\"y:-50px;\"\n\t\t\t\t\t\t\t\tdata-frame_1=\"e:power4.out;st:1000;sp:1200;\"\n\t\t\t\t\t\t\t\tdata-frame_999=\"st:w;sp:900;auto:true;\"\n\t\t\t\t\t\t\t\tdata-frame_999_mask=\"u:t;\"\n\t\t\t\t\t\t\t\tstyle=\"z-index:9;font-family:'Roboto';\"\n\t\t\t\t\t\t\t>Making the inaccessible accessible \n\t\t\t\t\t\t\t<\/h2><!--\n\n\t\t\t\t\t\t\t--><p\n\t\t\t\t\t\t\t\tid=\"slider-6-slide-6-layer-9\" \n\t\t\t\t\t\t\t\tclass=\"rs-layer rs-layer-static\"\n\t\t\t\t\t\t\t\tdata-type=\"text\"\n\t\t\t\t\t\t\t\tdata-rsp_ch=\"on\"\n\t\t\t\t\t\t\t\tdata-xy=\"x:c;y:m;yo:205px,524px,648px,205px;\"\n\t\t\t\t\t\t\t\tdata-text=\"w:normal;s:24,21,22,20;l:30,29,28,25;fw:300;a:center;\"\n\t\t\t\t\t\t\t\tdata-dim=\"w:1090px,889px,765px,396px;\"\n\t\t\t\t\t\t\t\tdata-onslides=\"s:1;\"\n\t\t\t\t\t\t\t\tdata-frame_999=\"o:0;st:w;\"\n\t\t\t\t\t\t\t\tstyle=\"z-index:11;font-family:'Roboto';\"\n\t\t\t\t\t\t\t>Through Our \u201cCaftan Haute couture\u201d line we aspire to reinvent the high fashion industry of Caftan making. Ladraa is an artist that creates tirelessly day and night, Design relevant pieces for a hive range audience, and granting all your wishes.  \n\t\t\t\t\t\t\t<\/p><!--\n\n\t\t\t\t\t\t\t--><rs-layer\n\t\t\t\t\t\t\t\tid=\"slider-6-slide-6-layer-10\" \n\t\t\t\t\t\t\t\tclass=\"rs-layer-static\"\n\t\t\t\t\t\t\t\tdata-type=\"shape\"\n\t\t\t\t\t\t\t\tdata-rsp_ch=\"on\"\n\t\t\t\t\t\t\t\tdata-xy=\"x:c;y:m;\"\n\t\t\t\t\t\t\t\tdata-text=\"w:normal;s:20,11,8,4;l:0,14,10,6;\"\n\t\t\t\t\t\t\t\tdata-dim=\"w:100%;h:100%;\"\n\t\t\t\t\t\t\t\tdata-basealign=\"slide\"\n\t\t\t\t\t\t\t\tdata-onslides=\"s:1;\"\n\t\t\t\t\t\t\t\tdata-frame_999=\"o:0;st:w;\"\n\t\t\t\t\t\t\t\tstyle=\"z-index:8;background-color:rgba(0,0,0,0.3);\"\n\t\t\t\t\t\t\t> \n\t\t\t\t\t\t\t<\/rs-layer><!--\n\t\t\t\t\t--><\/rs-static-layers>\n\t\t\t\t<\/rs-module>\n\t\t\t\t<script>\n\t\t\t\t\tsetREVStartSize({c: 'rev_slider_6_1',rl:[1240,1024,778,480],el:[980,768,960,720],gw:[1720,1024,778,480],gh:[980,768,960,720],type:'standard',justify:'',layout:'fullscreen',offsetContainer:'#wpadminbar, #topbar',offset:'',mh:\"0\"});if (window.RS_MODULES!==undefined && window.RS_MODULES.modules!==undefined && window.RS_MODULES.modules[\"revslider61\"]!==undefined) {window.RS_MODULES.modules[\"revslider61\"].once = false;window.revapi6 = undefined;if (window.RS_MODULES.checkMinimal!==undefined) window.RS_MODULES.checkMinimal()}\n\t\t\t\t<\/script>\n\t\t\t<\/rs-module-wrap>\n\t\t\t<!-- END REVOLUTION SLIDER -->\n[\/vc_column][\/vc_row][vc_row full_width=&#8221;stretch_row&#8221; disable_element=&#8221;yes&#8221;][vc_column width=&#8221;2\/3&#8243; offset=&#8221;vc_col-lg-offset-2 vc_col-lg-8 vc_col-md-offset-0 vc_col-md-12 vc_col-sm-offset-0&#8243;]<div class=\"sober-empty-space \" style=\"height: 20px\"><\/div>[vc_empty_space height=&#8221;60px&#8221;][vc_column_text]<\/p>\n<p style=\"text-align: center;\">Lors de votre premi\u00e8re visite \u00e0 l&#8217;atelier de Ladraa, nous prenons vos mesures et notons vos directives. Nous visons \u00e0 rester fid\u00e8les \u00e0 vos fantasmes et pr\u00e9f\u00e9rences, en tenant compte de votre morphologie et en vous offrant la meilleure exp\u00e9rience. D\u00e9dier une ligne \u00e0 la haute couture est non seulement une passion mais aussi une responsabilit\u00e9 en tant que cr\u00e9ateur de mode, pour nourrir notre client\u00e8le qui d\u00e9couvrirait, appr\u00e9cierait et pourquoi pas tomberait amoureuse d&#8217;un style de mode diff\u00e9rent dans un pays o\u00f9 le Caftan est roi.<\/p>\n<p>[\/vc_column_text]<div class=\"sober-empty-space \" style=\"height: 30px\"><\/div>[\/vc_column][\/vc_row][vc_row full_width=&#8221;stretch_row&#8221; gap=&#8221;30&#8243; content_placement=&#8221;middle&#8221;][vc_column]<div class=\"sober-empty-space \" style=\"height: 40px\"><\/div>[vc_column_text]<\/p>\n<p style=\"text-align: center;\">Lors de votre premi\u00e8re visite \u00e0 l&#8217;atelier de Ladraa, nous prenons vos mesures et notons vos directives. Nous visons \u00e0 rester fid\u00e8les \u00e0 vos fantasmes et pr\u00e9f\u00e9rences, en tenant compte de votre morphologie et en vous offrant la meilleure exp\u00e9rience. D\u00e9dier une ligne \u00e0 la haute couture est non seulement une passion mais aussi une responsabilit\u00e9 en tant que cr\u00e9ateur de mode, pour nourrir notre client\u00e8le qui d\u00e9couvrirait, appr\u00e9cierait et pourquoi pas tomberait amoureuse d&#8217;un style de mode diff\u00e9rent dans un pays o\u00f9 le Caftan est roi.<\/p>\n<p>[\/vc_column_text]<div class=\"sober-empty-space \" style=\"height: 20px\"><\/div>[\/vc_column][\/vc_row][vc_row gap=&#8221;30&#8243; equal_height=&#8221;yes&#8221; content_placement=&#8221;middle&#8221;][vc_column width=&#8221;1\/3&#8243;][vc_single_image image=&#8221;2716&#8243; img_size=&#8221;full&#8221;][vc_empty_space height=&#8221;20px&#8221;][\/vc_column][vc_column width=&#8221;1\/3&#8243;][vc_single_image image=&#8221;2717&#8243; img_size=&#8221;full&#8221;][vc_empty_space height=&#8221;20px&#8221;][\/vc_column][vc_column width=&#8221;1\/3&#8243;][vc_single_image image=&#8221;2956&#8243; img_size=&#8221;full&#8221;][vc_empty_space height=&#8221;20px&#8221;][\/vc_column][\/vc_row][vc_row][vc_column]<div class=\"sober-empty-space \" style=\"height: 20px\"><\/div>[\/vc_column][\/vc_row][vc_row gap=&#8221;30&#8243; equal_height=&#8221;yes&#8221; content_placement=&#8221;middle&#8221;][vc_column width=&#8221;1\/3&#8243;][vc_empty_space height=&#8221;20px&#8221;][\/vc_column][vc_column width=&#8221;1\/3&#8243;][vc_column_text]<\/p>\n<h2 style=\"text-align: center;\">CONTACTEZ NOUS<\/h2>\n<p>[\/vc_column_text][vc_empty_space height=&#8221;20px&#8221;][vc_column_text]<\/p>\n<p style=\"text-align: center;\">Contactez-nous via le formulaire ci-dessous, nous vous appellerons pour planifier une heure et une date pour votre session individuelle avec LADRAA.<\/p>\n<p>[\/vc_column_text][vc_empty_space height=&#8221;20px&#8221;]\n<div class=\"wpcf7 no-js\" id=\"wpcf7-f3442-o1\" lang=\"fr-FR\" dir=\"ltr\">\n<div class=\"screen-reader-response\"><p role=\"status\" aria-live=\"polite\" aria-atomic=\"true\"><\/p> <ul><\/ul><\/div>\n<form action=\"\/fr\/wp-json\/wp\/v2\/pages\/3438#wpcf7-f3442-o1\" method=\"post\" class=\"wpcf7-form init\" aria-label=\"Formulaire de contact\" novalidate=\"novalidate\" data-status=\"init\">\n<div style=\"display: none;\">\n<input type=\"hidden\" name=\"_wpcf7\" value=\"3442\" \/>\n<input type=\"hidden\" name=\"_wpcf7_version\" value=\"5.7.4\" \/>\n<input type=\"hidden\" name=\"_wpcf7_locale\" value=\"fr_FR\" \/>\n<input type=\"hidden\" name=\"_wpcf7_unit_tag\" value=\"wpcf7-f3442-o1\" \/>\n<input type=\"hidden\" name=\"_wpcf7_container_post\" value=\"0\" \/>\n<input type=\"hidden\" name=\"_wpcf7_posted_data_hash\" value=\"\" \/>\n<input type=\"hidden\" name=\"_wpcf7_recaptcha_response\" value=\"\" \/>\n<\/div>\n<p><span class=\"wpcf7-form-control-wrap\" data-name=\"your-name\"><input size=\"40\" class=\"wpcf7-form-control wpcf7-text wpcf7-validates-as-required\" aria-required=\"true\" aria-invalid=\"false\" placeholder=\"Nom\" value=\"\" type=\"text\" name=\"your-name\" \/><\/span>\n<\/p>\n<p><span class=\"wpcf7-form-control-wrap\" data-name=\"your-email\"><input size=\"40\" class=\"wpcf7-form-control wpcf7-text wpcf7-email wpcf7-validates-as-required wpcf7-validates-as-email\" aria-required=\"true\" aria-invalid=\"false\" placeholder=\"Email\" value=\"\" type=\"email\" name=\"your-email\" \/><\/span>\n<\/p>\n<p><span class=\"wpcf7-form-control-wrap\" data-name=\"your-phone\"><input size=\"40\" class=\"wpcf7-form-control wpcf7-text wpcf7-tel wpcf7-validates-as-required wpcf7-validates-as-tel\" aria-required=\"true\" aria-invalid=\"false\" placeholder=\"T\u00e9l\u00e9phone\" value=\"\" type=\"tel\" name=\"your-phone\" \/><\/span>\n<\/p>\n<p><span class=\"wpcf7-form-control-wrap\" data-name=\"your-message\"><textarea cols=\"40\" rows=\"10\" class=\"wpcf7-form-control wpcf7-textarea\" aria-invalid=\"false\" placeholder=\"Message\" name=\"your-message\"><\/textarea><\/span>\n<\/p>\n<p><input class=\"wpcf7-form-control has-spinner wpcf7-submit button\" type=\"submit\" value=\"Envoyer\" \/>\n<\/p><div class=\"wpcf7-response-output\" aria-hidden=\"true\"><\/div>\n<\/form>\n<\/div>\n[\/vc_column][vc_column width=&#8221;1\/3&#8243;][vc_empty_space height=&#8221;20px&#8221;][\/vc_column][\/vc_row][vc_row gap=&#8221;30&#8243; equal_height=&#8221;yes&#8221; content_placement=&#8221;middle&#8221;][vc_column width=&#8221;1\/3&#8243;][vc_empty_space height=&#8221;20px&#8221;][vc_single_image image=&#8221;2954&#8243; img_size=&#8221;full&#8221;][\/vc_column][vc_column width=&#8221;1\/3&#8243;][vc_empty_space height=&#8221;20px&#8221;][vc_single_image image=&#8221;2955&#8243; img_size=&#8221;full&#8221;][\/vc_column][vc_column width=&#8221;1\/3&#8243;][vc_empty_space height=&#8221;20px&#8221;][vc_single_image image=&#8221;2715&#8243; img_size=&#8221;full&#8221;][\/vc_column][\/vc_row][vc_row][vc_column][vc_empty_space height=&#8221;60px&#8221;][\/vc_column][\/vc_row]<\/p>\n","protected":false},"excerpt":{"rendered":"<p>[vc_row][vc_column][\/vc_column][\/vc_row][vc_row full_width=&#8221;stretch_row&#8221; disable_element=&#8221;yes&#8221;][vc_column width=&#8221;2\/3&#8243; offset=&#8221;vc_col-lg-offset-2 vc_col-lg-8 vc_col-md-offset-0 vc_col-md-12 vc_col-sm-offset-0&#8243;][vc_empty_space height=&#8221;60px&#8221;][vc_column_text] Lors de votre premi\u00e8re visite&hellip;<\/p>\n","protected":false},"author":2,"featured_media":0,"parent":0,"menu_order":0,"comment_status":"closed","ping_status":"closed","template":"templates\/homepage.php","meta":{"footnotes":""},"class_list":["post-3438","page","type-page","status-publish","hentry"],"yoast_head":"<!-- This site is optimized with the Yoast SEO plugin v24.7 - https:\/\/yoast.com\/wordpress\/plugins\/seo\/ -->\n<title>Caftan | Habits traditionnels marocains | LADRAA<\/title>\n<meta name=\"description\" content=\"D\u00e9couvrez Caftan par LADRAA, marque originale qui combine la mode, l&#039;art et les v\u00eatements traditionnels marocains.\" \/>\n<meta name=\"robots\" content=\"index, follow, max-snippet:-1, max-image-preview:large, max-video-preview:-1\" \/>\n<link rel=\"canonical\" href=\"https:\/\/ladraa.com\/fr\/caftan\/\" \/>\n<meta property=\"og:locale\" content=\"fr_FR\" \/>\n<meta property=\"og:type\" content=\"article\" \/>\n<meta property=\"og:title\" content=\"Caftan | Habits traditionnels marocains | LADRAA\" \/>\n<meta property=\"og:description\" content=\"D\u00e9couvrez Caftan par LADRAA, marque originale qui combine la mode, l&#039;art et les v\u00eatements traditionnels marocains.\" \/>\n<meta property=\"og:url\" content=\"https:\/\/ladraa.com\/fr\/caftan\/\" \/>\n<meta property=\"og:site_name\" content=\"LADRAA\" \/>\n<meta property=\"article:publisher\" content=\"https:\/\/facebook.com\/Ladraaofficial\" \/>\n<meta property=\"article:modified_time\" content=\"2022-07-15T16:43:56+00:00\" \/>\n<meta name=\"twitter:card\" content=\"summary_large_image\" \/>\n<meta name=\"twitter:label1\" content=\"Dur\u00e9e de lecture estim\u00e9e\" \/>\n\t<meta name=\"twitter:data1\" content=\"3 minutes\" \/>\n<script type=\"application\/ld+json\" class=\"yoast-schema-graph\">{\"@context\":\"https:\/\/schema.org\",\"@graph\":[{\"@type\":\"WebPage\",\"@id\":\"https:\/\/ladraa.com\/fr\/caftan\/\",\"url\":\"https:\/\/ladraa.com\/fr\/caftan\/\",\"name\":\"Caftan | Habits traditionnels marocains | LADRAA\",\"isPartOf\":{\"@id\":\"https:\/\/ladraa.com\/fr\/#website\"},\"datePublished\":\"2022-06-01T08:09:45+00:00\",\"dateModified\":\"2022-07-15T16:43:56+00:00\",\"description\":\"D\u00e9couvrez Caftan par LADRAA, marque originale qui combine la mode, l'art et les v\u00eatements traditionnels marocains.\",\"breadcrumb\":{\"@id\":\"https:\/\/ladraa.com\/fr\/caftan\/#breadcrumb\"},\"inLanguage\":\"fr-FR\",\"potentialAction\":[{\"@type\":\"ReadAction\",\"target\":[\"https:\/\/ladraa.com\/fr\/caftan\/\"]}]},{\"@type\":\"BreadcrumbList\",\"@id\":\"https:\/\/ladraa.com\/fr\/caftan\/#breadcrumb\",\"itemListElement\":[{\"@type\":\"ListItem\",\"position\":1,\"name\":\"Accueil\",\"item\":\"https:\/\/ladraa.com\/fr\/\"},{\"@type\":\"ListItem\",\"position\":2,\"name\":\"Caftan\"}]},{\"@type\":\"WebSite\",\"@id\":\"https:\/\/ladraa.com\/fr\/#website\",\"url\":\"https:\/\/ladraa.com\/fr\/\",\"name\":\"LADRAA\",\"description\":\"Moroccan fashion &amp; traditional brand\",\"publisher\":{\"@id\":\"https:\/\/ladraa.com\/fr\/#organization\"},\"potentialAction\":[{\"@type\":\"SearchAction\",\"target\":{\"@type\":\"EntryPoint\",\"urlTemplate\":\"https:\/\/ladraa.com\/fr\/?s={search_term_string}\"},\"query-input\":{\"@type\":\"PropertyValueSpecification\",\"valueRequired\":true,\"valueName\":\"search_term_string\"}}],\"inLanguage\":\"fr-FR\"},{\"@type\":\"Organization\",\"@id\":\"https:\/\/ladraa.com\/fr\/#organization\",\"name\":\"LADRAA\",\"url\":\"https:\/\/ladraa.com\/fr\/\",\"logo\":{\"@type\":\"ImageObject\",\"inLanguage\":\"fr-FR\",\"@id\":\"https:\/\/ladraa.com\/fr\/#\/schema\/logo\/image\/\",\"url\":\"https:\/\/ladraa.com\/wp-content\/uploads\/2022\/04\/Ladraa-Logo-B.png\",\"contentUrl\":\"https:\/\/ladraa.com\/wp-content\/uploads\/2022\/04\/Ladraa-Logo-B.png\",\"width\":3829,\"height\":1427,\"caption\":\"LADRAA\"},\"image\":{\"@id\":\"https:\/\/ladraa.com\/fr\/#\/schema\/logo\/image\/\"},\"sameAs\":[\"https:\/\/facebook.com\/Ladraaofficial\",\"https:\/\/instagram.com\/ladraa_\",\"https:\/\/pinterest.com\/Ladraaofficial\/\"]}]}<\/script>\n<!-- \/ Yoast SEO plugin. -->","yoast_head_json":{"title":"Caftan | Habits traditionnels marocains | LADRAA","description":"D\u00e9couvrez Caftan par LADRAA, marque originale qui combine la mode, l'art et les v\u00eatements traditionnels marocains.","robots":{"index":"index","follow":"follow","max-snippet":"max-snippet:-1","max-image-preview":"max-image-preview:large","max-video-preview":"max-video-preview:-1"},"canonical":"https:\/\/ladraa.com\/fr\/caftan\/","og_locale":"fr_FR","og_type":"article","og_title":"Caftan | Habits traditionnels marocains | LADRAA","og_description":"D\u00e9couvrez Caftan par LADRAA, marque originale qui combine la mode, l'art et les v\u00eatements traditionnels marocains.","og_url":"https:\/\/ladraa.com\/fr\/caftan\/","og_site_name":"LADRAA","article_publisher":"https:\/\/facebook.com\/Ladraaofficial","article_modified_time":"2022-07-15T16:43:56+00:00","twitter_card":"summary_large_image","twitter_misc":{"Dur\u00e9e de lecture estim\u00e9e":"3 minutes"},"schema":{"@context":"https:\/\/schema.org","@graph":[{"@type":"WebPage","@id":"https:\/\/ladraa.com\/fr\/caftan\/","url":"https:\/\/ladraa.com\/fr\/caftan\/","name":"Caftan | Habits traditionnels marocains | LADRAA","isPartOf":{"@id":"https:\/\/ladraa.com\/fr\/#website"},"datePublished":"2022-06-01T08:09:45+00:00","dateModified":"2022-07-15T16:43:56+00:00","description":"D\u00e9couvrez Caftan par LADRAA, marque originale qui combine la mode, l'art et les v\u00eatements traditionnels marocains.","breadcrumb":{"@id":"https:\/\/ladraa.com\/fr\/caftan\/#breadcrumb"},"inLanguage":"fr-FR","potentialAction":[{"@type":"ReadAction","target":["https:\/\/ladraa.com\/fr\/caftan\/"]}]},{"@type":"BreadcrumbList","@id":"https:\/\/ladraa.com\/fr\/caftan\/#breadcrumb","itemListElement":[{"@type":"ListItem","position":1,"name":"Accueil","item":"https:\/\/ladraa.com\/fr\/"},{"@type":"ListItem","position":2,"name":"Caftan"}]},{"@type":"WebSite","@id":"https:\/\/ladraa.com\/fr\/#website","url":"https:\/\/ladraa.com\/fr\/","name":"LADRAA","description":"Moroccan fashion &amp; traditional brand","publisher":{"@id":"https:\/\/ladraa.com\/fr\/#organization"},"potentialAction":[{"@type":"SearchAction","target":{"@type":"EntryPoint","urlTemplate":"https:\/\/ladraa.com\/fr\/?s={search_term_string}"},"query-input":{"@type":"PropertyValueSpecification","valueRequired":true,"valueName":"search_term_string"}}],"inLanguage":"fr-FR"},{"@type":"Organization","@id":"https:\/\/ladraa.com\/fr\/#organization","name":"LADRAA","url":"https:\/\/ladraa.com\/fr\/","logo":{"@type":"ImageObject","inLanguage":"fr-FR","@id":"https:\/\/ladraa.com\/fr\/#\/schema\/logo\/image\/","url":"https:\/\/ladraa.com\/wp-content\/uploads\/2022\/04\/Ladraa-Logo-B.png","contentUrl":"https:\/\/ladraa.com\/wp-content\/uploads\/2022\/04\/Ladraa-Logo-B.png","width":3829,"height":1427,"caption":"LADRAA"},"image":{"@id":"https:\/\/ladraa.com\/fr\/#\/schema\/logo\/image\/"},"sameAs":["https:\/\/facebook.com\/Ladraaofficial","https:\/\/instagram.com\/ladraa_","https:\/\/pinterest.com\/Ladraaofficial\/"]}]}},"_links":{"self":[{"href":"https:\/\/ladraa.com\/fr\/wp-json\/wp\/v2\/pages\/3438","targetHints":{"allow":["GET"]}}],"collection":[{"href":"https:\/\/ladraa.com\/fr\/wp-json\/wp\/v2\/pages"}],"about":[{"href":"https:\/\/ladraa.com\/fr\/wp-json\/wp\/v2\/types\/page"}],"author":[{"embeddable":true,"href":"https:\/\/ladraa.com\/fr\/wp-json\/wp\/v2\/users\/2"}],"replies":[{"embeddable":true,"href":"https:\/\/ladraa.com\/fr\/wp-json\/wp\/v2\/comments?post=3438"}],"version-history":[{"count":8,"href":"https:\/\/ladraa.com\/fr\/wp-json\/wp\/v2\/pages\/3438\/revisions"}],"predecessor-version":[{"id":3528,"href":"https:\/\/ladraa.com\/fr\/wp-json\/wp\/v2\/pages\/3438\/revisions\/3528"}],"wp:attachment":[{"href":"https:\/\/ladraa.com\/fr\/wp-json\/wp\/v2\/media?parent=3438"}],"curies":[{"name":"wp","href":"https:\/\/api.w.org\/{rel}","templated":true}]}}