{"id":3430,"date":"2016-08-23T04:15:21","date_gmt":"2016-08-23T03:15:21","guid":{"rendered":"https:\/\/ladraa.com\/a-propos\/"},"modified":"2022-07-15T17:41:12","modified_gmt":"2022-07-15T16:41:12","slug":"a-propos","status":"publish","type":"page","link":"https:\/\/ladraa.com\/fr\/a-propos\/","title":{"rendered":"A propos"},"content":{"rendered":"<p>[vc_row full_width=&#8221;stretch_row&#8221; full_height=&#8221;yes&#8221; css=&#8221;.vc_custom_1654077306726{background-image: url(http:\/\/ladraa.com\/wp-content\/uploads\/2022\/05\/ladraa-caftan-morocco-fashion-design-dress-kimono-beachwear-fashioweek-jellaba-about.jpg?id=2649) !important;}&#8221;][vc_column width=&#8221;2\/3&#8243; offset=&#8221;vc_col-lg-offset-2 vc_col-lg-8 vc_col-md-offset-0 vc_col-md-12 vc_col-sm-offset-0&#8243;]<div class=\"sober-empty-space \" aria-hidden=\"true\"><div class=\"sober-empty-space__xs visible-xs\" style=\"height:150px\"><\/div><div class=\"sober-empty-space__sm visible-sm\" style=\"height:200px\"><\/div><div class=\"sober-empty-space__md visible-md\" style=\"height:200px\"><\/div><div class=\"sober-empty-space__lg visible-lg\" style=\"height:200px\"><\/div><\/div>[vc_single_image image=&#8221;2731&#8243; img_size=&#8221;200&#215;200&#8243; alignment=&#8221;center&#8221; style=&#8221;vc_box_circle&#8221;][vc_column_text]<\/p>\n<h1 style=\"text-align: center; color: #fff;\">A PROPOS<\/h1>\n<p>[\/vc_column_text][vc_separator color=&#8221;white&#8221; border_width=&#8221;3&#8243; el_width=&#8221;30&#8243; css=&#8221;.vc_custom_1653583685140{padding-top: 10px !important;padding-bottom: 10px !important;}&#8221;][vc_empty_space height=&#8221;10px&#8221;][vc_column_text]<\/p>\n<p style=\"text-align: center; color: #ffffff;\">Mouad Ladraa est le fondateur de LADRAA, un concept original qui allie mode, cr\u00e9ation, tradition avec style et \u00e9l\u00e9gance. Artiste autodidacte, il est passionn\u00e9 de mode depuis son plus jeune \u00e2ge, ce qui l&#8217;a inspir\u00e9 \u00e0 poursuivre un baccalaur\u00e9at \u00e0 l&#8217;\u00e9cole de design et d&#8217;arts visuels de casablanca, avec une sp\u00e9cialisation en design d&#8217;int\u00e9rieur. Dans le m\u00eame temps, Mouad Ladra a fond\u00e9 sa marque \u00e0 seulement 21 ans. Sa marque a \u00e9t\u00e9 cr\u00e9\u00e9e \u00e0 casablanca en 2015, et compte \u00e0 ce jour une \u00e9quipe de 5 personnes. LADRAA est une marque de cr\u00e9ation de v\u00eatements \u00e9cologique et r\u00e9volutionnaire. Une marque qui est n\u00e9e, a grandi et s&#8217;est d\u00e9velopp\u00e9e au Maroc, mais destin\u00e9e \u00e0 un public marocain et international. G\u00e9n\u00e9ralement, LADRAA est un voyage vers la d\u00e9construction, la construction et la reconstruction de la beaut\u00e9, une reconsid\u00e9ration de la normalit\u00e9 dans un monde anormal.<\/p>\n<p>[\/vc_column_text][vc_empty_space height=&#8221;30px&#8221;][vc_empty_space height=&#8221;60px&#8221;][\/vc_column][\/vc_row][vc_row disable_element=&#8221;yes&#8221;][vc_column][vc_empty_space height=&#8221;50px&#8221;][vc_column_text]<\/p>\n<h2 style=\"text-align: center; text-transform: uppercase;\"><b>L&#8217;\u00e9quipe<\/b><\/h2>\n<p>[\/vc_column_text][vc_empty_space height=&#8221;10px&#8221;][\/vc_column][\/vc_row][vc_row disable_element=&#8221;yes&#8221;][vc_column][vc_tta_pageable no_fill_content_area=&#8221;true&#8221; active_section=&#8221;1&#8243; pagination_style=&#8221;flat-rounded&#8221; pagination_color=&#8221;black&#8221; tab_position=&#8221;top&#8221;][vc_tta_section title=&#8221;Section&#8221; tab_id=&#8221;1654090186433-dae9b07f-a59ff81c-9aa2&#8243;][vc_single_image image=&#8221;2763&#8243; img_size=&#8221;200&#215;200&#8243; alignment=&#8221;center&#8221; style=&#8221;vc_box_circle&#8221;][vc_column_text]<\/p>\n<blockquote>\n<p style=\"text-align: center;\">Lorem ipsum dolor sit amet, consectetur adipiscing elit, sed do eiusmod tempor incididunt ut labore et dolore magna aliqua. Ut enim ad minim veniam, quis nostrud exercitation ullamco laboris nisi ut aliquip ex ea commodo consequat.<\/p>\n<p style=\"text-align: center;\"><b>Najlaa Raghni <\/b>&#8211; Chef d&#8217;atelier<\/p>\n<\/blockquote>\n<p>[\/vc_column_text][\/vc_tta_section][\/vc_tta_pageable][\/vc_column][\/vc_row][vc_row disable_element=&#8221;yes&#8221;][vc_column][vc_empty_space height=&#8221;60px&#8221;][\/vc_column][\/vc_row]<\/p>\n","protected":false},"excerpt":{"rendered":"<p>[vc_row full_width=&#8221;stretch_row&#8221; full_height=&#8221;yes&#8221; css=&#8221;.vc_custom_1654077306726{background-image: url(http:\/\/ladraa.com\/wp-content\/uploads\/2022\/05\/ladraa-caftan-morocco-fashion-design-dress-kimono-beachwear-fashioweek-jellaba-about.jpg?id=2649) !important;}&#8221;][vc_column width=&#8221;2\/3&#8243; offset=&#8221;vc_col-lg-offset-2 vc_col-lg-8 vc_col-md-offset-0 vc_col-md-12 vc_col-sm-offset-0&#8243;][vc_single_image image=&#8221;2731&#8243; img_size=&#8221;200&#215;200&#8243; alignment=&#8221;center&#8221;&hellip;<\/p>\n","protected":false},"author":2,"featured_media":0,"parent":0,"menu_order":0,"comment_status":"closed","ping_status":"closed","template":"templates\/homepage.php","meta":{"footnotes":""},"class_list":["post-3430","page","type-page","status-publish","hentry"],"yoast_head":"<!-- This site is optimized with the Yoast SEO plugin v24.7 - https:\/\/yoast.com\/wordpress\/plugins\/seo\/ -->\n<title>A propos | Habits traditionnels marocains | LADRAA<\/title>\n<meta name=\"description\" content=\"A propos, par LADRAA, une marque originale qui combine la mode, l&#039;art et v\u00eatements traditionnels marocains.\" \/>\n<meta name=\"robots\" content=\"index, follow, max-snippet:-1, max-image-preview:large, max-video-preview:-1\" \/>\n<link rel=\"canonical\" href=\"https:\/\/ladraa.com\/fr\/a-propos\/\" \/>\n<meta property=\"og:locale\" content=\"fr_FR\" \/>\n<meta property=\"og:type\" content=\"article\" \/>\n<meta property=\"og:title\" content=\"A propos | Habits traditionnels marocains | LADRAA\" \/>\n<meta property=\"og:description\" content=\"A propos, par LADRAA, une marque originale qui combine la mode, l&#039;art et v\u00eatements traditionnels marocains.\" \/>\n<meta property=\"og:url\" content=\"https:\/\/ladraa.com\/fr\/a-propos\/\" \/>\n<meta property=\"og:site_name\" content=\"LADRAA\" \/>\n<meta property=\"article:publisher\" content=\"https:\/\/facebook.com\/Ladraaofficial\" \/>\n<meta property=\"article:modified_time\" content=\"2022-07-15T16:41:12+00:00\" \/>\n<meta name=\"twitter:card\" content=\"summary_large_image\" \/>\n<meta name=\"twitter:label1\" content=\"Dur\u00e9e de lecture estim\u00e9e\" \/>\n\t<meta name=\"twitter:data1\" content=\"2 minutes\" \/>\n<script type=\"application\/ld+json\" class=\"yoast-schema-graph\">{\"@context\":\"https:\/\/schema.org\",\"@graph\":[{\"@type\":\"WebPage\",\"@id\":\"https:\/\/ladraa.com\/fr\/a-propos\/\",\"url\":\"https:\/\/ladraa.com\/fr\/a-propos\/\",\"name\":\"A propos | Habits traditionnels marocains | LADRAA\",\"isPartOf\":{\"@id\":\"https:\/\/ladraa.com\/fr\/#website\"},\"datePublished\":\"2016-08-23T03:15:21+00:00\",\"dateModified\":\"2022-07-15T16:41:12+00:00\",\"description\":\"A propos, par LADRAA, une marque originale qui combine la mode, l'art et v\u00eatements traditionnels marocains.\",\"breadcrumb\":{\"@id\":\"https:\/\/ladraa.com\/fr\/a-propos\/#breadcrumb\"},\"inLanguage\":\"fr-FR\",\"potentialAction\":[{\"@type\":\"ReadAction\",\"target\":[\"https:\/\/ladraa.com\/fr\/a-propos\/\"]}]},{\"@type\":\"BreadcrumbList\",\"@id\":\"https:\/\/ladraa.com\/fr\/a-propos\/#breadcrumb\",\"itemListElement\":[{\"@type\":\"ListItem\",\"position\":1,\"name\":\"Accueil\",\"item\":\"https:\/\/ladraa.com\/fr\/\"},{\"@type\":\"ListItem\",\"position\":2,\"name\":\"A propos\"}]},{\"@type\":\"WebSite\",\"@id\":\"https:\/\/ladraa.com\/fr\/#website\",\"url\":\"https:\/\/ladraa.com\/fr\/\",\"name\":\"LADRAA\",\"description\":\"Moroccan fashion &amp; traditional brand\",\"publisher\":{\"@id\":\"https:\/\/ladraa.com\/fr\/#organization\"},\"potentialAction\":[{\"@type\":\"SearchAction\",\"target\":{\"@type\":\"EntryPoint\",\"urlTemplate\":\"https:\/\/ladraa.com\/fr\/?s={search_term_string}\"},\"query-input\":{\"@type\":\"PropertyValueSpecification\",\"valueRequired\":true,\"valueName\":\"search_term_string\"}}],\"inLanguage\":\"fr-FR\"},{\"@type\":\"Organization\",\"@id\":\"https:\/\/ladraa.com\/fr\/#organization\",\"name\":\"LADRAA\",\"url\":\"https:\/\/ladraa.com\/fr\/\",\"logo\":{\"@type\":\"ImageObject\",\"inLanguage\":\"fr-FR\",\"@id\":\"https:\/\/ladraa.com\/fr\/#\/schema\/logo\/image\/\",\"url\":\"https:\/\/ladraa.com\/wp-content\/uploads\/2022\/04\/Ladraa-Logo-B.png\",\"contentUrl\":\"https:\/\/ladraa.com\/wp-content\/uploads\/2022\/04\/Ladraa-Logo-B.png\",\"width\":3829,\"height\":1427,\"caption\":\"LADRAA\"},\"image\":{\"@id\":\"https:\/\/ladraa.com\/fr\/#\/schema\/logo\/image\/\"},\"sameAs\":[\"https:\/\/facebook.com\/Ladraaofficial\",\"https:\/\/instagram.com\/ladraa_\",\"https:\/\/pinterest.com\/Ladraaofficial\/\"]}]}<\/script>\n<!-- \/ Yoast SEO plugin. -->","yoast_head_json":{"title":"A propos | Habits traditionnels marocains | LADRAA","description":"A propos, par LADRAA, une marque originale qui combine la mode, l'art et v\u00eatements traditionnels marocains.","robots":{"index":"index","follow":"follow","max-snippet":"max-snippet:-1","max-image-preview":"max-image-preview:large","max-video-preview":"max-video-preview:-1"},"canonical":"https:\/\/ladraa.com\/fr\/a-propos\/","og_locale":"fr_FR","og_type":"article","og_title":"A propos | Habits traditionnels marocains | LADRAA","og_description":"A propos, par LADRAA, une marque originale qui combine la mode, l'art et v\u00eatements traditionnels marocains.","og_url":"https:\/\/ladraa.com\/fr\/a-propos\/","og_site_name":"LADRAA","article_publisher":"https:\/\/facebook.com\/Ladraaofficial","article_modified_time":"2022-07-15T16:41:12+00:00","twitter_card":"summary_large_image","twitter_misc":{"Dur\u00e9e de lecture estim\u00e9e":"2 minutes"},"schema":{"@context":"https:\/\/schema.org","@graph":[{"@type":"WebPage","@id":"https:\/\/ladraa.com\/fr\/a-propos\/","url":"https:\/\/ladraa.com\/fr\/a-propos\/","name":"A propos | Habits traditionnels marocains | LADRAA","isPartOf":{"@id":"https:\/\/ladraa.com\/fr\/#website"},"datePublished":"2016-08-23T03:15:21+00:00","dateModified":"2022-07-15T16:41:12+00:00","description":"A propos, par LADRAA, une marque originale qui combine la mode, l'art et v\u00eatements traditionnels marocains.","breadcrumb":{"@id":"https:\/\/ladraa.com\/fr\/a-propos\/#breadcrumb"},"inLanguage":"fr-FR","potentialAction":[{"@type":"ReadAction","target":["https:\/\/ladraa.com\/fr\/a-propos\/"]}]},{"@type":"BreadcrumbList","@id":"https:\/\/ladraa.com\/fr\/a-propos\/#breadcrumb","itemListElement":[{"@type":"ListItem","position":1,"name":"Accueil","item":"https:\/\/ladraa.com\/fr\/"},{"@type":"ListItem","position":2,"name":"A propos"}]},{"@type":"WebSite","@id":"https:\/\/ladraa.com\/fr\/#website","url":"https:\/\/ladraa.com\/fr\/","name":"LADRAA","description":"Moroccan fashion &amp; traditional brand","publisher":{"@id":"https:\/\/ladraa.com\/fr\/#organization"},"potentialAction":[{"@type":"SearchAction","target":{"@type":"EntryPoint","urlTemplate":"https:\/\/ladraa.com\/fr\/?s={search_term_string}"},"query-input":{"@type":"PropertyValueSpecification","valueRequired":true,"valueName":"search_term_string"}}],"inLanguage":"fr-FR"},{"@type":"Organization","@id":"https:\/\/ladraa.com\/fr\/#organization","name":"LADRAA","url":"https:\/\/ladraa.com\/fr\/","logo":{"@type":"ImageObject","inLanguage":"fr-FR","@id":"https:\/\/ladraa.com\/fr\/#\/schema\/logo\/image\/","url":"https:\/\/ladraa.com\/wp-content\/uploads\/2022\/04\/Ladraa-Logo-B.png","contentUrl":"https:\/\/ladraa.com\/wp-content\/uploads\/2022\/04\/Ladraa-Logo-B.png","width":3829,"height":1427,"caption":"LADRAA"},"image":{"@id":"https:\/\/ladraa.com\/fr\/#\/schema\/logo\/image\/"},"sameAs":["https:\/\/facebook.com\/Ladraaofficial","https:\/\/instagram.com\/ladraa_","https:\/\/pinterest.com\/Ladraaofficial\/"]}]}},"_links":{"self":[{"href":"https:\/\/ladraa.com\/fr\/wp-json\/wp\/v2\/pages\/3430","targetHints":{"allow":["GET"]}}],"collection":[{"href":"https:\/\/ladraa.com\/fr\/wp-json\/wp\/v2\/pages"}],"about":[{"href":"https:\/\/ladraa.com\/fr\/wp-json\/wp\/v2\/types\/page"}],"author":[{"embeddable":true,"href":"https:\/\/ladraa.com\/fr\/wp-json\/wp\/v2\/users\/2"}],"replies":[{"embeddable":true,"href":"https:\/\/ladraa.com\/fr\/wp-json\/wp\/v2\/comments?post=3430"}],"version-history":[{"count":4,"href":"https:\/\/ladraa.com\/fr\/wp-json\/wp\/v2\/pages\/3430\/revisions"}],"predecessor-version":[{"id":3518,"href":"https:\/\/ladraa.com\/fr\/wp-json\/wp\/v2\/pages\/3430\/revisions\/3518"}],"wp:attachment":[{"href":"https:\/\/ladraa.com\/fr\/wp-json\/wp\/v2\/media?parent=3430"}],"curies":[{"name":"wp","href":"https:\/\/api.w.org\/{rel}","templated":true}]}}